{"id":15936,"date":"2025-01-17T10:02:37","date_gmt":"2025-01-17T10:02:37","guid":{"rendered":"https:\/\/promochaudiere.be\/produit\/duco-unite-ventilation-d-ducobox-energy-comfort-plus-d350-00004704\/"},"modified":"2026-02-03T18:17:21","modified_gmt":"2026-02-03T17:17:21","slug":"duco-unite-ventilation-d-ducobox-energy-comfort-plus-d350-00004704","status":"publish","type":"product","link":"https:\/\/promochaudiere.be\/nl\/product\/duco-unite-ventilation-d-ducobox-energy-comfort-plus-d350-00004704\/","title":{"rendered":"Duco unit\u00e9 ventilation D Ducobox energy comfort plus D350 00004704"},"content":{"rendered":"<p>Cette unit\u00e9 de ventilation DucoBox Energy Comfort est con\u00e7ue pour assurer une ventilation efficace et intelligente des espaces int\u00e9rieurs. Elle r\u00e9gule automatiquement le d\u00e9bit d\u2019air en fonction des besoins, offrant ainsi une solution \u00e9conome en \u00e9nergie et performante. Son fonctionnement silencieux permet un confort maximal sans nuisance sonore. Gr\u00e2ce \u00e0 sa conception compacte, elle s\u2019int\u00e8gre facilement dans les espaces r\u00e9duits. Un choix parfait pour optimiser la qualit\u00e9 de l\u2019air int\u00e9rieur. Id\u00e9ale pour les habitations et bureaux souhaitant une ventilation performante.<\/p>","protected":false},"excerpt":{"rendered":"<p>Duco unit\u00e9 ventilation D Ducobox energy comfort plus D350 00004704<\/p>","protected":false},"featured_media":20745,"comment_status":"open","ping_status":"closed","template":"","meta":[],"product_brand":[],"product_cat":[10887],"product_tag":[],"class_list":{"0":"post-15936","1":"product","2":"type-product","3":"status-publish","4":"has-post-thumbnail","6":"product_cat-unite-type-d-duco","7":"pa_marque-duco","9":"first","10":"instock","11":"sale","12":"taxable","13":"shipping-taxable","14":"purchasable","15":"product-type-simple"},"aioseo_notices":[],"_links":{"self":[{"href":"https:\/\/promochaudiere.be\/nl\/wp-json\/wp\/v2\/product\/15936","targetHints":{"allow":["GET"]}}],"collection":[{"href":"https:\/\/promochaudiere.be\/nl\/wp-json\/wp\/v2\/product"}],"about":[{"href":"https:\/\/promochaudiere.be\/nl\/wp-json\/wp\/v2\/types\/product"}],"replies":[{"embeddable":true,"href":"https:\/\/promochaudiere.be\/nl\/wp-json\/wp\/v2\/comments?post=15936"}],"version-history":[{"count":2,"href":"https:\/\/promochaudiere.be\/nl\/wp-json\/wp\/v2\/product\/15936\/revisions"}],"predecessor-version":[{"id":44418,"href":"https:\/\/promochaudiere.be\/nl\/wp-json\/wp\/v2\/product\/15936\/revisions\/44418"}],"wp:featuredmedia":[{"embeddable":true,"href":"https:\/\/promochaudiere.be\/nl\/wp-json\/wp\/v2\/media\/20745"}],"wp:attachment":[{"href":"https:\/\/promochaudiere.be\/nl\/wp-json\/wp\/v2\/media?parent=15936"}],"wp:term":[{"taxonomy":"product_brand","embeddable":true,"href":"https:\/\/promochaudiere.be\/nl\/wp-json\/wp\/v2\/product_brand?post=15936"},{"taxonomy":"product_cat","embeddable":true,"href":"https:\/\/promochaudiere.be\/nl\/wp-json\/wp\/v2\/product_cat?post=15936"},{"taxonomy":"product_tag","embeddable":true,"href":"https:\/\/promochaudiere.be\/nl\/wp-json\/wp\/v2\/product_tag?post=15936"}],"curies":[{"name":"wp","href":"https:\/\/api.w.org\/{rel}","templated":true}]}}