{"id":15940,"date":"2025-01-17T10:02:38","date_gmt":"2025-01-17T10:02:38","guid":{"rendered":"https:\/\/promochaudiere.be\/produit\/vasco-unite-de-ventilation-d425-a-recuperation-de-chaleur-rf-commutateur-11ve00045\/"},"modified":"2026-02-03T19:40:19","modified_gmt":"2026-02-03T18:40:19","slug":"vasco-unite-de-ventilation-d425-a-recuperation-de-chaleur-rf-commutateur-11ve00045","status":"publish","type":"product","link":"https:\/\/promochaudiere.be\/nl\/product\/vasco-unite-de-ventilation-d425-a-recuperation-de-chaleur-rf-commutateur-11ve00045\/","title":{"rendered":"Vasco unit\u00e9 de ventilation D425 \u00e0 r\u00e9cup\u00e9ration de chaleur + RF commutateur 11VE00045"},"content":{"rendered":"<p>Cette unit\u00e9 de ventilation Vasco D425 est con\u00e7ue pour offrir un renouvellement d\u2019air optimal avec r\u00e9cup\u00e9ration de chaleur. Elle am\u00e9liore le confort thermique en limitant les pertes \u00e9nerg\u00e9tiques. Son moteur silencieux et \u00e9conome en \u00e9nergie assure une performance durable. Facile \u00e0 installer, elle s\u2019adapte aux besoins des habitations modernes. Un choix parfait pour une qualit\u00e9 d\u2019air sup\u00e9rieure.<\/p>","protected":false},"excerpt":{"rendered":"<p>Vasco unit\u00e9 de ventilation D425 \u00e0 r\u00e9cup\u00e9ration de chaleur + RF commutateur 11VE00045<\/p>","protected":false},"featured_media":20719,"comment_status":"open","ping_status":"closed","template":"","meta":[],"product_brand":[],"product_cat":[5521],"product_tag":[],"class_list":{"0":"post-15940","1":"product","2":"type-product","3":"status-publish","4":"has-post-thumbnail","6":"product_cat-unite-de-ventilation","7":"pa_marque-vasco","9":"first","10":"instock","11":"sale","12":"taxable","13":"shipping-taxable","14":"purchasable","15":"product-type-simple"},"aioseo_notices":[],"_links":{"self":[{"href":"https:\/\/promochaudiere.be\/nl\/wp-json\/wp\/v2\/product\/15940","targetHints":{"allow":["GET"]}}],"collection":[{"href":"https:\/\/promochaudiere.be\/nl\/wp-json\/wp\/v2\/product"}],"about":[{"href":"https:\/\/promochaudiere.be\/nl\/wp-json\/wp\/v2\/types\/product"}],"replies":[{"embeddable":true,"href":"https:\/\/promochaudiere.be\/nl\/wp-json\/wp\/v2\/comments?post=15940"}],"version-history":[{"count":2,"href":"https:\/\/promochaudiere.be\/nl\/wp-json\/wp\/v2\/product\/15940\/revisions"}],"predecessor-version":[{"id":52725,"href":"https:\/\/promochaudiere.be\/nl\/wp-json\/wp\/v2\/product\/15940\/revisions\/52725"}],"wp:featuredmedia":[{"embeddable":true,"href":"https:\/\/promochaudiere.be\/nl\/wp-json\/wp\/v2\/media\/20719"}],"wp:attachment":[{"href":"https:\/\/promochaudiere.be\/nl\/wp-json\/wp\/v2\/media?parent=15940"}],"wp:term":[{"taxonomy":"product_brand","embeddable":true,"href":"https:\/\/promochaudiere.be\/nl\/wp-json\/wp\/v2\/product_brand?post=15940"},{"taxonomy":"product_cat","embeddable":true,"href":"https:\/\/promochaudiere.be\/nl\/wp-json\/wp\/v2\/product_cat?post=15940"},{"taxonomy":"product_tag","embeddable":true,"href":"https:\/\/promochaudiere.be\/nl\/wp-json\/wp\/v2\/product_tag?post=15940"}],"curies":[{"name":"wp","href":"https:\/\/api.w.org\/{rel}","templated":true}]}}