{"id":15944,"date":"2025-01-17T10:02:41","date_gmt":"2025-01-17T10:02:41","guid":{"rendered":"https:\/\/promochaudiere.be\/produit\/vaillant-chaudiere-murale-a-gaz-a-condensation-ecs-ecotec-plus-new-vcw36-propane-0010039099\/"},"modified":"2026-02-03T19:40:20","modified_gmt":"2026-02-03T18:40:20","slug":"vaillant-chaudiere-murale-a-gaz-a-condensation-ecs-ecotec-plus-new-vcw36-propane-0010039099","status":"publish","type":"product","link":"https:\/\/promochaudiere.be\/nl\/product\/vaillant-chaudiere-murale-a-gaz-a-condensation-ecs-ecotec-plus-new-vcw36-propane-0010039099\/","title":{"rendered":"VAILLANT CHAUDIERE MURALE A GAZ A CONDENSATION + ECS ECOTEC PLUS NEW VCW36 PROPANE 0010039099"},"content":{"rendered":"<p>La chaudi\u00e8re Vaillant EcoTEC Exclusive est un mod\u00e8le haut de gamme offrant une r\u00e9gulation avanc\u00e9e du chauffage et de l\u2019eau chaude sanitaire. Sa technologie de condensation assure un rendement maximal tout en minimisant les pertes \u00e9nerg\u00e9tiques. Son pilotage intelligent s\u2019adapte aux besoins de l\u2019utilisateur. Facile \u00e0 entretenir, elle garantit une longue dur\u00e9e de vie. Un choix parfait pour un confort thermique optimal et durable.<\/p>","protected":false},"excerpt":{"rendered":"<p>VAILLANT CHAUDIERE MURALE A GAZ A CONDENSATION + ECS ECOTEC PLUS NEW VCW36 PROPANE 0010039099<\/p>","protected":false},"featured_media":22856,"comment_status":"open","ping_status":"closed","template":"","meta":[],"product_brand":[],"product_cat":[8853],"product_tag":[],"class_list":{"0":"post-15944","1":"product","2":"type-product","3":"status-publish","4":"has-post-thumbnail","6":"product_cat-chaudiere-murale-gaz-a-condensation-avec-eau-chaude-sanitaire","7":"pa_marque-vaillant","9":"first","10":"instock","11":"sale","12":"taxable","13":"shipping-taxable","14":"purchasable","15":"product-type-simple"},"aioseo_notices":[],"_links":{"self":[{"href":"https:\/\/promochaudiere.be\/nl\/wp-json\/wp\/v2\/product\/15944","targetHints":{"allow":["GET"]}}],"collection":[{"href":"https:\/\/promochaudiere.be\/nl\/wp-json\/wp\/v2\/product"}],"about":[{"href":"https:\/\/promochaudiere.be\/nl\/wp-json\/wp\/v2\/types\/product"}],"replies":[{"embeddable":true,"href":"https:\/\/promochaudiere.be\/nl\/wp-json\/wp\/v2\/comments?post=15944"}],"version-history":[{"count":1,"href":"https:\/\/promochaudiere.be\/nl\/wp-json\/wp\/v2\/product\/15944\/revisions"}],"predecessor-version":[{"id":52724,"href":"https:\/\/promochaudiere.be\/nl\/wp-json\/wp\/v2\/product\/15944\/revisions\/52724"}],"wp:featuredmedia":[{"embeddable":true,"href":"https:\/\/promochaudiere.be\/nl\/wp-json\/wp\/v2\/media\/22856"}],"wp:attachment":[{"href":"https:\/\/promochaudiere.be\/nl\/wp-json\/wp\/v2\/media?parent=15944"}],"wp:term":[{"taxonomy":"product_brand","embeddable":true,"href":"https:\/\/promochaudiere.be\/nl\/wp-json\/wp\/v2\/product_brand?post=15944"},{"taxonomy":"product_cat","embeddable":true,"href":"https:\/\/promochaudiere.be\/nl\/wp-json\/wp\/v2\/product_cat?post=15944"},{"taxonomy":"product_tag","embeddable":true,"href":"https:\/\/promochaudiere.be\/nl\/wp-json\/wp\/v2\/product_tag?post=15944"}],"curies":[{"name":"wp","href":"https:\/\/api.w.org\/{rel}","templated":true}]}}