{"id":15946,"date":"2025-01-17T10:02:41","date_gmt":"2025-01-17T10:02:41","guid":{"rendered":"https:\/\/promochaudiere.be\/produit\/zehnder-unite-de-ventilation-d-comfo-air-flex-250-471234070\/"},"modified":"2026-02-03T18:17:21","modified_gmt":"2026-02-03T17:17:21","slug":"zehnder-unite-de-ventilation-d-comfo-air-flex-250-471234070","status":"publish","type":"product","link":"https:\/\/promochaudiere.be\/nl\/product\/zehnder-unite-de-ventilation-d-comfo-air-flex-250-471234070\/","title":{"rendered":"ZEHNDER UNITE DE VENTILATION D COMFO AIR FLEX 250 471234070"},"content":{"rendered":"<p>Cette unit\u00e9 Zehnder ComfoAir Flex 250 est con\u00e7ue pour optimiser la qualit\u00e9 de l\u2019air int\u00e9rieur. Elle assure un renouvellement constant et efficace. Son format compact permet une int\u00e9gration facile. Id\u00e9ale pour un habitat sain et bien ventil\u00e9.<\/p>","protected":false},"excerpt":{"rendered":"<p>ZEHNDER UNITE DE VENTILATION D COMFO AIR FLEX 250 471234070<\/p>","protected":false},"featured_media":21011,"comment_status":"open","ping_status":"closed","template":"","meta":[],"product_brand":[],"product_cat":[2783],"product_tag":[],"class_list":{"0":"post-15946","1":"product","2":"type-product","3":"status-publish","4":"has-post-thumbnail","6":"product_cat-systeme-d-fr","7":"pa_marque-zehnder","9":"first","10":"instock","11":"sale","12":"taxable","13":"shipping-taxable","14":"purchasable","15":"product-type-simple"},"aioseo_notices":[],"_links":{"self":[{"href":"https:\/\/promochaudiere.be\/nl\/wp-json\/wp\/v2\/product\/15946","targetHints":{"allow":["GET"]}}],"collection":[{"href":"https:\/\/promochaudiere.be\/nl\/wp-json\/wp\/v2\/product"}],"about":[{"href":"https:\/\/promochaudiere.be\/nl\/wp-json\/wp\/v2\/types\/product"}],"replies":[{"embeddable":true,"href":"https:\/\/promochaudiere.be\/nl\/wp-json\/wp\/v2\/comments?post=15946"}],"version-history":[{"count":1,"href":"https:\/\/promochaudiere.be\/nl\/wp-json\/wp\/v2\/product\/15946\/revisions"}],"predecessor-version":[{"id":52722,"href":"https:\/\/promochaudiere.be\/nl\/wp-json\/wp\/v2\/product\/15946\/revisions\/52722"}],"wp:featuredmedia":[{"embeddable":true,"href":"https:\/\/promochaudiere.be\/nl\/wp-json\/wp\/v2\/media\/21011"}],"wp:attachment":[{"href":"https:\/\/promochaudiere.be\/nl\/wp-json\/wp\/v2\/media?parent=15946"}],"wp:term":[{"taxonomy":"product_brand","embeddable":true,"href":"https:\/\/promochaudiere.be\/nl\/wp-json\/wp\/v2\/product_brand?post=15946"},{"taxonomy":"product_cat","embeddable":true,"href":"https:\/\/promochaudiere.be\/nl\/wp-json\/wp\/v2\/product_cat?post=15946"},{"taxonomy":"product_tag","embeddable":true,"href":"https:\/\/promochaudiere.be\/nl\/wp-json\/wp\/v2\/product_tag?post=15946"}],"curies":[{"name":"wp","href":"https:\/\/api.w.org\/{rel}","templated":true}]}}