{"id":15948,"date":"2025-01-17T10:02:42","date_gmt":"2025-01-17T10:02:42","guid":{"rendered":"https:\/\/promochaudiere.be\/produit\/grundfos-circulateur-chauffage-central-magna3-50-60f-l240-pn6-10-97924281\/"},"modified":"2026-02-03T19:40:21","modified_gmt":"2026-02-03T18:40:21","slug":"grundfos-circulateur-chauffage-central-magna3-50-60f-l240-pn6-10-97924281","status":"publish","type":"product","link":"https:\/\/promochaudiere.be\/nl\/product\/grundfos-circulateur-chauffage-central-magna3-50-60f-l240-pn6-10-97924281\/","title":{"rendered":"Grundfos circulateur  chauffage central magna3 50-60F   L240 PN6\/10 97924281"},"content":{"rendered":"<p>Optimisez votre syst\u00e8me de chauffage avec le circulateur Grundfos Magna3 65-80. Il assure un d\u00e9bit d\u2019eau optimal pour une r\u00e9partition homog\u00e8ne de la chaleur. Son moteur intelligent r\u00e9duit la consommation d\u2019\u00e9nergie et prolonge la dur\u00e9e de vie de votre installation. Son installation simplifi\u00e9e permet un gain de temps et une int\u00e9gration facile. Un \u00e9quipement fiable pour un confort thermique accru et une gestion efficace de l\u2019\u00e9nergie.<\/p>","protected":false},"excerpt":{"rendered":"<p>Grundfos circulateur  chauffage central magna3 50-60F   L240 PN6\/10 97924281<\/p>","protected":false},"featured_media":20979,"comment_status":"open","ping_status":"closed","template":"","meta":[],"product_brand":[],"product_cat":[660],"product_tag":[],"class_list":{"0":"post-15948","1":"product","2":"type-product","3":"status-publish","4":"has-post-thumbnail","6":"product_cat-circulateur","7":"pa_marque-grundfos","9":"first","10":"instock","11":"sale","12":"taxable","13":"shipping-taxable","14":"purchasable","15":"product-type-simple"},"aioseo_notices":[],"_links":{"self":[{"href":"https:\/\/promochaudiere.be\/nl\/wp-json\/wp\/v2\/product\/15948","targetHints":{"allow":["GET"]}}],"collection":[{"href":"https:\/\/promochaudiere.be\/nl\/wp-json\/wp\/v2\/product"}],"about":[{"href":"https:\/\/promochaudiere.be\/nl\/wp-json\/wp\/v2\/types\/product"}],"replies":[{"embeddable":true,"href":"https:\/\/promochaudiere.be\/nl\/wp-json\/wp\/v2\/comments?post=15948"}],"version-history":[{"count":1,"href":"https:\/\/promochaudiere.be\/nl\/wp-json\/wp\/v2\/product\/15948\/revisions"}],"predecessor-version":[{"id":44411,"href":"https:\/\/promochaudiere.be\/nl\/wp-json\/wp\/v2\/product\/15948\/revisions\/44411"}],"wp:featuredmedia":[{"embeddable":true,"href":"https:\/\/promochaudiere.be\/nl\/wp-json\/wp\/v2\/media\/20979"}],"wp:attachment":[{"href":"https:\/\/promochaudiere.be\/nl\/wp-json\/wp\/v2\/media?parent=15948"}],"wp:term":[{"taxonomy":"product_brand","embeddable":true,"href":"https:\/\/promochaudiere.be\/nl\/wp-json\/wp\/v2\/product_brand?post=15948"},{"taxonomy":"product_cat","embeddable":true,"href":"https:\/\/promochaudiere.be\/nl\/wp-json\/wp\/v2\/product_cat?post=15948"},{"taxonomy":"product_tag","embeddable":true,"href":"https:\/\/promochaudiere.be\/nl\/wp-json\/wp\/v2\/product_tag?post=15948"}],"curies":[{"name":"wp","href":"https:\/\/api.w.org\/{rel}","templated":true}]}}