{"id":15949,"date":"2025-01-17T10:02:42","date_gmt":"2025-01-17T10:02:42","guid":{"rendered":"https:\/\/promochaudiere.be\/produit\/remeha-pompe-a-chaleur-sanitaire-air-eau-azorra-ace-250e-classe-erp-a-profil-soutirage-xl-7785410\/"},"modified":"2026-02-03T18:17:21","modified_gmt":"2026-02-03T17:17:21","slug":"remeha-pompe-a-chaleur-sanitaire-air-eau-azorra-ace-250e-classe-erp-a-profil-soutirage-xl-7785410","status":"publish","type":"product","link":"https:\/\/promochaudiere.be\/nl\/product\/remeha-pompe-a-chaleur-sanitaire-air-eau-azorra-ace-250e-classe-erp-a-profil-soutirage-xl-7785410\/","title":{"rendered":"REMEHA POMPE A CHALEUR SANITAIRE AIR\/EAU AZORRA ACE 250E CLASSE ERP A PROFIL SOUTIRAGE XL 7785410"},"content":{"rendered":"<p>La pompe \u00e0 chaleur sanitaire Remeha Azorro 200L est une solution \u00e9cologique et \u00e9conomique pour la production d\u2019eau chaude. Fonctionnant sur le principe de l\u2019a\u00e9rothermie, elle capte les calories de l\u2019air pour chauffer l\u2019eau avec un rendement \u00e9nerg\u00e9tique exceptionnel. Son ballon de 200 litres assure une grande capacit\u00e9 de stockage, id\u00e9ale pour les foyers exigeants. Facile \u00e0 installer et \u00e0 entretenir, elle s\u2019int\u00e8gre parfaitement \u00e0 tout type d\u2019habitation.<\/p>","protected":false},"excerpt":{"rendered":"<p>REMEHA POMPE A CHALEUR SANITAIRE AIR\/EAU AZORRA ACE 250E CLASSE ERP A PROFIL SOUTIRAGE XL 7785410<\/p>","protected":false},"featured_media":20917,"comment_status":"open","ping_status":"closed","template":"","meta":[],"product_brand":[],"product_cat":[10980],"product_tag":[],"class_list":{"0":"post-15949","1":"product","2":"type-product","3":"status-publish","4":"has-post-thumbnail","6":"product_cat-remeha-fr","7":"pa_marque-remeha","9":"first","10":"instock","11":"sale","12":"taxable","13":"shipping-taxable","14":"purchasable","15":"product-type-simple"},"aioseo_notices":[],"_links":{"self":[{"href":"https:\/\/promochaudiere.be\/nl\/wp-json\/wp\/v2\/product\/15949","targetHints":{"allow":["GET"]}}],"collection":[{"href":"https:\/\/promochaudiere.be\/nl\/wp-json\/wp\/v2\/product"}],"about":[{"href":"https:\/\/promochaudiere.be\/nl\/wp-json\/wp\/v2\/types\/product"}],"replies":[{"embeddable":true,"href":"https:\/\/promochaudiere.be\/nl\/wp-json\/wp\/v2\/comments?post=15949"}],"version-history":[{"count":1,"href":"https:\/\/promochaudiere.be\/nl\/wp-json\/wp\/v2\/product\/15949\/revisions"}],"predecessor-version":[{"id":44412,"href":"https:\/\/promochaudiere.be\/nl\/wp-json\/wp\/v2\/product\/15949\/revisions\/44412"}],"wp:featuredmedia":[{"embeddable":true,"href":"https:\/\/promochaudiere.be\/nl\/wp-json\/wp\/v2\/media\/20917"}],"wp:attachment":[{"href":"https:\/\/promochaudiere.be\/nl\/wp-json\/wp\/v2\/media?parent=15949"}],"wp:term":[{"taxonomy":"product_brand","embeddable":true,"href":"https:\/\/promochaudiere.be\/nl\/wp-json\/wp\/v2\/product_brand?post=15949"},{"taxonomy":"product_cat","embeddable":true,"href":"https:\/\/promochaudiere.be\/nl\/wp-json\/wp\/v2\/product_cat?post=15949"},{"taxonomy":"product_tag","embeddable":true,"href":"https:\/\/promochaudiere.be\/nl\/wp-json\/wp\/v2\/product_tag?post=15949"}],"curies":[{"name":"wp","href":"https:\/\/api.w.org\/{rel}","templated":true}]}}