{"id":15952,"date":"2025-01-17T10:02:43","date_gmt":"2025-01-17T10:02:43","guid":{"rendered":"https:\/\/promochaudiere.be\/produit\/grundfos-circulateur-chauffage-central-magna1-65-60f-l340-pn6-10-99221371\/"},"modified":"2026-02-03T19:40:21","modified_gmt":"2026-02-03T18:40:21","slug":"grundfos-circulateur-chauffage-central-magna1-65-60f-l340-pn6-10-99221371","status":"publish","type":"product","link":"https:\/\/promochaudiere.be\/nl\/product\/grundfos-circulateur-chauffage-central-magna1-65-60f-l340-pn6-10-99221371\/","title":{"rendered":"Grundfos circulateur  chauffage central magna1 65-60F   L340 PN6\/10 99221371"},"content":{"rendered":"<p>Le circulateur Grundfos Magna1 150-100 est con\u00e7u pour les syst\u00e8mes de chauffage n\u00e9cessitant un d\u00e9bit important. Gr\u00e2ce \u00e0 sa technologie avanc\u00e9e, il optimise la circulation de l\u2019eau en s\u2019adaptant aux besoins r\u00e9els. Son moteur haute efficacit\u00e9 r\u00e9duit la consommation d\u2019\u00e9nergie et prolonge la dur\u00e9e de vie de l\u2019installation. Un \u00e9quipement essentiel pour une performance \u00e9nerg\u00e9tique accrue.<\/p>","protected":false},"excerpt":{"rendered":"<p>Grundfos circulateur  chauffage central magna1 65-60F   L340 PN6\/10 99221371<\/p>","protected":false},"featured_media":20939,"comment_status":"open","ping_status":"closed","template":"","meta":[],"product_brand":[],"product_cat":[660],"product_tag":[],"class_list":{"0":"post-15952","1":"product","2":"type-product","3":"status-publish","4":"has-post-thumbnail","6":"product_cat-circulateur","7":"pa_marque-grundfos","9":"first","10":"instock","11":"sale","12":"taxable","13":"shipping-taxable","14":"purchasable","15":"product-type-simple"},"aioseo_notices":[],"_links":{"self":[{"href":"https:\/\/promochaudiere.be\/nl\/wp-json\/wp\/v2\/product\/15952","targetHints":{"allow":["GET"]}}],"collection":[{"href":"https:\/\/promochaudiere.be\/nl\/wp-json\/wp\/v2\/product"}],"about":[{"href":"https:\/\/promochaudiere.be\/nl\/wp-json\/wp\/v2\/types\/product"}],"replies":[{"embeddable":true,"href":"https:\/\/promochaudiere.be\/nl\/wp-json\/wp\/v2\/comments?post=15952"}],"version-history":[{"count":1,"href":"https:\/\/promochaudiere.be\/nl\/wp-json\/wp\/v2\/product\/15952\/revisions"}],"predecessor-version":[{"id":44409,"href":"https:\/\/promochaudiere.be\/nl\/wp-json\/wp\/v2\/product\/15952\/revisions\/44409"}],"wp:featuredmedia":[{"embeddable":true,"href":"https:\/\/promochaudiere.be\/nl\/wp-json\/wp\/v2\/media\/20939"}],"wp:attachment":[{"href":"https:\/\/promochaudiere.be\/nl\/wp-json\/wp\/v2\/media?parent=15952"}],"wp:term":[{"taxonomy":"product_brand","embeddable":true,"href":"https:\/\/promochaudiere.be\/nl\/wp-json\/wp\/v2\/product_brand?post=15952"},{"taxonomy":"product_cat","embeddable":true,"href":"https:\/\/promochaudiere.be\/nl\/wp-json\/wp\/v2\/product_cat?post=15952"},{"taxonomy":"product_tag","embeddable":true,"href":"https:\/\/promochaudiere.be\/nl\/wp-json\/wp\/v2\/product_tag?post=15952"}],"curies":[{"name":"wp","href":"https:\/\/api.w.org\/{rel}","templated":true}]}}