{"id":15953,"date":"2025-01-17T10:02:44","date_gmt":"2025-01-17T10:02:44","guid":{"rendered":"https:\/\/promochaudiere.be\/produit\/atlantic-boiler-pompe-a-chaleur-sanitaire-explorer-270l-classe-erp-a-profil-soutirage-xl-986087\/"},"modified":"2026-02-03T19:40:21","modified_gmt":"2026-02-03T18:40:21","slug":"atlantic-boiler-pompe-a-chaleur-sanitaire-explorer-270l-classe-erp-a-profil-soutirage-xl-986087","status":"publish","type":"product","link":"https:\/\/promochaudiere.be\/nl\/product\/atlantic-boiler-pompe-a-chaleur-sanitaire-explorer-270l-classe-erp-a-profil-soutirage-xl-986087\/","title":{"rendered":"ATLANTIC BOILER POMPE A CHALEUR SANITAIRE EXPLORER 270L CLASSE ERP A+ PROFIL SOUTIRAGE XL 986087"},"content":{"rendered":"<p>La pompe \u00e0 chaleur sanitaire Atlantic est une solution performante et respectueuse de l\u2019environnement, id\u00e9ale pour les foyers souhaitant combiner confort et \u00e9conomies d\u2019\u00e9nergie. Avec une capacit\u00e9 de 270 litres, elle r\u00e9pond parfaitement aux besoins des familles de taille moyenne \u00e0 grande. Class\u00e9e ErP A+, cette pompe \u00e0 chaleur exploite l\u2019air ambiant comme source d\u2019\u00e9nergie renouvelable, permettant de r\u00e9duire jusqu\u2019\u00e0 70 % votre consommation \u00e9nerg\u00e9tique compar\u00e9e aux chauffe-eaux classiques. Son profil de soutirage XL garantit une disponibilit\u00e9 constante d\u2019eau chaude, m\u00eame pour les usages intensifs, tout en assurant une performance optimale.<\/p>","protected":false},"excerpt":{"rendered":"<p>ATLANTIC BOILER POMPE A CHALEUR SANITAIRE EXPLORER 270L CLASSE ERP A+ PROFIL SOUTIRAGE XL 986087<\/p>","protected":false},"featured_media":20892,"comment_status":"open","ping_status":"closed","template":"","meta":[],"product_brand":[],"product_cat":[10989],"product_tag":[],"class_list":{"0":"post-15953","1":"product","2":"type-product","3":"status-publish","4":"has-post-thumbnail","6":"product_cat-atlantic","7":"pa_marque-atlantic","9":"first","10":"instock","11":"sale","12":"taxable","13":"shipping-taxable","14":"purchasable","15":"product-type-simple"},"aioseo_notices":[],"_links":{"self":[{"href":"https:\/\/promochaudiere.be\/nl\/wp-json\/wp\/v2\/product\/15953","targetHints":{"allow":["GET"]}}],"collection":[{"href":"https:\/\/promochaudiere.be\/nl\/wp-json\/wp\/v2\/product"}],"about":[{"href":"https:\/\/promochaudiere.be\/nl\/wp-json\/wp\/v2\/types\/product"}],"replies":[{"embeddable":true,"href":"https:\/\/promochaudiere.be\/nl\/wp-json\/wp\/v2\/comments?post=15953"}],"version-history":[{"count":1,"href":"https:\/\/promochaudiere.be\/nl\/wp-json\/wp\/v2\/product\/15953\/revisions"}],"predecessor-version":[{"id":44405,"href":"https:\/\/promochaudiere.be\/nl\/wp-json\/wp\/v2\/product\/15953\/revisions\/44405"}],"wp:featuredmedia":[{"embeddable":true,"href":"https:\/\/promochaudiere.be\/nl\/wp-json\/wp\/v2\/media\/20892"}],"wp:attachment":[{"href":"https:\/\/promochaudiere.be\/nl\/wp-json\/wp\/v2\/media?parent=15953"}],"wp:term":[{"taxonomy":"product_brand","embeddable":true,"href":"https:\/\/promochaudiere.be\/nl\/wp-json\/wp\/v2\/product_brand?post=15953"},{"taxonomy":"product_cat","embeddable":true,"href":"https:\/\/promochaudiere.be\/nl\/wp-json\/wp\/v2\/product_cat?post=15953"},{"taxonomy":"product_tag","embeddable":true,"href":"https:\/\/promochaudiere.be\/nl\/wp-json\/wp\/v2\/product_tag?post=15953"}],"curies":[{"name":"wp","href":"https:\/\/api.w.org\/{rel}","templated":true}]}}