{"id":15955,"date":"2025-01-17T10:02:44","date_gmt":"2025-01-17T10:02:44","guid":{"rendered":"https:\/\/promochaudiere.be\/produit\/remeha-pompe-a-chaleur-sanitaire-air-eau-azorra-ace-250h-classe-erp-a-profil-soutirage-xl-7785412\/"},"modified":"2026-02-03T18:17:22","modified_gmt":"2026-02-03T17:17:22","slug":"remeha-pompe-a-chaleur-sanitaire-air-eau-azorra-ace-250h-classe-erp-a-profil-soutirage-xl-7785412","status":"publish","type":"product","link":"https:\/\/promochaudiere.be\/nl\/product\/remeha-pompe-a-chaleur-sanitaire-air-eau-azorra-ace-250h-classe-erp-a-profil-soutirage-xl-7785412\/","title":{"rendered":"REMEHA POMPE A CHALEUR SANITAIRE AIR\/EAU AZORRA ACE 250H CLASSE ERP A PROFIL SOUTIRAGE XL 7785412"},"content":{"rendered":"<p>Optez pour une solution \u00e9nerg\u00e9tique innovante avec la pompe \u00e0 chaleur sanitaire Remeha Azorro 300L. Dot\u00e9e d\u2019un ballon de 300 litres, elle r\u00e9pond parfaitement aux besoins des foyers de grande taille. En r\u00e9cup\u00e9rant la chaleur de l\u2019air ambiant, elle garantit une production d\u2019eau chaude \u00e9conomique et respectueuse de l\u2019environnement. Sa conception robuste assure une long\u00e9vit\u00e9 exceptionnelle et un entretien minimal. Facile \u00e0 installer, elle optimise votre consommation \u00e9nerg\u00e9tique tout en offrant un confort optimal.<\/p>","protected":false},"excerpt":{"rendered":"<p>REMEHA POMPE A CHALEUR SANITAIRE AIR\/EAU AZORRA ACE 250H CLASSE ERP A PROFIL SOUTIRAGE XL 7785412<\/p>","protected":false},"featured_media":20974,"comment_status":"open","ping_status":"closed","template":"","meta":[],"product_brand":[],"product_cat":[10980],"product_tag":[],"class_list":{"0":"post-15955","1":"product","2":"type-product","3":"status-publish","4":"has-post-thumbnail","6":"product_cat-remeha-fr","7":"pa_marque-remeha","9":"first","10":"instock","11":"sale","12":"taxable","13":"shipping-taxable","14":"purchasable","15":"product-type-simple"},"aioseo_notices":[],"_links":{"self":[{"href":"https:\/\/promochaudiere.be\/nl\/wp-json\/wp\/v2\/product\/15955","targetHints":{"allow":["GET"]}}],"collection":[{"href":"https:\/\/promochaudiere.be\/nl\/wp-json\/wp\/v2\/product"}],"about":[{"href":"https:\/\/promochaudiere.be\/nl\/wp-json\/wp\/v2\/types\/product"}],"replies":[{"embeddable":true,"href":"https:\/\/promochaudiere.be\/nl\/wp-json\/wp\/v2\/comments?post=15955"}],"version-history":[{"count":1,"href":"https:\/\/promochaudiere.be\/nl\/wp-json\/wp\/v2\/product\/15955\/revisions"}],"predecessor-version":[{"id":44407,"href":"https:\/\/promochaudiere.be\/nl\/wp-json\/wp\/v2\/product\/15955\/revisions\/44407"}],"wp:featuredmedia":[{"embeddable":true,"href":"https:\/\/promochaudiere.be\/nl\/wp-json\/wp\/v2\/media\/20974"}],"wp:attachment":[{"href":"https:\/\/promochaudiere.be\/nl\/wp-json\/wp\/v2\/media?parent=15955"}],"wp:term":[{"taxonomy":"product_brand","embeddable":true,"href":"https:\/\/promochaudiere.be\/nl\/wp-json\/wp\/v2\/product_brand?post=15955"},{"taxonomy":"product_cat","embeddable":true,"href":"https:\/\/promochaudiere.be\/nl\/wp-json\/wp\/v2\/product_cat?post=15955"},{"taxonomy":"product_tag","embeddable":true,"href":"https:\/\/promochaudiere.be\/nl\/wp-json\/wp\/v2\/product_tag?post=15955"}],"curies":[{"name":"wp","href":"https:\/\/api.w.org\/{rel}","templated":true}]}}