{"id":15957,"date":"2025-01-17T10:02:45","date_gmt":"2025-01-17T10:02:45","guid":{"rendered":"https:\/\/promochaudiere.be\/produit\/grundfos-circulateur-chauffage-central-magna1-50-120f-l280-pn6-10-99221336\/"},"modified":"2026-02-03T18:17:22","modified_gmt":"2026-02-03T17:17:22","slug":"grundfos-circulateur-chauffage-central-magna1-50-120f-l280-pn6-10-99221336","status":"publish","type":"product","link":"https:\/\/promochaudiere.be\/nl\/product\/grundfos-circulateur-chauffage-central-magna1-50-120f-l280-pn6-10-99221336\/","title":{"rendered":"GRUNDFOS CIRCULATEUR CHAUFFAGE CENTRAL MAGNA1 50-120F L280 PN6\/10 99221336"},"content":{"rendered":"<p>Le circulateur Grundfos Magna1 125-100 est un \u00e9quipement puissant con\u00e7u pour maximiser l\u2019efficacit\u00e9 des circuits de chauffage central. Son moteur intelligent ajuste son fonctionnement pour garantir un d\u00e9bit optimal. Sa conception robuste assure une longue dur\u00e9e de vie et une r\u00e9duction significative des co\u00fbts d\u2019exploitation. Un choix id\u00e9al pour les installations n\u00e9cessitant un flux d\u2019eau constant et pr\u00e9cis.<\/p>","protected":false},"excerpt":{"rendered":"<p>GRUNDFOS CIRCULATEUR CHAUFFAGE CENTRAL MAGNA1 50-120F L280 PN6\/10 99221336<\/p>","protected":false},"featured_media":20931,"comment_status":"open","ping_status":"closed","template":"","meta":[],"product_brand":[],"product_cat":[660],"product_tag":[],"class_list":{"0":"post-15957","1":"product","2":"type-product","3":"status-publish","4":"has-post-thumbnail","6":"product_cat-circulateur","7":"pa_marque-grundfos","9":"first","10":"instock","11":"sale","12":"taxable","13":"shipping-taxable","14":"purchasable","15":"product-type-simple"},"aioseo_notices":[],"_links":{"self":[{"href":"https:\/\/promochaudiere.be\/nl\/wp-json\/wp\/v2\/product\/15957","targetHints":{"allow":["GET"]}}],"collection":[{"href":"https:\/\/promochaudiere.be\/nl\/wp-json\/wp\/v2\/product"}],"about":[{"href":"https:\/\/promochaudiere.be\/nl\/wp-json\/wp\/v2\/types\/product"}],"replies":[{"embeddable":true,"href":"https:\/\/promochaudiere.be\/nl\/wp-json\/wp\/v2\/comments?post=15957"}],"version-history":[{"count":1,"href":"https:\/\/promochaudiere.be\/nl\/wp-json\/wp\/v2\/product\/15957\/revisions"}],"predecessor-version":[{"id":44402,"href":"https:\/\/promochaudiere.be\/nl\/wp-json\/wp\/v2\/product\/15957\/revisions\/44402"}],"wp:featuredmedia":[{"embeddable":true,"href":"https:\/\/promochaudiere.be\/nl\/wp-json\/wp\/v2\/media\/20931"}],"wp:attachment":[{"href":"https:\/\/promochaudiere.be\/nl\/wp-json\/wp\/v2\/media?parent=15957"}],"wp:term":[{"taxonomy":"product_brand","embeddable":true,"href":"https:\/\/promochaudiere.be\/nl\/wp-json\/wp\/v2\/product_brand?post=15957"},{"taxonomy":"product_cat","embeddable":true,"href":"https:\/\/promochaudiere.be\/nl\/wp-json\/wp\/v2\/product_cat?post=15957"},{"taxonomy":"product_tag","embeddable":true,"href":"https:\/\/promochaudiere.be\/nl\/wp-json\/wp\/v2\/product_tag?post=15957"}],"curies":[{"name":"wp","href":"https:\/\/api.w.org\/{rel}","templated":true}]}}