{"id":15958,"date":"2025-01-17T10:02:45","date_gmt":"2025-01-17T10:02:45","guid":{"rendered":"https:\/\/promochaudiere.be\/produit\/bosch-chaudiere-murale-a-condensation-ecs-7700-35c-7736902434\/"},"modified":"2026-02-03T19:40:21","modified_gmt":"2026-02-03T18:40:21","slug":"bosch-chaudiere-murale-a-condensation-ecs-7700-35c-7736902434","status":"publish","type":"product","link":"https:\/\/promochaudiere.be\/nl\/product\/bosch-chaudiere-murale-a-condensation-ecs-7700-35c-7736902434\/","title":{"rendered":"BOSCH CHAUDIERE MURALE A CONDENSATION GC7700IW 30\/35C  7736902434"},"content":{"rendered":"<p>7736902434<\/p>\n<p>La chaudi\u00e8re murale Bosch 7700W 30 kW avec production d\u2019eau chaude sanitaire (ECS) allie performance et \u00e9conomie d\u2019\u00e9nergie. Sa technologie de condensation permet un rendement \u00e9lev\u00e9 tout en r\u00e9duisant la consommation. Facile \u00e0 installer, elle s\u2019adapte aux besoins des foyers modernes. Son fonctionnement silencieux et son design compact en font un choix id\u00e9al. Une solution fiable pour un chauffage performant et une production d\u2019eau chaude constante.<\/p>\n<div id=\"ctl00_ContentPlaceHolder1_ETIMPanel\"><span id=\"ctl00_ContentPlaceHolder1_ETIMClassLabel\" class=\"d-block font-weight-bold text-observatory pt-3 pl-3 pr-3 pb-2\">Chaudi\u00e8re mixte au gaz mural<\/span><\/p>\n<table class=\"specification mt-3 mt-md-0 w-100\">\n<tbody>\n<tr>\n<td class=\"specificationlabel w-50\"><span id=\"ctl00_ContentPlaceHolder1_ETIMListView_ctrl0_ItemLabel\">Largeur<\/span><\/td>\n<td><span id=\"ctl00_ContentPlaceHolder1_ETIMListView_ctrl0_ItemValue\">440 mm<\/span><\/td>\n<\/tr>\n<tr>\n<td class=\"specificationlabel w-50\"><span id=\"ctl00_ContentPlaceHolder1_ETIMListView_ctrl1_ItemLabel\">Hauteur<\/span><\/td>\n<td><span id=\"ctl00_ContentPlaceHolder1_ETIMListView_ctrl1_ItemValue\">780 mm<\/span><\/td>\n<\/tr>\n<tr>\n<td class=\"specificationlabel w-50\"><span id=\"ctl00_ContentPlaceHolder1_ETIMListView_ctrl2_ItemLabel\">Profondeur<\/span><\/td>\n<td><span id=\"ctl00_ContentPlaceHolder1_ETIMListView_ctrl2_ItemValue\">365 mm<\/span><\/td>\n<\/tr>\n<tr>\n<td class=\"specificationlabel w-50\"><span id=\"ctl00_ContentPlaceHolder1_ETIMListView_ctrl3_ItemLabel\">Nombre de phases<\/span><\/td>\n<td><span id=\"ctl00_ContentPlaceHolder1_ETIMListView_ctrl3_ItemValue\">1<\/span><\/td>\n<\/tr>\n<tr>\n<td class=\"specificationlabel w-50\"><span id=\"ctl00_ContentPlaceHolder1_ETIMListView_ctrl4_ItemLabel\">Raccordement avance<\/span><\/td>\n<td><span id=\"ctl00_ContentPlaceHolder1_ETIMListView_ctrl4_ItemValue\">Filetage m\u00e2le gaz cylindrique (BSPP)<\/span><\/td>\n<\/tr>\n<tr>\n<td class=\"specificationlabel w-50\"><span id=\"ctl00_ContentPlaceHolder1_ETIMListView_ctrl5_ItemLabel\">Raccordement retour<\/span><\/td>\n<td><span id=\"ctl00_ContentPlaceHolder1_ETIMListView_ctrl5_ItemValue\">Filetage m\u00e2le gaz cylindrique (BSPP)<\/span><\/td>\n<\/tr>\n<tr>\n<td class=\"specificationlabel w-50\"><span id=\"ctl00_ContentPlaceHolder1_ETIMListView_ctrl6_ItemLabel\">Fr\u00e9quence<\/span><\/td>\n<td><span id=\"ctl00_ContentPlaceHolder1_ETIMListView_ctrl6_ItemValue\">50 Hz<\/span><\/td>\n<\/tr>\n<tr>\n<td class=\"specificationlabel w-50\"><span id=\"ctl00_ContentPlaceHolder1_ETIMListView_ctrl7_ItemLabel\">Finition ferm\u00e9e<\/span><\/td>\n<td><span id=\"ctl00_ContentPlaceHolder1_ETIMListView_ctrl7_ItemValue\">1<\/span><\/td>\n<\/tr>\n<tr>\n<td class=\"specificationlabel w-50\"><span id=\"ctl00_ContentPlaceHolder1_ETIMListView_ctrl8_ItemLabel\">Puissance nominale, eau sanitaire<\/span><\/td>\n<td><span id=\"ctl00_ContentPlaceHolder1_ETIMListView_ctrl8_ItemValue\">34,40 kW<\/span><\/td>\n<\/tr>\n<tr>\n<td class=\"specificationlabel w-50\"><span id=\"ctl00_ContentPlaceHolder1_ETIMListView_ctrl9_ItemLabel\">Puissance nominale valeur haute, eau sanitaire<\/span><\/td>\n<td><span id=\"ctl00_ContentPlaceHolder1_ETIMListView_ctrl9_ItemValue\">34,40 kW<\/span><\/td>\n<\/tr>\n<tr>\n<td class=\"specificationlabel w-50\"><span id=\"ctl00_ContentPlaceHolder1_ETIMListView_ctrl10_ItemLabel\">Puissance nominale valeur basse, eau sanitaire<\/span><\/td>\n<td><span id=\"ctl00_ContentPlaceHolder1_ETIMListView_ctrl10_ItemValue\">5,10 kW<\/span><\/td>\n<\/tr>\n<tr>\n<td class=\"specificationlabel w-50\"><span id=\"ctl00_ContentPlaceHolder1_ETIMListView_ctrl11_ItemLabel\">Efficacit\u00e9 \u00e9nerg\u00e9tique de l\u2019eau chaude<\/span><\/td>\n<td><span id=\"ctl00_ContentPlaceHolder1_ETIMListView_ctrl11_ItemValue\">86 %<\/span><\/td>\n<\/tr>\n<tr>\n<td class=\"specificationlabel w-50\"><span id=\"ctl00_ContentPlaceHolder1_ETIMListView_ctrl12_ItemLabel\">SEER (Seasonal Energy Efficiency Ratio) en conditions standard<\/span><\/td>\n<td><span id=\"ctl00_ContentPlaceHolder1_ETIMListView_ctrl12_ItemValue\">94 %<\/span><\/td>\n<\/tr>\n<tr>\n<td class=\"specificationlabel w-50\"><span id=\"ctl00_ContentPlaceHolder1_ETIMListView_ctrl13_ItemLabel\">Profil de capacit\u00e9<\/span><\/td>\n<td><span id=\"ctl00_ContentPlaceHolder1_ETIMListView_ctrl13_ItemValue\">XL<\/span><\/td>\n<\/tr>\n<tr>\n<td class=\"specificationlabel w-50\"><span id=\"ctl00_ContentPlaceHolder1_ETIMListView_ctrl14_ItemLabel\">Classe d&rsquo;efficience \u00e9nerg\u00e9tique de chauffage<\/span><\/td>\n<td><span id=\"ctl00_ContentPlaceHolder1_ETIMListView_ctrl14_ItemValue\">A<\/span><\/td>\n<\/tr>\n<tr>\n<td class=\"specificationlabel w-50\"><span id=\"ctl00_ContentPlaceHolder1_ETIMListView_ctrl15_ItemLabel\">Classe efficacit\u00e9 \u00e9nerg\u00e9tique pour le chauffage de l&rsquo;eau<\/span><\/td>\n<td><span id=\"ctl00_ContentPlaceHolder1_ETIMListView_ctrl15_ItemValue\">A<\/span><\/td>\n<\/tr>\n<tr>\n<td class=\"specificationlabel w-50\"><span id=\"ctl00_ContentPlaceHolder1_ETIMListView_ctrl16_ItemLabel\">Diam\u00e8tre nominal raccordement d&rsquo;eau chaude<\/span><\/td>\n<td><span id=\"ctl00_ContentPlaceHolder1_ETIMListView_ctrl16_ItemValue\">1\/2 pouce (15)<\/span><\/td>\n<\/tr>\n<tr>\n<td class=\"specificationlabel w-50\"><span id=\"ctl00_ContentPlaceHolder1_ETIMListView_ctrl17_ItemLabel\">Consommation d&rsquo;\u00e9lectricit\u00e9 suppl\u00e9mentaire \u00e0 pleine charge (Elmax)<\/span><\/td>\n<td><span id=\"ctl00_ContentPlaceHolder1_ETIMListView_ctrl17_ItemValue\">039 kW<\/span><\/td>\n<\/tr>\n<tr>\n<td class=\"specificationlabel w-50\"><span id=\"ctl00_ContentPlaceHolder1_ETIMListView_ctrl18_ItemLabel\">\u00c9mission de chaleur utile \u00e0 chaleur nom. en op\u00e9ration \u00e0 haute temp\u00e9rature (P4)<\/span><\/td>\n<td><span id=\"ctl00_ContentPlaceHolder1_ETIMListView_ctrl18_ItemValue\">29,50 kW<\/span><\/td>\n<\/tr>\n<tr>\n<td class=\"specificationlabel w-50\"><span id=\"ctl00_ContentPlaceHolder1_ETIMListView_ctrl19_ItemLabel\">Efficience utile \u00e0 chaleur nominale en op\u00e9ration \u00e0 haute temp\u00e9rature (n4)<\/span><\/td>\n<td><span id=\"ctl00_ContentPlaceHolder1_ETIMListView_ctrl19_ItemValue\">88,20 %<\/span><\/td>\n<\/tr>\n<tr>\n<td class=\"specificationlabel w-50\"><span id=\"ctl00_ContentPlaceHolder1_ETIMListView_ctrl20_ItemLabel\">Consommation d&rsquo;\u00e9lectricit\u00e9 suppl\u00e9mentaire en veille (Psb)<\/span><\/td>\n<td><span id=\"ctl00_ContentPlaceHolder1_ETIMListView_ctrl20_ItemValue\">02 kW<\/span><\/td>\n<\/tr>\n<tr>\n<td class=\"specificationlabel w-50\"><span id=\"ctl00_ContentPlaceHolder1_ETIMListView_ctrl21_ItemLabel\">Perte de chaleur en veille (Pstby)<\/span><\/td>\n<td><span id=\"ctl00_ContentPlaceHolder1_ETIMListView_ctrl21_ItemValue\">085 kW<\/span><\/td>\n<\/tr>\n<tr>\n<td class=\"specificationlabel w-50\"><span id=\"ctl00_ContentPlaceHolder1_ETIMListView_ctrl22_ItemLabel\">Mat\u00e9riau, \u00e9changeur de chaleur<\/span><\/td>\n<td><span id=\"ctl00_ContentPlaceHolder1_ETIMListView_ctrl22_ItemValue\">Aluminium<\/span><\/td>\n<\/tr>\n<tr>\n<td class=\"specificationlabel w-50\"><span id=\"ctl00_ContentPlaceHolder1_ETIMListView_ctrl23_ItemLabel\">Puissance de chauffage r\u00e9glable<\/span><\/td>\n<td><span id=\"ctl00_ContentPlaceHolder1_ETIMListView_ctrl23_ItemValue\">1<\/span><\/td>\n<\/tr>\n<tr>\n<td class=\"specificationlabel w-50\"><span id=\"ctl00_ContentPlaceHolder1_ETIMListView_ctrl24_ItemLabel\">Diam\u00e8tre nominal, eau potable froide<\/span><\/td>\n<td><span id=\"ctl00_ContentPlaceHolder1_ETIMListView_ctrl24_ItemValue\">1\/2 pouce (15)<\/span><\/td>\n<\/tr>\n<tr>\n<td class=\"specificationlabel w-50\"><span id=\"ctl00_ContentPlaceHolder1_ETIMListView_ctrl25_ItemLabel\">Embase de robinet<\/span><\/td>\n<td><span id=\"ctl00_ContentPlaceHolder1_ETIMListView_ctrl25_ItemValue\">2,50 l\/min<\/span><\/td>\n<\/tr>\n<tr>\n<td class=\"specificationlabel w-50\"><span id=\"ctl00_ContentPlaceHolder1_ETIMListView_ctrl26_ItemLabel\">Commutateur de pompe int\u00e9gr\u00e9<\/span><\/td>\n<td><span id=\"ctl00_ContentPlaceHolder1_ETIMListView_ctrl26_ItemValue\">1<\/span><\/td>\n<\/tr>\n<tr>\n<td class=\"specificationlabel w-50\"><span id=\"ctl00_ContentPlaceHolder1_ETIMListView_ctrl27_ItemLabel\">Charge nominale, valeur inf\u00e9rieure<\/span><\/td>\n<td><span id=\"ctl00_ContentPlaceHolder1_ETIMListView_ctrl27_ItemValue\">5 kW<\/span><\/td>\n<\/tr>\n<tr>\n<td class=\"specificationlabel w-50\"><span id=\"ctl00_ContentPlaceHolder1_ETIMListView_ctrl28_ItemLabel\">Charge nominale, valeur sup\u00e9rieure<\/span><\/td>\n<td><span id=\"ctl00_ContentPlaceHolder1_ETIMListView_ctrl28_ItemValue\">34,40 kW<\/span><\/td>\n<\/tr>\n<tr>\n<td class=\"specificationlabel w-50\"><span id=\"ctl00_ContentPlaceHolder1_ETIMListView_ctrl29_ItemLabel\">Pression de travail minimale<\/span><\/td>\n<td><span id=\"ctl00_ContentPlaceHolder1_ETIMListView_ctrl29_ItemValue\">0,50 bar<\/span><\/td>\n<\/tr>\n<tr>\n<td class=\"specificationlabel w-50\"><span id=\"ctl00_ContentPlaceHolder1_ETIMListView_ctrl30_ItemLabel\">Temp\u00e9rature de replis minimale<\/span><\/td>\n<td><span id=\"ctl00_ContentPlaceHolder1_ETIMListView_ctrl30_ItemValue\">12\u00b0C<\/span><\/td>\n<\/tr>\n<tr>\n<td class=\"specificationlabel w-50\"><span id=\"ctl00_ContentPlaceHolder1_ETIMListView_ctrl31_ItemLabel\">Pression de gaz amont maximale<\/span><\/td>\n<td><span id=\"ctl00_ContentPlaceHolder1_ETIMListView_ctrl31_ItemValue\">25 mbar<\/span><\/td>\n<\/tr>\n<tr>\n<td class=\"specificationlabel w-50\"><span id=\"ctl00_ContentPlaceHolder1_ETIMListView_ctrl32_ItemLabel\">Vase d&rsquo;expansion int\u00e9gr\u00e9<\/span><\/td>\n<td><span id=\"ctl00_ContentPlaceHolder1_ETIMListView_ctrl32_ItemValue\">1<\/span><\/td>\n<\/tr>\n<tr>\n<td class=\"specificationlabel w-50\"><span id=\"ctl00_ContentPlaceHolder1_ETIMListView_ctrl33_ItemLabel\">Puissance utile nominale 80-60 \u00b0C<\/span><\/td>\n<td><span id=\"ctl00_ContentPlaceHolder1_ETIMListView_ctrl33_ItemValue\">29,50 kW<\/span><\/td>\n<\/tr>\n<tr>\n<td class=\"specificationlabel w-50\"><span id=\"ctl00_ContentPlaceHolder1_ETIMListView_ctrl34_ItemLabel\">Temp\u00e9rature maximale de l&rsquo;eau d&rsquo;arriv\u00e9e (temp\u00e9rature de service)<\/span><\/td>\n<td><span id=\"ctl00_ContentPlaceHolder1_ETIMListView_ctrl34_ItemValue\">60\u00b0C<\/span><\/td>\n<\/tr>\n<tr>\n<td class=\"specificationlabel w-50\"><span id=\"ctl00_ContentPlaceHolder1_ETIMListView_ctrl35_ItemLabel\">Pression de travail max.<\/span><\/td>\n<td><span id=\"ctl00_ContentPlaceHolder1_ETIMListView_ctrl35_ItemValue\">3 bar<\/span><\/td>\n<\/tr>\n<tr>\n<td class=\"specificationlabel w-50\"><span id=\"ctl00_ContentPlaceHolder1_ETIMListView_ctrl36_ItemLabel\">Clapet de surpression int\u00e9gr\u00e9<\/span><\/td>\n<td><span id=\"ctl00_ContentPlaceHolder1_ETIMListView_ctrl36_ItemValue\">1<\/span><\/td>\n<\/tr>\n<tr>\n<td class=\"specificationlabel w-50\"><span id=\"ctl00_ContentPlaceHolder1_ETIMListView_ctrl37_ItemLabel\">Diam\u00e8tre ext\u00e9rieur du tube d\u2019admission<\/span><\/td>\n<td><span id=\"ctl00_ContentPlaceHolder1_ETIMListView_ctrl37_ItemValue\">20 mm<\/span><\/td>\n<\/tr>\n<tr>\n<td class=\"specificationlabel w-50\"><span id=\"ctl00_ContentPlaceHolder1_ETIMListView_ctrl38_ItemLabel\">Diam\u00e8tre ext\u00e9rieur du tube de retour<\/span><\/td>\n<td><span id=\"ctl00_ContentPlaceHolder1_ETIMListView_ctrl38_ItemValue\">20 mm<\/span><\/td>\n<\/tr>\n<tr>\n<td class=\"specificationlabel w-50\"><span id=\"ctl00_ContentPlaceHolder1_ETIMListView_ctrl39_ItemLabel\">Raccord, carburant<\/span><\/td>\n<td><span id=\"ctl00_ContentPlaceHolder1_ETIMListView_ctrl39_ItemValue\">Filetage femelle gaz cylindrique (BSPP)<\/span><\/td>\n<\/tr>\n<tr>\n<td class=\"specificationlabel w-50\"><span id=\"ctl00_ContentPlaceHolder1_ETIMListView_ctrl40_ItemLabel\">Diam\u00e8tre ext\u00e9rieur du tube, carburant<\/span><\/td>\n<td><span id=\"ctl00_ContentPlaceHolder1_ETIMListView_ctrl40_ItemValue\">25 mm<\/span><\/td>\n<\/tr>\n<tr>\n<td class=\"specificationlabel w-50\"><span id=\"ctl00_ContentPlaceHolder1_ETIMListView_ctrl41_ItemLabel\">Raccord, conduit d\u2019air<\/span><\/td>\n<td><span id=\"ctl00_ContentPlaceHolder1_ETIMListView_ctrl41_ItemValue\">Bride<\/span><\/td>\n<\/tr>\n<tr>\n<td class=\"specificationlabel w-50\"><span id=\"ctl00_ContentPlaceHolder1_ETIMListView_ctrl42_ItemLabel\">Diam\u00e8tre nominal du canal, conduit d\u2019air<\/span><\/td>\n<td><span id=\"ctl00_ContentPlaceHolder1_ETIMListView_ctrl42_ItemValue\">125 mm<\/span><\/td>\n<\/tr>\n<tr>\n<td class=\"specificationlabel w-50\"><span id=\"ctl00_ContentPlaceHolder1_ETIMListView_ctrl43_ItemLabel\">Raccord, \u00e9vacuation des gaz de combustion<\/span><\/td>\n<td><span id=\"ctl00_ContentPlaceHolder1_ETIMListView_ctrl43_ItemValue\">Embout d&rsquo;insertion<\/span><\/td>\n<\/tr>\n<tr>\n<td class=\"specificationlabel w-50\"><span id=\"ctl00_ContentPlaceHolder1_ETIMListView_ctrl44_ItemLabel\">Diam\u00e8tre ext\u00e9rieur du tube, eau potable froide<\/span><\/td>\n<td><span id=\"ctl00_ContentPlaceHolder1_ETIMListView_ctrl44_ItemValue\">20 mm<\/span><\/td>\n<\/tr>\n<tr>\n<td class=\"specificationlabel w-50\"><span id=\"ctl00_ContentPlaceHolder1_ETIMListView_ctrl45_ItemLabel\">Diam\u00e8tre ext\u00e9rieur du tube, eau potable froide<\/span><\/td>\n<td><span id=\"ctl00_ContentPlaceHolder1_ETIMListView_ctrl45_ItemValue\">20 mm<\/span><\/td>\n<\/tr>\n<tr>\n<td class=\"specificationlabel w-50\"><span id=\"ctl00_ContentPlaceHolder1_ETIMListView_ctrl46_ItemLabel\">Raccord de condensat<\/span><\/td>\n<td><span id=\"ctl00_ContentPlaceHolder1_ETIMListView_ctrl46_ItemValue\">Flexible<\/span><\/td>\n<\/tr>\n<tr>\n<td class=\"specificationlabel w-50\"><span id=\"ctl00_ContentPlaceHolder1_ETIMListView_ctrl47_ItemLabel\">Diam\u00e8tre ext\u00e9rieur du tube, condensat<\/span><\/td>\n<td><span id=\"ctl00_ContentPlaceHolder1_ETIMListView_ctrl47_ItemValue\">20 mm<\/span><\/td>\n<\/tr>\n<tr>\n<td class=\"specificationlabel w-50\"><span id=\"ctl00_ContentPlaceHolder1_ETIMListView_ctrl48_ItemLabel\">Pression minimale de gaz amont<\/span><\/td>\n<td><span id=\"ctl00_ContentPlaceHolder1_ETIMListView_ctrl48_ItemValue\">17 mbar<\/span><\/td>\n<\/tr>\n<tr>\n<td class=\"specificationlabel w-50\"><span id=\"ctl00_ContentPlaceHolder1_ETIMListView_ctrl49_ItemLabel\">Raccord eau potable froide<\/span><\/td>\n<td><span id=\"ctl00_ContentPlaceHolder1_ETIMListView_ctrl49_ItemValue\">Filetage m\u00e2le gaz cylindrique (BSPP)<\/span><\/td>\n<\/tr>\n<tr>\n<td class=\"specificationlabel w-50\"><span id=\"ctl00_ContentPlaceHolder1_ETIMListView_ctrl50_ItemLabel\">Raccord eau chaude<\/span><\/td>\n<td><span id=\"ctl00_ContentPlaceHolder1_ETIMListView_ctrl50_ItemValue\">Filetage m\u00e2le gaz cylindrique (BSPP)<\/span><\/td>\n<\/tr>\n<tr>\n<td class=\"specificationlabel w-50\"><span id=\"ctl00_ContentPlaceHolder1_ETIMListView_ctrl51_ItemLabel\">Diam\u00e8tre nominal du canal, \u00e9vacuation des gaz de combustion<\/span><\/td>\n<td><span id=\"ctl00_ContentPlaceHolder1_ETIMListView_ctrl51_ItemValue\">80 mm<\/span><\/td>\n<\/tr>\n<tr>\n<td class=\"specificationlabel w-50\"><span id=\"ctl00_ContentPlaceHolder1_ETIMListView_ctrl52_ItemLabel\">R\u00e9gulation du br\u00fbleur modul\u00e9e<\/span><\/td>\n<td><span id=\"ctl00_ContentPlaceHolder1_ETIMListView_ctrl52_ItemValue\">1<\/span><\/td>\n<\/tr>\n<tr>\n<td class=\"specificationlabel w-50\"><span id=\"ctl00_ContentPlaceHolder1_ETIMListView_ctrl53_ItemLabel\">Manom\u00e8tre incorpor\u00e9<\/span><\/td>\n<td><span id=\"ctl00_ContentPlaceHolder1_ETIMListView_ctrl53_ItemValue\">1<\/span><\/td>\n<\/tr>\n<tr>\n<td class=\"specificationlabel w-50\"><span id=\"ctl00_ContentPlaceHolder1_ETIMListView_ctrl54_ItemLabel\">Rendement<\/span><\/td>\n<td><span id=\"ctl00_ContentPlaceHolder1_ETIMListView_ctrl54_ItemValue\">94 %<\/span><\/td>\n<\/tr>\n<tr>\n<td class=\"specificationlabel w-50\"><span id=\"ctl00_ContentPlaceHolder1_ETIMListView_ctrl55_ItemLabel\">Second raccordement de sortie<\/span><\/td>\n<td><span id=\"ctl00_ContentPlaceHolder1_ETIMListView_ctrl55_ItemValue\">1<\/span><\/td>\n<\/tr>\n<tr>\n<td class=\"specificationlabel w-50\"><span id=\"ctl00_ContentPlaceHolder1_ETIMListView_ctrl56_ItemLabel\">Signal de contr\u00f4le marche\/arr\u00eat<\/span><\/td>\n<td><span id=\"ctl00_ContentPlaceHolder1_ETIMListView_ctrl56_ItemValue\">1<\/span><\/td>\n<\/tr>\n<tr>\n<td class=\"specificationlabel w-50\"><span id=\"ctl00_ContentPlaceHolder1_ETIMListView_ctrl57_ItemLabel\">Finition ouverte et ferm\u00e9e<\/span><\/td>\n<td><span id=\"ctl00_ContentPlaceHolder1_ETIMListView_ctrl57_ItemValue\">1<\/span><\/td>\n<\/tr>\n<tr>\n<td class=\"specificationlabel w-50\"><span id=\"ctl00_ContentPlaceHolder1_ETIMListView_ctrl58_ItemLabel\">Performance nominale 50-30 \u00b0C<\/span><\/td>\n<td><span id=\"ctl00_ContentPlaceHolder1_ETIMListView_ctrl58_ItemValue\">30,70 kW<\/span><\/td>\n<\/tr>\n<tr>\n<td class=\"specificationlabel w-50\"><span id=\"ctl00_ContentPlaceHolder1_ETIMListView_ctrl59_ItemLabel\">Diam\u00e8tre nominal alimentation<\/span><\/td>\n<td><span id=\"ctl00_ContentPlaceHolder1_ETIMListView_ctrl59_ItemValue\">3\/4 pouce (20)<\/span><\/td>\n<\/tr>\n<tr>\n<td class=\"specificationlabel w-50\"><span id=\"ctl00_ContentPlaceHolder1_ETIMListView_ctrl60_ItemLabel\">Diam\u00e8tre nominal retour<\/span><\/td>\n<td><span id=\"ctl00_ContentPlaceHolder1_ETIMListView_ctrl60_ItemValue\">3\/4 pouce (20)<\/span><\/td>\n<\/tr>\n<tr>\n<td class=\"specificationlabel w-50\"><span id=\"ctl00_ContentPlaceHolder1_ETIMListView_ctrl61_ItemLabel\">Diam\u00e8tre interne nominal combustible<\/span><\/td>\n<td><span id=\"ctl00_ContentPlaceHolder1_ETIMListView_ctrl61_ItemValue\">3\/4 pouce (20)<\/span><\/td>\n<\/tr>\n<tr>\n<td class=\"specificationlabel w-50\"><span id=\"ctl00_ContentPlaceHolder1_ETIMListView_ctrl62_ItemLabel\">R\u00e9servoir eau chaude sanitaire<\/span><\/td>\n<td><span id=\"ctl00_ContentPlaceHolder1_ETIMListView_ctrl62_ItemValue\">0 l<\/span><\/td>\n<\/tr>\n<tr>\n<td class=\"specificationlabel w-50\"><span id=\"ctl00_ContentPlaceHolder1_ETIMListView_ctrl63_ItemLabel\">Diam\u00e8tre de filetage condensat<\/span><\/td>\n<td><span id=\"ctl00_ContentPlaceHolder1_ETIMListView_ctrl63_ItemValue\">DN 20<\/span><\/td>\n<\/tr>\n<\/tbody>\n<\/table>\n<\/div>\n<div id=\"ctl00_ContentPlaceHolder1_MoreInfoPanel\">\n<table id=\"ctl00_ContentPlaceHolder1_MoreInfoTable\" class=\"specification mt-2 mt-md-0 w-100\">\n<tbody>\n<tr id=\"ctl00_ContentPlaceHolder1_IntrastatTableRow\">\n<td class=\"specificationlabel w-50\">Intrastat<\/td>\n<td><span id=\"ctl00_ContentPlaceHolder1_IntrastatValue\">73218100<\/span><\/td>\n<\/tr>\n<\/tbody>\n<\/table>\n<\/div>","protected":false},"excerpt":{"rendered":"<p>BOSCH CHAUDIERE MURALE A CONDENSATION +ECS 7700 35C 7736902434<\/p>","protected":false},"featured_media":20913,"comment_status":"open","ping_status":"closed","template":"","meta":[],"product_brand":[],"product_cat":[9477],"product_tag":[],"class_list":{"0":"post-15958","1":"product","2":"type-product","3":"status-publish","4":"has-post-thumbnail","6":"product_cat-chaudiere-murale-gaz-a-condensation-avec-eau-chaude-sanitaire-fr","7":"pa_marque-bosch","9":"first","10":"instock","11":"sale","12":"taxable","13":"shipping-taxable","14":"purchasable","15":"product-type-simple"},"aioseo_notices":[],"_links":{"self":[{"href":"https:\/\/promochaudiere.be\/nl\/wp-json\/wp\/v2\/product\/15958","targetHints":{"allow":["GET"]}}],"collection":[{"href":"https:\/\/promochaudiere.be\/nl\/wp-json\/wp\/v2\/product"}],"about":[{"href":"https:\/\/promochaudiere.be\/nl\/wp-json\/wp\/v2\/types\/product"}],"replies":[{"embeddable":true,"href":"https:\/\/promochaudiere.be\/nl\/wp-json\/wp\/v2\/comments?post=15958"}],"version-history":[{"count":2,"href":"https:\/\/promochaudiere.be\/nl\/wp-json\/wp\/v2\/product\/15958\/revisions"}],"predecessor-version":[{"id":44403,"href":"https:\/\/promochaudiere.be\/nl\/wp-json\/wp\/v2\/product\/15958\/revisions\/44403"}],"wp:featuredmedia":[{"embeddable":true,"href":"https:\/\/promochaudiere.be\/nl\/wp-json\/wp\/v2\/media\/20913"}],"wp:attachment":[{"href":"https:\/\/promochaudiere.be\/nl\/wp-json\/wp\/v2\/media?parent=15958"}],"wp:term":[{"taxonomy":"product_brand","embeddable":true,"href":"https:\/\/promochaudiere.be\/nl\/wp-json\/wp\/v2\/product_brand?post=15958"},{"taxonomy":"product_cat","embeddable":true,"href":"https:\/\/promochaudiere.be\/nl\/wp-json\/wp\/v2\/product_cat?post=15958"},{"taxonomy":"product_tag","embeddable":true,"href":"https:\/\/promochaudiere.be\/nl\/wp-json\/wp\/v2\/product_tag?post=15958"}],"curies":[{"name":"wp","href":"https:\/\/api.w.org\/{rel}","templated":true}]}}