{"id":15960,"date":"2025-01-17T10:02:46","date_gmt":"2025-01-17T10:02:46","guid":{"rendered":"https:\/\/promochaudiere.be\/produit\/duco-unite-ventilation-d-ducobox-energy-comfort-plus-d450-00004705\/"},"modified":"2026-02-03T18:17:22","modified_gmt":"2026-02-03T17:17:22","slug":"duco-unite-ventilation-d-ducobox-energy-comfort-plus-d450-00004705","status":"publish","type":"product","link":"https:\/\/promochaudiere.be\/nl\/product\/duco-unite-ventilation-d-ducobox-energy-comfort-plus-d450-00004705\/","title":{"rendered":"Duco unit\u00e9 ventilation D Ducobox energy comfort plus D450 00004705"},"content":{"rendered":"<p>Cette unit\u00e9 de ventilation double flux de haute performance offre une r\u00e9cup\u00e9ration maximale de chaleur. Son syst\u00e8me intelligent ajuste automatiquement le d\u00e9bit d\u2019air en fonction des besoins. Son design compact facilite l\u2019installation dans tous types d\u2019habitations. Elle assure un renouvellement constant de l\u2019air tout en optimisant la consommation \u00e9nerg\u00e9tique. Son filtre haute efficacit\u00e9 retient les particules fines pour un air plus pur. Une solution premium pour un confort optimal.<\/p>","protected":false},"excerpt":{"rendered":"<p>Duco unit\u00e9 ventilation D Ducobox energy comfort plus D450 00004705<\/p>","protected":false},"featured_media":20748,"comment_status":"open","ping_status":"closed","template":"","meta":[],"product_brand":[],"product_cat":[10887],"product_tag":[],"class_list":{"0":"post-15960","1":"product","2":"type-product","3":"status-publish","4":"has-post-thumbnail","6":"product_cat-unite-type-d-duco","7":"pa_marque-duco","9":"first","10":"instock","11":"sale","12":"taxable","13":"shipping-taxable","14":"purchasable","15":"product-type-simple"},"aioseo_notices":[],"_links":{"self":[{"href":"https:\/\/promochaudiere.be\/nl\/wp-json\/wp\/v2\/product\/15960","targetHints":{"allow":["GET"]}}],"collection":[{"href":"https:\/\/promochaudiere.be\/nl\/wp-json\/wp\/v2\/product"}],"about":[{"href":"https:\/\/promochaudiere.be\/nl\/wp-json\/wp\/v2\/types\/product"}],"replies":[{"embeddable":true,"href":"https:\/\/promochaudiere.be\/nl\/wp-json\/wp\/v2\/comments?post=15960"}],"version-history":[{"count":1,"href":"https:\/\/promochaudiere.be\/nl\/wp-json\/wp\/v2\/product\/15960\/revisions"}],"predecessor-version":[{"id":44399,"href":"https:\/\/promochaudiere.be\/nl\/wp-json\/wp\/v2\/product\/15960\/revisions\/44399"}],"wp:featuredmedia":[{"embeddable":true,"href":"https:\/\/promochaudiere.be\/nl\/wp-json\/wp\/v2\/media\/20748"}],"wp:attachment":[{"href":"https:\/\/promochaudiere.be\/nl\/wp-json\/wp\/v2\/media?parent=15960"}],"wp:term":[{"taxonomy":"product_brand","embeddable":true,"href":"https:\/\/promochaudiere.be\/nl\/wp-json\/wp\/v2\/product_brand?post=15960"},{"taxonomy":"product_cat","embeddable":true,"href":"https:\/\/promochaudiere.be\/nl\/wp-json\/wp\/v2\/product_cat?post=15960"},{"taxonomy":"product_tag","embeddable":true,"href":"https:\/\/promochaudiere.be\/nl\/wp-json\/wp\/v2\/product_tag?post=15960"}],"curies":[{"name":"wp","href":"https:\/\/api.w.org\/{rel}","templated":true}]}}