{"id":15963,"date":"2025-01-17T10:02:47","date_gmt":"2025-01-17T10:02:47","guid":{"rendered":"https:\/\/promochaudiere.be\/produit\/duco-appareil-de-ventilation-ducobox-energy-400-1zs-gauche-00004366\/"},"modified":"2026-02-03T18:17:21","modified_gmt":"2026-02-03T17:17:21","slug":"duco-appareil-de-ventilation-ducobox-energy-400-1zs-gauche-00004366","status":"publish","type":"product","link":"https:\/\/promochaudiere.be\/nl\/product\/duco-appareil-de-ventilation-ducobox-energy-400-1zs-gauche-00004366\/","title":{"rendered":"Duco appareil de ventilation DucoBox Energy 400-1ZS gauche 00004366"},"content":{"rendered":"<p>Cette unit\u00e9 de ventilation assure un renouvellement constant de l\u2019air int\u00e9rieur avec une r\u00e9cup\u00e9ration efficace de la chaleur. Son fonctionnement optimis\u00e9 r\u00e9duit la consommation \u00e9nerg\u00e9tique. Son moteur silencieux garantit un confort acoustique optimal. Facile \u00e0 installer, elle s\u2019adapte aux besoins des habitations modernes. Son syst\u00e8me intelligent ajuste automatiquement le d\u00e9bit d\u2019air pour un confort maximal.<\/p>","protected":false},"excerpt":{"rendered":"<p>Duco appareil de ventilation DucoBox Energy 400-1ZS gauche 00004366<\/p>","protected":false},"featured_media":20738,"comment_status":"open","ping_status":"closed","template":"","meta":[],"product_brand":[],"product_cat":[5521],"product_tag":[],"class_list":{"0":"post-15963","1":"product","2":"type-product","3":"status-publish","4":"has-post-thumbnail","6":"product_cat-unite-de-ventilation","7":"pa_marque-duco","9":"first","10":"instock","11":"sale","12":"taxable","13":"shipping-taxable","14":"purchasable","15":"product-type-simple"},"aioseo_notices":[],"_links":{"self":[{"href":"https:\/\/promochaudiere.be\/nl\/wp-json\/wp\/v2\/product\/15963","targetHints":{"allow":["GET"]}}],"collection":[{"href":"https:\/\/promochaudiere.be\/nl\/wp-json\/wp\/v2\/product"}],"about":[{"href":"https:\/\/promochaudiere.be\/nl\/wp-json\/wp\/v2\/types\/product"}],"replies":[{"embeddable":true,"href":"https:\/\/promochaudiere.be\/nl\/wp-json\/wp\/v2\/comments?post=15963"}],"version-history":[{"count":2,"href":"https:\/\/promochaudiere.be\/nl\/wp-json\/wp\/v2\/product\/15963\/revisions"}],"predecessor-version":[{"id":44396,"href":"https:\/\/promochaudiere.be\/nl\/wp-json\/wp\/v2\/product\/15963\/revisions\/44396"}],"wp:featuredmedia":[{"embeddable":true,"href":"https:\/\/promochaudiere.be\/nl\/wp-json\/wp\/v2\/media\/20738"}],"wp:attachment":[{"href":"https:\/\/promochaudiere.be\/nl\/wp-json\/wp\/v2\/media?parent=15963"}],"wp:term":[{"taxonomy":"product_brand","embeddable":true,"href":"https:\/\/promochaudiere.be\/nl\/wp-json\/wp\/v2\/product_brand?post=15963"},{"taxonomy":"product_cat","embeddable":true,"href":"https:\/\/promochaudiere.be\/nl\/wp-json\/wp\/v2\/product_cat?post=15963"},{"taxonomy":"product_tag","embeddable":true,"href":"https:\/\/promochaudiere.be\/nl\/wp-json\/wp\/v2\/product_tag?post=15963"}],"curies":[{"name":"wp","href":"https:\/\/api.w.org\/{rel}","templated":true}]}}