{"id":15966,"date":"2025-01-17T10:02:48","date_gmt":"2025-01-17T10:02:48","guid":{"rendered":"https:\/\/promochaudiere.be\/produit\/zehnder-unite-de-rafraichissement-comfofond-q-pour-q-premium-droite-471310085\/"},"modified":"2026-02-03T18:17:24","modified_gmt":"2026-02-03T17:17:24","slug":"zehnder-unite-de-rafraichissement-comfofond-q-pour-q-premium-droite-471310085","status":"publish","type":"product","link":"https:\/\/promochaudiere.be\/nl\/product\/zehnder-unite-de-rafraichissement-comfofond-q-pour-q-premium-droite-471310085\/","title":{"rendered":"Zehnder Unit\u00e9 de rafraichissement comfofond q pour q premium droite 471310085"},"content":{"rendered":"<p>Cette unit\u00e9 de rafra\u00eechissement Zehnder ComfoFond Q 450 est con\u00e7ue pour am\u00e9liorer le confort thermique en \u00e9t\u00e9. Elle assure une circulation d\u2019air frais en compl\u00e9ment des syst\u00e8mes de ventilation. Facile \u00e0 int\u00e9grer aux unit\u00e9s ComfoAir, elle optimise la gestion thermique du b\u00e2timent. Un choix parfait pour un climat int\u00e9rieur agr\u00e9able.<\/p>","protected":false},"excerpt":{"rendered":"<p>Zehnder Unit\u00e9 de rafraichissement comfofond q pour q premium droite 471310085<\/p>","protected":false},"featured_media":22833,"comment_status":"open","ping_status":"closed","template":"","meta":[],"product_brand":[],"product_cat":[10895],"product_tag":[],"class_list":{"0":"post-15966","1":"product","2":"type-product","3":"status-publish","4":"has-post-thumbnail","6":"product_cat-accessoires-zehnder","8":"first","9":"instock","10":"sale","11":"taxable","12":"shipping-taxable","13":"purchasable","14":"product-type-simple"},"aioseo_notices":[],"_links":{"self":[{"href":"https:\/\/promochaudiere.be\/nl\/wp-json\/wp\/v2\/product\/15966","targetHints":{"allow":["GET"]}}],"collection":[{"href":"https:\/\/promochaudiere.be\/nl\/wp-json\/wp\/v2\/product"}],"about":[{"href":"https:\/\/promochaudiere.be\/nl\/wp-json\/wp\/v2\/types\/product"}],"replies":[{"embeddable":true,"href":"https:\/\/promochaudiere.be\/nl\/wp-json\/wp\/v2\/comments?post=15966"}],"version-history":[{"count":1,"href":"https:\/\/promochaudiere.be\/nl\/wp-json\/wp\/v2\/product\/15966\/revisions"}],"predecessor-version":[{"id":52719,"href":"https:\/\/promochaudiere.be\/nl\/wp-json\/wp\/v2\/product\/15966\/revisions\/52719"}],"wp:featuredmedia":[{"embeddable":true,"href":"https:\/\/promochaudiere.be\/nl\/wp-json\/wp\/v2\/media\/22833"}],"wp:attachment":[{"href":"https:\/\/promochaudiere.be\/nl\/wp-json\/wp\/v2\/media?parent=15966"}],"wp:term":[{"taxonomy":"product_brand","embeddable":true,"href":"https:\/\/promochaudiere.be\/nl\/wp-json\/wp\/v2\/product_brand?post=15966"},{"taxonomy":"product_cat","embeddable":true,"href":"https:\/\/promochaudiere.be\/nl\/wp-json\/wp\/v2\/product_cat?post=15966"},{"taxonomy":"product_tag","embeddable":true,"href":"https:\/\/promochaudiere.be\/nl\/wp-json\/wp\/v2\/product_tag?post=15966"}],"curies":[{"name":"wp","href":"https:\/\/api.w.org\/{rel}","templated":true}]}}