{"id":15972,"date":"2025-01-17T10:02:51","date_gmt":"2025-01-17T10:02:51","guid":{"rendered":"https:\/\/promochaudiere.be\/produit\/bosch-pompe-a-chaleur-sanitaire-air-eau-cs5001-dw-7738340427\/"},"modified":"2026-02-03T19:40:21","modified_gmt":"2026-02-03T18:40:21","slug":"bosch-pompe-a-chaleur-sanitaire-air-eau-cs5001-dw-7738340427","status":"publish","type":"product","link":"https:\/\/promochaudiere.be\/nl\/product\/bosch-pompe-a-chaleur-sanitaire-air-eau-cs5001-dw-7738340427\/","title":{"rendered":"BOSCH Pompe \u00e0 chaleur sanitaire AIR\/EAU CS5001 DW 7738340427"},"content":{"rendered":"<p>La pompe \u00e0 chaleur sanitaire Bosch AIR\/EAU CS5001 DW est une solution innovante et \u00e9cologique pour la production d&rsquo;eau chaude sanitaire. Fonctionnant sur le principe de l&rsquo;a\u00e9rothermie, elle capte l&rsquo;\u00e9nergie thermique pr\u00e9sente dans l&rsquo;air ext\u00e9rieur pour chauffer l&rsquo;eau, offrant ainsi une alternative \u00e9conomique et respectueuse de l&rsquo;environnement aux chaudi\u00e8res traditionnelles. Elle est con\u00e7ue pour garantir des performances \u00e9lev\u00e9es avec un faible impact \u00e9nerg\u00e9tique. Gr\u00e2ce \u00e0 sa technologie avanc\u00e9e, elle assure une production d&rsquo;eau chaude constante, m\u00eame par temps froid. La Bosch CS5001 DW est id\u00e9ale pour les foyers recherchant une solution de chauffage et d&rsquo;eau chaude performante, durable et \u00e9co-responsable.<\/p>","protected":false},"excerpt":{"rendered":"<p><strong>Caract\u00e9ristiques\u00a0:<\/strong><\/p>\n<ul>\n<li>Hauteur : 1381 mm.<\/li>\n<li>Largeur : 520 mm.<\/li>\n<li>Profondeur : 540 mm.<\/li>\n<li>Classe \u00e9nerg\u00e9tique chauffage : A+.<\/li>\n<\/ul>","protected":false},"featured_media":17537,"comment_status":"open","ping_status":"closed","template":"","meta":[],"product_brand":[],"product_cat":[10969],"product_tag":[],"class_list":{"0":"post-15972","1":"product","2":"type-product","3":"status-publish","4":"has-post-thumbnail","6":"product_cat-bosch-junkers","7":"pa_marque-bosch","9":"first","10":"instock","11":"sale","12":"taxable","13":"shipping-taxable","14":"purchasable","15":"product-type-simple"},"aioseo_notices":[],"_links":{"self":[{"href":"https:\/\/promochaudiere.be\/nl\/wp-json\/wp\/v2\/product\/15972","targetHints":{"allow":["GET"]}}],"collection":[{"href":"https:\/\/promochaudiere.be\/nl\/wp-json\/wp\/v2\/product"}],"about":[{"href":"https:\/\/promochaudiere.be\/nl\/wp-json\/wp\/v2\/types\/product"}],"replies":[{"embeddable":true,"href":"https:\/\/promochaudiere.be\/nl\/wp-json\/wp\/v2\/comments?post=15972"}],"version-history":[{"count":2,"href":"https:\/\/promochaudiere.be\/nl\/wp-json\/wp\/v2\/product\/15972\/revisions"}],"predecessor-version":[{"id":44392,"href":"https:\/\/promochaudiere.be\/nl\/wp-json\/wp\/v2\/product\/15972\/revisions\/44392"}],"wp:featuredmedia":[{"embeddable":true,"href":"https:\/\/promochaudiere.be\/nl\/wp-json\/wp\/v2\/media\/17537"}],"wp:attachment":[{"href":"https:\/\/promochaudiere.be\/nl\/wp-json\/wp\/v2\/media?parent=15972"}],"wp:term":[{"taxonomy":"product_brand","embeddable":true,"href":"https:\/\/promochaudiere.be\/nl\/wp-json\/wp\/v2\/product_brand?post=15972"},{"taxonomy":"product_cat","embeddable":true,"href":"https:\/\/promochaudiere.be\/nl\/wp-json\/wp\/v2\/product_cat?post=15972"},{"taxonomy":"product_tag","embeddable":true,"href":"https:\/\/promochaudiere.be\/nl\/wp-json\/wp\/v2\/product_tag?post=15972"}],"curies":[{"name":"wp","href":"https:\/\/api.w.org\/{rel}","templated":true}]}}