{"id":15977,"date":"2025-01-17T10:02:53","date_gmt":"2025-01-17T10:02:53","guid":{"rendered":"https:\/\/promochaudiere.be\/produit\/bulex-boiler-thermodynamique-magna-agua-300-2c-puissance-165kw-hauteur-1658-mm-diametre-660-mm-profondeur-700-mm-0010024438\/"},"modified":"2026-02-03T18:17:22","modified_gmt":"2026-02-03T17:17:22","slug":"bulex-boiler-thermodynamique-magna-agua-300-2c-puissance-165kw-hauteur-1658-mm-diametre-660-mm-profondeur-700-mm","status":"publish","type":"product","link":"https:\/\/promochaudiere.be\/nl\/product\/bulex-boiler-thermodynamique-magna-agua-300-2c-puissance-165kw-hauteur-1658-mm-diametre-660-mm-profondeur-700-mm\/","title":{"rendered":"Bulex boiler thermodynamique magna agua 300\/2c puissance 1,65kW hauteur 1658 mm diam\u00e8tre 660 mm profondeur 700 mm 0010024438"},"content":{"rendered":"<p>Le chauffe-eau thermodynamique Bulex Magna Agua 300\/2C (r\u00e9f\u00e9rence 300\/2C) est une solution performante pour la production d&rsquo;eau chaude sanitaire. Avec une puissance de 1,65 kW, il garantit une efficacit\u00e9 \u00e9nerg\u00e9tique optimale tout en respectant l\u2019environnement. Sa hauteur de 1658 mm, son diam\u00e8tre de 660 mm et sa profondeur de 700 mm lui permettent de s\u2019adapter \u00e0 diff\u00e9rents types d\u2019installations, m\u00eame dans des espaces r\u00e9duits. Ce chauffe-eau utilise une technologie thermodynamique innovante, qui capte les calories de l&rsquo;air ambiant pour chauffer l&rsquo;eau, r\u00e9duisant ainsi la consommation d&rsquo;\u00e9nergie. Id\u00e9al pour les foyers recherchant une solution \u00e9conomique et \u00e9cologique pour la production d&rsquo;eau chaude.<\/p>","protected":false},"excerpt":{"rendered":"<p><strong>Caract\u00e9ristiques:<\/strong><\/p>\n<ul>\n<li>Hauteur : 1783 mm.<\/li>\n<li>Classe\u00a0: A+\u00a0.<\/li>\n<li>Diam\u00e8tre\u00a0: 634 mm.<\/li>\n<li>Raccordement sanitaire : 3\/4&Prime;.<\/li>\n<\/ul>","protected":false},"featured_media":17506,"comment_status":"open","ping_status":"closed","template":"","meta":[],"product_brand":[],"product_cat":[814],"product_tag":[],"class_list":{"0":"post-15977","1":"product","2":"type-product","3":"status-publish","4":"has-post-thumbnail","6":"product_cat-boiler-thermodynamique","7":"pa_marque-bulex","9":"first","10":"instock","11":"sale","12":"taxable","13":"shipping-taxable","14":"purchasable","15":"product-type-simple"},"aioseo_notices":[],"_links":{"self":[{"href":"https:\/\/promochaudiere.be\/nl\/wp-json\/wp\/v2\/product\/15977","targetHints":{"allow":["GET"]}}],"collection":[{"href":"https:\/\/promochaudiere.be\/nl\/wp-json\/wp\/v2\/product"}],"about":[{"href":"https:\/\/promochaudiere.be\/nl\/wp-json\/wp\/v2\/types\/product"}],"replies":[{"embeddable":true,"href":"https:\/\/promochaudiere.be\/nl\/wp-json\/wp\/v2\/comments?post=15977"}],"version-history":[{"count":2,"href":"https:\/\/promochaudiere.be\/nl\/wp-json\/wp\/v2\/product\/15977\/revisions"}],"predecessor-version":[{"id":44388,"href":"https:\/\/promochaudiere.be\/nl\/wp-json\/wp\/v2\/product\/15977\/revisions\/44388"}],"wp:featuredmedia":[{"embeddable":true,"href":"https:\/\/promochaudiere.be\/nl\/wp-json\/wp\/v2\/media\/17506"}],"wp:attachment":[{"href":"https:\/\/promochaudiere.be\/nl\/wp-json\/wp\/v2\/media?parent=15977"}],"wp:term":[{"taxonomy":"product_brand","embeddable":true,"href":"https:\/\/promochaudiere.be\/nl\/wp-json\/wp\/v2\/product_brand?post=15977"},{"taxonomy":"product_cat","embeddable":true,"href":"https:\/\/promochaudiere.be\/nl\/wp-json\/wp\/v2\/product_cat?post=15977"},{"taxonomy":"product_tag","embeddable":true,"href":"https:\/\/promochaudiere.be\/nl\/wp-json\/wp\/v2\/product_tag?post=15977"}],"curies":[{"name":"wp","href":"https:\/\/api.w.org\/{rel}","templated":true}]}}