{"id":15978,"date":"2025-01-17T10:02:53","date_gmt":"2025-01-17T10:02:53","guid":{"rendered":"https:\/\/promochaudiere.be\/produit\/remeha-chaudiere-murale-a-condensation-a-gaz-ecs-plaque-calenta-ace-28c-1circulateur-56-255kw-erp-cc-a-ec-a-xl-7673204\/"},"modified":"2026-02-03T18:17:22","modified_gmt":"2026-02-03T17:17:22","slug":"remeha-chaudiere-murale-a-condensation-a-gaz-ecs-plaque-calenta-ace-28c-56-255kw-erp-cc-a-ec-a-xl-7673204","status":"publish","type":"product","link":"https:\/\/promochaudiere.be\/nl\/product\/remeha-chaudiere-murale-a-condensation-a-gaz-ecs-plaque-calenta-ace-28c-56-255kw-erp-cc-a-ec-a-xl-7673204\/","title":{"rendered":"Remeha chaudi\u00e8re murale \u00e0 condensation \u00e0 gaz + ECS + plaque CALENTA ACE 28C 5,6-25,5kW ERP CC A \/EC A -XL 7673204"},"content":{"rendered":"<p>La chaudi\u00e8re murale \u00e0 condensation \u00e0 gaz Calenta ACE 28C de Remi est une solution de chauffage et de production d&rsquo;eau chaude sanitaire (ECS) hautement performante. Avec une plage de puissance de 5,6 \u00e0 25,5 kW, elle s&rsquo;adapte parfaitement aux besoins des foyers de taille moyenne \u00e0 grande. Gr\u00e2ce \u00e0 la technologie de condensation, elle optimise l&rsquo;efficacit\u00e9 \u00e9nerg\u00e9tique en r\u00e9cup\u00e9rant la chaleur des gaz de combustion, r\u00e9duisant ainsi la consommation d&rsquo;\u00e9nergie et les \u00e9missions. Class\u00e9e ERP CC A pour le chauffage et EC A pour la production d&rsquo;eau chaude, elle offre des performances exceptionnelles tout en respectant les normes environnementales strictes. Son design compact permet une installation facile et discr\u00e8te, tout en garantissant un confort thermique constant.<\/p>","protected":false},"excerpt":{"rendered":"<p><strong>Caract\u00e9ristiques\u00a0:<\/strong><\/p>\n<ul>\n<li>Hauteur : 690 mm.<\/li>\n<li>Largeur\u00a0: 450mm.<\/li>\n<li>Profondeur\u00a0: 450 mm.<\/li>\n<li>Classe \u00e9nerg\u00e9tique chauffage : A<\/li>\n<li>Classe \u00e9nerg\u00e9tique sanitaire : A<\/li>\n<li>Profil de soutirage\u00a0: XL<\/li>\n<\/ul>","protected":false},"featured_media":17498,"comment_status":"open","ping_status":"closed","template":"","meta":[],"product_brand":[],"product_cat":[9519],"product_tag":[],"class_list":{"0":"post-15978","1":"product","2":"type-product","3":"status-publish","4":"has-post-thumbnail","6":"product_cat-chaudiere-murale-gaz-a-condensation-avec-eau-chaude-sanitaire-fr-remeha","7":"pa_marque-remeha","9":"first","10":"instock","11":"sale","12":"taxable","13":"shipping-taxable","14":"purchasable","15":"product-type-simple"},"aioseo_notices":[],"_links":{"self":[{"href":"https:\/\/promochaudiere.be\/nl\/wp-json\/wp\/v2\/product\/15978","targetHints":{"allow":["GET"]}}],"collection":[{"href":"https:\/\/promochaudiere.be\/nl\/wp-json\/wp\/v2\/product"}],"about":[{"href":"https:\/\/promochaudiere.be\/nl\/wp-json\/wp\/v2\/types\/product"}],"replies":[{"embeddable":true,"href":"https:\/\/promochaudiere.be\/nl\/wp-json\/wp\/v2\/comments?post=15978"}],"version-history":[{"count":2,"href":"https:\/\/promochaudiere.be\/nl\/wp-json\/wp\/v2\/product\/15978\/revisions"}],"predecessor-version":[{"id":44389,"href":"https:\/\/promochaudiere.be\/nl\/wp-json\/wp\/v2\/product\/15978\/revisions\/44389"}],"wp:featuredmedia":[{"embeddable":true,"href":"https:\/\/promochaudiere.be\/nl\/wp-json\/wp\/v2\/media\/17498"}],"wp:attachment":[{"href":"https:\/\/promochaudiere.be\/nl\/wp-json\/wp\/v2\/media?parent=15978"}],"wp:term":[{"taxonomy":"product_brand","embeddable":true,"href":"https:\/\/promochaudiere.be\/nl\/wp-json\/wp\/v2\/product_brand?post=15978"},{"taxonomy":"product_cat","embeddable":true,"href":"https:\/\/promochaudiere.be\/nl\/wp-json\/wp\/v2\/product_cat?post=15978"},{"taxonomy":"product_tag","embeddable":true,"href":"https:\/\/promochaudiere.be\/nl\/wp-json\/wp\/v2\/product_tag?post=15978"}],"curies":[{"name":"wp","href":"https:\/\/api.w.org\/{rel}","templated":true}]}}