{"id":15988,"date":"2025-01-17T10:02:56","date_gmt":"2025-01-17T10:02:56","guid":{"rendered":"https:\/\/promochaudiere.be\/produit\/remeha-chaudiere-murale-a-condensation-a-gaz-ecs-plaque-calenta-ace-40c-1circulateur-79-356kw-erp-cc-a-ea-a-xl-7673206\/"},"modified":"2026-02-03T18:17:23","modified_gmt":"2026-02-03T17:17:23","slug":"remeha-chaudiere-murale-a-condensation-a-gaz-ecs-plaque-calenta-ace-40c-79-356kw-erp-cc-a-ea-a-xl","status":"publish","type":"product","link":"https:\/\/promochaudiere.be\/nl\/product\/remeha-chaudiere-murale-a-condensation-a-gaz-ecs-plaque-calenta-ace-40c-79-356kw-erp-cc-a-ea-a-xl\/","title":{"rendered":"Remeha chaudi\u00e8re murale \u00e0 condensation \u00e0 gaz + ECS + plaque calenta Ace 40C 7,9-35,6KW ERP CC A\/EA A-XL 7673206"},"content":{"rendered":"<p>La chaudi\u00e8re murale \u00e0 condensation \u00e0 gaz est une solution de chauffage et de production d&rsquo;eau chaude sanitaire (ECS) performante, con\u00e7ue pour r\u00e9pondre aux besoins des foyers et des petites entreprises. Avec une puissance modulable de 7,9 \u00e0 35,6 kW, elle s&rsquo;adapte parfaitement aux exigences de chauffage de diff\u00e9rentes configurations d&rsquo;habitation. Gr\u00e2ce \u00e0 la technologie de condensation, elle r\u00e9cup\u00e8re une grande partie de la chaleur contenue dans les gaz de combustion, ce qui permet de r\u00e9aliser des \u00e9conomies d&rsquo;\u00e9nergie tout en respectant les normes environnementales strictes. Le mod\u00e8le Calenta ACE int\u00e8gre \u00e9galement un syst\u00e8me de production d&rsquo;eau chaude instantan\u00e9e, assurant un confort optimal pour l&rsquo;utilisateur.<\/p>","protected":false},"excerpt":{"rendered":"<p>Remeha chaudi\u00e8re murale \u00e0 condensation \u00e0 gaz + ECS + plaque calenta Ace 40C 7,9-35,6KW ERP CC A\/EA A-XL<\/p>","protected":false},"featured_media":17460,"comment_status":"open","ping_status":"closed","template":"","meta":[],"product_brand":[],"product_cat":[9519],"product_tag":[],"class_list":{"0":"post-15988","1":"product","2":"type-product","3":"status-publish","4":"has-post-thumbnail","6":"product_cat-chaudiere-murale-gaz-a-condensation-avec-eau-chaude-sanitaire-fr-remeha","7":"pa_marque-remeha","9":"first","10":"instock","11":"sale","12":"taxable","13":"shipping-taxable","14":"purchasable","15":"product-type-simple"},"aioseo_notices":[],"_links":{"self":[{"href":"https:\/\/promochaudiere.be\/nl\/wp-json\/wp\/v2\/product\/15988","targetHints":{"allow":["GET"]}}],"collection":[{"href":"https:\/\/promochaudiere.be\/nl\/wp-json\/wp\/v2\/product"}],"about":[{"href":"https:\/\/promochaudiere.be\/nl\/wp-json\/wp\/v2\/types\/product"}],"replies":[{"embeddable":true,"href":"https:\/\/promochaudiere.be\/nl\/wp-json\/wp\/v2\/comments?post=15988"}],"version-history":[{"count":2,"href":"https:\/\/promochaudiere.be\/nl\/wp-json\/wp\/v2\/product\/15988\/revisions"}],"predecessor-version":[{"id":44383,"href":"https:\/\/promochaudiere.be\/nl\/wp-json\/wp\/v2\/product\/15988\/revisions\/44383"}],"wp:featuredmedia":[{"embeddable":true,"href":"https:\/\/promochaudiere.be\/nl\/wp-json\/wp\/v2\/media\/17460"}],"wp:attachment":[{"href":"https:\/\/promochaudiere.be\/nl\/wp-json\/wp\/v2\/media?parent=15988"}],"wp:term":[{"taxonomy":"product_brand","embeddable":true,"href":"https:\/\/promochaudiere.be\/nl\/wp-json\/wp\/v2\/product_brand?post=15988"},{"taxonomy":"product_cat","embeddable":true,"href":"https:\/\/promochaudiere.be\/nl\/wp-json\/wp\/v2\/product_cat?post=15988"},{"taxonomy":"product_tag","embeddable":true,"href":"https:\/\/promochaudiere.be\/nl\/wp-json\/wp\/v2\/product_tag?post=15988"}],"curies":[{"name":"wp","href":"https:\/\/api.w.org\/{rel}","templated":true}]}}