{"id":15992,"date":"2025-01-17T10:02:58","date_gmt":"2025-01-17T10:02:58","guid":{"rendered":"https:\/\/promochaudiere.be\/produit\/bosch-chaudiere-mural-a-condensation-7700w-45-7736902437\/"},"modified":"2026-02-03T19:40:22","modified_gmt":"2026-02-03T18:40:22","slug":"bosch-chaudiere-murale-a-condensation-7700w-45","status":"publish","type":"product","link":"https:\/\/promochaudiere.be\/nl\/product\/bosch-chaudiere-murale-a-condensation-7700w-45\/","title":{"rendered":"Bosch chaudi\u00e8re murale \u00e0 condensation GC7700IW 45  7736902437"},"content":{"rendered":"<p>La chaudi\u00e8re murale \u00e0 condensation est un mod\u00e8le performant con\u00e7u pour offrir un chauffage et une production d&rsquo;eau chaude sanitaire efficaces. Gr\u00e2ce \u00e0 sa technologie de condensation, elle optimise l&rsquo;utilisation de l&rsquo;\u00e9nergie en r\u00e9cup\u00e9rant la chaleur latente des gaz de combustion, ce qui permet une r\u00e9duction significative de la consommation d&rsquo;\u00e9nergie. Avec une puissance de 45 kW, elle convient parfaitement aux besoins des grandes habitations ou des petites entreprises. Son design compact permet une installation facile et discr\u00e8te, tandis que son fonctionnement silencieux et son entretien simplifi\u00e9 en font une option id\u00e9ale pour un confort\u00a0durable.<\/p>\n<div id=\"ctl00_ContentPlaceHolder1_ETIMPanel\"><span id=\"ctl00_ContentPlaceHolder1_ETIMClassLabel\" class=\"d-block font-weight-bold text-observatory pt-3 pl-3 pr-3 pb-2\">Chauffage au gaz mural<\/span><\/p>\n<table class=\"specification mt-3 mt-md-0 w-100\">\n<tbody>\n<tr>\n<td class=\"specificationlabel w-50\"><span id=\"ctl00_ContentPlaceHolder1_ETIMListView_ctrl0_ItemLabel\">Largeur<\/span><\/td>\n<td><span id=\"ctl00_ContentPlaceHolder1_ETIMListView_ctrl0_ItemValue\">440 mm<\/span><\/td>\n<\/tr>\n<tr>\n<td class=\"specificationlabel w-50\"><span id=\"ctl00_ContentPlaceHolder1_ETIMListView_ctrl1_ItemLabel\">Hauteur<\/span><\/td>\n<td><span id=\"ctl00_ContentPlaceHolder1_ETIMListView_ctrl1_ItemValue\">780 mm<\/span><\/td>\n<\/tr>\n<tr>\n<td class=\"specificationlabel w-50\"><span id=\"ctl00_ContentPlaceHolder1_ETIMListView_ctrl2_ItemLabel\">Profondeur<\/span><\/td>\n<td><span id=\"ctl00_ContentPlaceHolder1_ETIMListView_ctrl2_ItemValue\">365 mm<\/span><\/td>\n<\/tr>\n<tr>\n<td class=\"specificationlabel w-50\"><span id=\"ctl00_ContentPlaceHolder1_ETIMListView_ctrl3_ItemLabel\">Nombre de phases<\/span><\/td>\n<td><span id=\"ctl00_ContentPlaceHolder1_ETIMListView_ctrl3_ItemValue\">1<\/span><\/td>\n<\/tr>\n<tr>\n<td class=\"specificationlabel w-50\"><span id=\"ctl00_ContentPlaceHolder1_ETIMListView_ctrl4_ItemLabel\">Classe d&rsquo;efficacit\u00e9 \u00e9nerg\u00e9tique<\/span><\/td>\n<td><span id=\"ctl00_ContentPlaceHolder1_ETIMListView_ctrl4_ItemValue\">A<\/span><\/td>\n<\/tr>\n<tr>\n<td class=\"specificationlabel w-50\"><span id=\"ctl00_ContentPlaceHolder1_ETIMListView_ctrl5_ItemLabel\">Raccordement avance<\/span><\/td>\n<td><span id=\"ctl00_ContentPlaceHolder1_ETIMListView_ctrl5_ItemValue\">Filetage ext\u00e9rieur<\/span><\/td>\n<\/tr>\n<tr>\n<td class=\"specificationlabel w-50\"><span id=\"ctl00_ContentPlaceHolder1_ETIMListView_ctrl6_ItemLabel\">Raccordement retour<\/span><\/td>\n<td><span id=\"ctl00_ContentPlaceHolder1_ETIMListView_ctrl6_ItemValue\">Filetage ext\u00e9rieur<\/span><\/td>\n<\/tr>\n<tr>\n<td class=\"specificationlabel w-50\"><span id=\"ctl00_ContentPlaceHolder1_ETIMListView_ctrl7_ItemLabel\">Fr\u00e9quence<\/span><\/td>\n<td><span id=\"ctl00_ContentPlaceHolder1_ETIMListView_ctrl7_ItemValue\">50 Hz<\/span><\/td>\n<\/tr>\n<tr>\n<td class=\"specificationlabel w-50\"><span id=\"ctl00_ContentPlaceHolder1_ETIMListView_ctrl8_ItemLabel\">Finition ferm\u00e9e<\/span><\/td>\n<td><span id=\"ctl00_ContentPlaceHolder1_ETIMListView_ctrl8_ItemValue\">1<\/span><\/td>\n<\/tr>\n<tr>\n<td class=\"specificationlabel w-50\"><span id=\"ctl00_ContentPlaceHolder1_ETIMListView_ctrl9_ItemLabel\">Efficacit\u00e9 \u00e9nerg\u00e9tique de l\u2019eau chaude<\/span><\/td>\n<td><span id=\"ctl00_ContentPlaceHolder1_ETIMListView_ctrl9_ItemValue\">94 %<\/span><\/td>\n<\/tr>\n<tr>\n<td class=\"specificationlabel w-50\"><span id=\"ctl00_ContentPlaceHolder1_ETIMListView_ctrl10_ItemLabel\">SEER (Seasonal Energy Efficiency Ratio) en conditions standard<\/span><\/td>\n<td><span id=\"ctl00_ContentPlaceHolder1_ETIMListView_ctrl10_ItemValue\">94 %<\/span><\/td>\n<\/tr>\n<tr>\n<td class=\"specificationlabel w-50\"><span id=\"ctl00_ContentPlaceHolder1_ETIMListView_ctrl11_ItemLabel\">Profil de capacit\u00e9<\/span><\/td>\n<td><span id=\"ctl00_ContentPlaceHolder1_ETIMListView_ctrl11_ItemValue\">XL<\/span><\/td>\n<\/tr>\n<tr>\n<td class=\"specificationlabel w-50\"><span id=\"ctl00_ContentPlaceHolder1_ETIMListView_ctrl12_ItemLabel\">Consommation d&rsquo;\u00e9lectricit\u00e9 suppl\u00e9mentaire \u00e0 pleine charge (Elmax)<\/span><\/td>\n<td><span id=\"ctl00_ContentPlaceHolder1_ETIMListView_ctrl12_ItemValue\">053 kW<\/span><\/td>\n<\/tr>\n<tr>\n<td class=\"specificationlabel w-50\"><span id=\"ctl00_ContentPlaceHolder1_ETIMListView_ctrl13_ItemLabel\">\u00c9mission de chaleur utile \u00e0 chaleur nom. en op\u00e9ration \u00e0 haute temp\u00e9rature (P4)<\/span><\/td>\n<td><span id=\"ctl00_ContentPlaceHolder1_ETIMListView_ctrl13_ItemValue\">42,60 kW<\/span><\/td>\n<\/tr>\n<tr>\n<td class=\"specificationlabel w-50\"><span id=\"ctl00_ContentPlaceHolder1_ETIMListView_ctrl14_ItemLabel\">Efficience utile \u00e0 chaleur nominale en op\u00e9ration \u00e0 haute temp\u00e9rature (n4)<\/span><\/td>\n<td><span id=\"ctl00_ContentPlaceHolder1_ETIMListView_ctrl14_ItemValue\">88,20 %<\/span><\/td>\n<\/tr>\n<tr>\n<td class=\"specificationlabel w-50\"><span id=\"ctl00_ContentPlaceHolder1_ETIMListView_ctrl15_ItemLabel\">Consommation d&rsquo;\u00e9lectricit\u00e9 suppl\u00e9mentaire en veille (Psb)<\/span><\/td>\n<td><span id=\"ctl00_ContentPlaceHolder1_ETIMListView_ctrl15_ItemValue\">03 kW<\/span><\/td>\n<\/tr>\n<tr>\n<td class=\"specificationlabel w-50\"><span id=\"ctl00_ContentPlaceHolder1_ETIMListView_ctrl16_ItemLabel\">Perte de chaleur en veille (Pstby)<\/span><\/td>\n<td><span id=\"ctl00_ContentPlaceHolder1_ETIMListView_ctrl16_ItemValue\">085 kW<\/span><\/td>\n<\/tr>\n<tr>\n<td class=\"specificationlabel w-50\"><span id=\"ctl00_ContentPlaceHolder1_ETIMListView_ctrl17_ItemLabel\">Mat\u00e9riau, \u00e9changeur de chaleur<\/span><\/td>\n<td><span id=\"ctl00_ContentPlaceHolder1_ETIMListView_ctrl17_ItemValue\">Aluminium<\/span><\/td>\n<\/tr>\n<tr>\n<td class=\"specificationlabel w-50\"><span id=\"ctl00_ContentPlaceHolder1_ETIMListView_ctrl18_ItemLabel\">Commutateur de pompe int\u00e9gr\u00e9<\/span><\/td>\n<td><span id=\"ctl00_ContentPlaceHolder1_ETIMListView_ctrl18_ItemValue\">1<\/span><\/td>\n<\/tr>\n<tr>\n<td class=\"specificationlabel w-50\"><span id=\"ctl00_ContentPlaceHolder1_ETIMListView_ctrl19_ItemLabel\">Charge nominale, valeur inf\u00e9rieure<\/span><\/td>\n<td><span id=\"ctl00_ContentPlaceHolder1_ETIMListView_ctrl19_ItemValue\">6,20 kW<\/span><\/td>\n<\/tr>\n<tr>\n<td class=\"specificationlabel w-50\"><span id=\"ctl00_ContentPlaceHolder1_ETIMListView_ctrl20_ItemLabel\">Charge nominale, valeur sup\u00e9rieure<\/span><\/td>\n<td><span id=\"ctl00_ContentPlaceHolder1_ETIMListView_ctrl20_ItemValue\">44,50 kW<\/span><\/td>\n<\/tr>\n<tr>\n<td class=\"specificationlabel w-50\"><span id=\"ctl00_ContentPlaceHolder1_ETIMListView_ctrl21_ItemLabel\">Pression de travail minimale<\/span><\/td>\n<td><span id=\"ctl00_ContentPlaceHolder1_ETIMListView_ctrl21_ItemValue\">0,50 bar<\/span><\/td>\n<\/tr>\n<tr>\n<td class=\"specificationlabel w-50\"><span id=\"ctl00_ContentPlaceHolder1_ETIMListView_ctrl22_ItemLabel\">Temp\u00e9rature de replis minimale<\/span><\/td>\n<td><span id=\"ctl00_ContentPlaceHolder1_ETIMListView_ctrl22_ItemValue\">12\u00b0C<\/span><\/td>\n<\/tr>\n<tr>\n<td class=\"specificationlabel w-50\"><span id=\"ctl00_ContentPlaceHolder1_ETIMListView_ctrl23_ItemLabel\">Pression de gaz amont maximale<\/span><\/td>\n<td><span id=\"ctl00_ContentPlaceHolder1_ETIMListView_ctrl23_ItemValue\">25 mbar<\/span><\/td>\n<\/tr>\n<tr>\n<td class=\"specificationlabel w-50\"><span id=\"ctl00_ContentPlaceHolder1_ETIMListView_ctrl24_ItemLabel\">Vase d&rsquo;expansion int\u00e9gr\u00e9<\/span><\/td>\n<td><span id=\"ctl00_ContentPlaceHolder1_ETIMListView_ctrl24_ItemValue\">1<\/span><\/td>\n<\/tr>\n<tr>\n<td class=\"specificationlabel w-50\"><span id=\"ctl00_ContentPlaceHolder1_ETIMListView_ctrl25_ItemLabel\">Puissance utile nominale 80-60 \u00b0C<\/span><\/td>\n<td><span id=\"ctl00_ContentPlaceHolder1_ETIMListView_ctrl25_ItemValue\">42,60 kW<\/span><\/td>\n<\/tr>\n<tr>\n<td class=\"specificationlabel w-50\"><span id=\"ctl00_ContentPlaceHolder1_ETIMListView_ctrl26_ItemLabel\">Temp\u00e9rature maximale de l&rsquo;eau d&rsquo;arriv\u00e9e (temp\u00e9rature de service)<\/span><\/td>\n<td><span id=\"ctl00_ContentPlaceHolder1_ETIMListView_ctrl26_ItemValue\">60\u00b0C<\/span><\/td>\n<\/tr>\n<tr>\n<td class=\"specificationlabel w-50\"><span id=\"ctl00_ContentPlaceHolder1_ETIMListView_ctrl27_ItemLabel\">Pression de travail max.<\/span><\/td>\n<td><span id=\"ctl00_ContentPlaceHolder1_ETIMListView_ctrl27_ItemValue\">3 bar<\/span><\/td>\n<\/tr>\n<tr>\n<td class=\"specificationlabel w-50\"><span id=\"ctl00_ContentPlaceHolder1_ETIMListView_ctrl28_ItemLabel\">Diam\u00e8tre ext\u00e9rieur du tube d\u2019admission<\/span><\/td>\n<td><span id=\"ctl00_ContentPlaceHolder1_ETIMListView_ctrl28_ItemValue\">20 mm<\/span><\/td>\n<\/tr>\n<tr>\n<td class=\"specificationlabel w-50\"><span id=\"ctl00_ContentPlaceHolder1_ETIMListView_ctrl29_ItemLabel\">Diam\u00e8tre ext\u00e9rieur du tube de retour<\/span><\/td>\n<td><span id=\"ctl00_ContentPlaceHolder1_ETIMListView_ctrl29_ItemValue\">20 mm<\/span><\/td>\n<\/tr>\n<tr>\n<td class=\"specificationlabel w-50\"><span id=\"ctl00_ContentPlaceHolder1_ETIMListView_ctrl30_ItemLabel\">Raccord, carburant<\/span><\/td>\n<td><span id=\"ctl00_ContentPlaceHolder1_ETIMListView_ctrl30_ItemValue\">Filetage int\u00e9rieur<\/span><\/td>\n<\/tr>\n<tr>\n<td class=\"specificationlabel w-50\"><span id=\"ctl00_ContentPlaceHolder1_ETIMListView_ctrl31_ItemLabel\">Diam\u00e8tre ext\u00e9rieur du tube, carburant<\/span><\/td>\n<td><span id=\"ctl00_ContentPlaceHolder1_ETIMListView_ctrl31_ItemValue\">25 mm<\/span><\/td>\n<\/tr>\n<tr>\n<td class=\"specificationlabel w-50\"><span id=\"ctl00_ContentPlaceHolder1_ETIMListView_ctrl32_ItemLabel\">Raccord, conduit d\u2019air<\/span><\/td>\n<td><span id=\"ctl00_ContentPlaceHolder1_ETIMListView_ctrl32_ItemValue\">Bride<\/span><\/td>\n<\/tr>\n<tr>\n<td class=\"specificationlabel w-50\"><span id=\"ctl00_ContentPlaceHolder1_ETIMListView_ctrl33_ItemLabel\">Diam\u00e8tre nominal du canal, conduit d\u2019air<\/span><\/td>\n<td><span id=\"ctl00_ContentPlaceHolder1_ETIMListView_ctrl33_ItemValue\">125 mm<\/span><\/td>\n<\/tr>\n<tr>\n<td class=\"specificationlabel w-50\"><span id=\"ctl00_ContentPlaceHolder1_ETIMListView_ctrl34_ItemLabel\">Raccord, \u00e9vacuation des gaz de combustion<\/span><\/td>\n<td><span id=\"ctl00_ContentPlaceHolder1_ETIMListView_ctrl34_ItemValue\">Embout d&rsquo;insertion<\/span><\/td>\n<\/tr>\n<tr>\n<td class=\"specificationlabel w-50\"><span id=\"ctl00_ContentPlaceHolder1_ETIMListView_ctrl35_ItemLabel\">Raccord de condensat<\/span><\/td>\n<td><span id=\"ctl00_ContentPlaceHolder1_ETIMListView_ctrl35_ItemValue\">Flexible<\/span><\/td>\n<\/tr>\n<tr>\n<td class=\"specificationlabel w-50\"><span id=\"ctl00_ContentPlaceHolder1_ETIMListView_ctrl36_ItemLabel\">Diam\u00e8tre ext\u00e9rieur du tube, condensat<\/span><\/td>\n<td><span id=\"ctl00_ContentPlaceHolder1_ETIMListView_ctrl36_ItemValue\">20 mm<\/span><\/td>\n<\/tr>\n<tr>\n<td class=\"specificationlabel w-50\"><span id=\"ctl00_ContentPlaceHolder1_ETIMListView_ctrl37_ItemLabel\">Pression minimale de gaz amont<\/span><\/td>\n<td><span id=\"ctl00_ContentPlaceHolder1_ETIMListView_ctrl37_ItemValue\">17 mbar<\/span><\/td>\n<\/tr>\n<tr>\n<td class=\"specificationlabel w-50\"><span id=\"ctl00_ContentPlaceHolder1_ETIMListView_ctrl38_ItemLabel\">Diam\u00e8tre nominal du canal, \u00e9vacuation des gaz de combustion<\/span><\/td>\n<td><span id=\"ctl00_ContentPlaceHolder1_ETIMListView_ctrl38_ItemValue\">80 mm<\/span><\/td>\n<\/tr>\n<tr>\n<td class=\"specificationlabel w-50\"><span id=\"ctl00_ContentPlaceHolder1_ETIMListView_ctrl39_ItemLabel\">R\u00e9gulation du br\u00fbleur modul\u00e9e<\/span><\/td>\n<td><span id=\"ctl00_ContentPlaceHolder1_ETIMListView_ctrl39_ItemValue\">1<\/span><\/td>\n<\/tr>\n<tr>\n<td class=\"specificationlabel w-50\"><span id=\"ctl00_ContentPlaceHolder1_ETIMListView_ctrl40_ItemLabel\">Manom\u00e8tre incorpor\u00e9<\/span><\/td>\n<td><span id=\"ctl00_ContentPlaceHolder1_ETIMListView_ctrl40_ItemValue\">1<\/span><\/td>\n<\/tr>\n<tr>\n<td class=\"specificationlabel w-50\"><span id=\"ctl00_ContentPlaceHolder1_ETIMListView_ctrl41_ItemLabel\">Rendement<\/span><\/td>\n<td><span id=\"ctl00_ContentPlaceHolder1_ETIMListView_ctrl41_ItemValue\">94 %<\/span><\/td>\n<\/tr>\n<tr>\n<td class=\"specificationlabel w-50\"><span id=\"ctl00_ContentPlaceHolder1_ETIMListView_ctrl42_ItemLabel\">Signal de contr\u00f4le marche\/arr\u00eat<\/span><\/td>\n<td><span id=\"ctl00_ContentPlaceHolder1_ETIMListView_ctrl42_ItemValue\">1<\/span><\/td>\n<\/tr>\n<tr>\n<td class=\"specificationlabel w-50\"><span id=\"ctl00_ContentPlaceHolder1_ETIMListView_ctrl43_ItemLabel\">Finition ouverte et ferm\u00e9e<\/span><\/td>\n<td><span id=\"ctl00_ContentPlaceHolder1_ETIMListView_ctrl43_ItemValue\">1<\/span><\/td>\n<\/tr>\n<tr>\n<td class=\"specificationlabel w-50\"><span id=\"ctl00_ContentPlaceHolder1_ETIMListView_ctrl44_ItemLabel\">Performance nominale 50-30 \u00b0C<\/span><\/td>\n<td><span id=\"ctl00_ContentPlaceHolder1_ETIMListView_ctrl44_ItemValue\">44,40 kW<\/span><\/td>\n<\/tr>\n<tr>\n<td class=\"specificationlabel w-50\"><span id=\"ctl00_ContentPlaceHolder1_ETIMListView_ctrl45_ItemLabel\">Diam\u00e8tre nominal alimentation<\/span><\/td>\n<td><span id=\"ctl00_ContentPlaceHolder1_ETIMListView_ctrl45_ItemValue\">3\/4 pouce (20)<\/span><\/td>\n<\/tr>\n<tr>\n<td class=\"specificationlabel w-50\"><span id=\"ctl00_ContentPlaceHolder1_ETIMListView_ctrl46_ItemLabel\">Diam\u00e8tre nominal retour<\/span><\/td>\n<td><span id=\"ctl00_ContentPlaceHolder1_ETIMListView_ctrl46_ItemValue\">3\/4 pouce (20)<\/span><\/td>\n<\/tr>\n<tr>\n<td class=\"specificationlabel w-50\"><span id=\"ctl00_ContentPlaceHolder1_ETIMListView_ctrl47_ItemLabel\">Diam\u00e8tre interne nominal combustible<\/span><\/td>\n<td><span id=\"ctl00_ContentPlaceHolder1_ETIMListView_ctrl47_ItemValue\">3\/4 pouce (20)<\/span><\/td>\n<\/tr>\n<tr>\n<td class=\"specificationlabel w-50\"><span id=\"ctl00_ContentPlaceHolder1_ETIMListView_ctrl48_ItemLabel\">Diam\u00e8tre de filetage condensat<\/span><\/td>\n<td><span id=\"ctl00_ContentPlaceHolder1_ETIMListView_ctrl48_ItemValue\">DN 20<\/span><\/td>\n<\/tr>\n<\/tbody>\n<\/table>\n<\/div>\n<div id=\"ctl00_ContentPlaceHolder1_MoreInfoPanel\">\n<table id=\"ctl00_ContentPlaceHolder1_MoreInfoTable\" class=\"specification mt-2 mt-md-0 w-100\">\n<tbody>\n<tr id=\"ctl00_ContentPlaceHolder1_IntrastatTableRow\">\n<td class=\"specificationlabel w-50\">Intrastat<\/td>\n<td><span id=\"ctl00_ContentPlaceHolder1_IntrastatValue\">73218100<\/span><\/td>\n<\/tr>\n<\/tbody>\n<\/table>\n<\/div>","protected":false},"excerpt":{"rendered":"<p><strong>Caract\u00e9ristiques\u00a0:<\/strong><\/p>\n<ul>\n<li>Largeur\u00a0: 440 mm<\/li>\n<li>Hauteur\u00a0: 780 mm<\/li>\n<li>Profondeur\u00a0: 365 mm<\/li>\n<li>Classe \u00e9nerg\u00e9tique chauffage : A<\/li>\n<li>Raccordement gaz : 1&Prime;<\/li>\n<\/ul>","protected":false},"featured_media":17387,"comment_status":"open","ping_status":"closed","template":"","meta":[],"product_brand":[],"product_cat":[9481],"product_tag":[],"class_list":{"0":"post-15992","1":"product","2":"type-product","3":"status-publish","4":"has-post-thumbnail","6":"product_cat-chaudiere-murale-gaz-a-condensation-sans-eau-chaude-sanitaire-fr","7":"pa_marque-bosch","9":"first","10":"instock","11":"sale","12":"taxable","13":"shipping-taxable","14":"purchasable","15":"product-type-simple"},"aioseo_notices":[],"_links":{"self":[{"href":"https:\/\/promochaudiere.be\/nl\/wp-json\/wp\/v2\/product\/15992","targetHints":{"allow":["GET"]}}],"collection":[{"href":"https:\/\/promochaudiere.be\/nl\/wp-json\/wp\/v2\/product"}],"about":[{"href":"https:\/\/promochaudiere.be\/nl\/wp-json\/wp\/v2\/types\/product"}],"replies":[{"embeddable":true,"href":"https:\/\/promochaudiere.be\/nl\/wp-json\/wp\/v2\/comments?post=15992"}],"version-history":[{"count":2,"href":"https:\/\/promochaudiere.be\/nl\/wp-json\/wp\/v2\/product\/15992\/revisions"}],"predecessor-version":[{"id":44376,"href":"https:\/\/promochaudiere.be\/nl\/wp-json\/wp\/v2\/product\/15992\/revisions\/44376"}],"wp:featuredmedia":[{"embeddable":true,"href":"https:\/\/promochaudiere.be\/nl\/wp-json\/wp\/v2\/media\/17387"}],"wp:attachment":[{"href":"https:\/\/promochaudiere.be\/nl\/wp-json\/wp\/v2\/media?parent=15992"}],"wp:term":[{"taxonomy":"product_brand","embeddable":true,"href":"https:\/\/promochaudiere.be\/nl\/wp-json\/wp\/v2\/product_brand?post=15992"},{"taxonomy":"product_cat","embeddable":true,"href":"https:\/\/promochaudiere.be\/nl\/wp-json\/wp\/v2\/product_cat?post=15992"},{"taxonomy":"product_tag","embeddable":true,"href":"https:\/\/promochaudiere.be\/nl\/wp-json\/wp\/v2\/product_tag?post=15992"}],"curies":[{"name":"wp","href":"https:\/\/api.w.org\/{rel}","templated":true}]}}