{"id":15994,"date":"2025-01-17T10:02:58","date_gmt":"2025-01-17T10:02:58","guid":{"rendered":"https:\/\/promochaudiere.be\/produit\/vasco-unite-de-ventilation-d6x-a-recuperation-de-chaleur-commutateur-600m%c2%b3-classe-erp-a-11ve00043\/"},"modified":"2026-02-03T19:40:22","modified_gmt":"2026-02-03T18:40:22","slug":"vasco-unite-de-ventilation-d6x-a-recuperation-de-chaleur-commutateur-600m%c2%b3-classe-erp-a","status":"publish","type":"product","link":"https:\/\/promochaudiere.be\/nl\/product\/vasco-unite-de-ventilation-d6x-a-recuperation-de-chaleur-commutateur-600m%c2%b3-classe-erp-a\/","title":{"rendered":"Vasco unit\u00e9 de ventilation D6X a r\u00e9cup\u00e9ration de chaleur + commutateur 600m\u00b3 classe ERP A 11VE00043"},"content":{"rendered":"<p>L&rsquo;unit\u00e9 de ventilation D6X Vasco est un syst\u00e8me de ventilation hautement performant con\u00e7u pour am\u00e9liorer l&rsquo;efficacit\u00e9 \u00e9nerg\u00e9tique des b\u00e2timents tout en assurant une qualit\u00e9 de l&rsquo;air optimale. Gr\u00e2ce \u00e0 la r\u00e9cup\u00e9ration de chaleur, cette unit\u00e9 permet de pr\u00e9chauffer ou de refroidir l&rsquo;air entrant en utilisant l&rsquo;\u00e9nergie de l&rsquo;air sortant, ce qui permet de r\u00e9duire les besoins en chauffage et en climatisation, tout en garantissant un confort thermique constant. Le commutateur 600m\u00b3 assure un d\u00e9bit d&rsquo;air ad\u00e9quat pour des espaces de taille moyenne \u00e0 grande, offrant ainsi une ventilation optimale. Class\u00e9e ERP A, cette unit\u00e9 respecte les standards \u00e9cologiques les plus stricts, contribuant ainsi \u00e0 une gestion \u00e9nerg\u00e9tique plus durable et \u00e0 une r\u00e9duction des co\u00fbts li\u00e9s \u00e0 la consommation d&rsquo;\u00e9nergie.<\/p>","protected":false},"excerpt":{"rendered":"<p>Vasco unit\u00e9 de ventilation D6X a r\u00e9cup\u00e9ration de chaleur + commutateur 600m\u00b3 classe ERP A<\/p>","protected":false},"featured_media":17381,"comment_status":"open","ping_status":"closed","template":"","meta":[],"product_brand":[],"product_cat":[5521],"product_tag":[],"class_list":{"0":"post-15994","1":"product","2":"type-product","3":"status-publish","4":"has-post-thumbnail","6":"product_cat-unite-de-ventilation","7":"pa_marque-vasco","9":"first","10":"instock","11":"sale","12":"taxable","13":"shipping-taxable","14":"purchasable","15":"product-type-simple"},"aioseo_notices":[],"_links":{"self":[{"href":"https:\/\/promochaudiere.be\/nl\/wp-json\/wp\/v2\/product\/15994","targetHints":{"allow":["GET"]}}],"collection":[{"href":"https:\/\/promochaudiere.be\/nl\/wp-json\/wp\/v2\/product"}],"about":[{"href":"https:\/\/promochaudiere.be\/nl\/wp-json\/wp\/v2\/types\/product"}],"replies":[{"embeddable":true,"href":"https:\/\/promochaudiere.be\/nl\/wp-json\/wp\/v2\/comments?post=15994"}],"version-history":[{"count":2,"href":"https:\/\/promochaudiere.be\/nl\/wp-json\/wp\/v2\/product\/15994\/revisions"}],"predecessor-version":[{"id":52711,"href":"https:\/\/promochaudiere.be\/nl\/wp-json\/wp\/v2\/product\/15994\/revisions\/52711"}],"wp:featuredmedia":[{"embeddable":true,"href":"https:\/\/promochaudiere.be\/nl\/wp-json\/wp\/v2\/media\/17381"}],"wp:attachment":[{"href":"https:\/\/promochaudiere.be\/nl\/wp-json\/wp\/v2\/media?parent=15994"}],"wp:term":[{"taxonomy":"product_brand","embeddable":true,"href":"https:\/\/promochaudiere.be\/nl\/wp-json\/wp\/v2\/product_brand?post=15994"},{"taxonomy":"product_cat","embeddable":true,"href":"https:\/\/promochaudiere.be\/nl\/wp-json\/wp\/v2\/product_cat?post=15994"},{"taxonomy":"product_tag","embeddable":true,"href":"https:\/\/promochaudiere.be\/nl\/wp-json\/wp\/v2\/product_tag?post=15994"}],"curies":[{"name":"wp","href":"https:\/\/api.w.org\/{rel}","templated":true}]}}