{"id":15995,"date":"2025-01-17T10:02:59","date_gmt":"2025-01-17T10:02:59","guid":{"rendered":"https:\/\/promochaudiere.be\/produit\/bosch-pompe-a-chaleur-sanitaire-air-eau-avec-echangeur-et-spirale-cs5001-dw-250l-7738340430\/"},"modified":"2026-02-03T18:17:24","modified_gmt":"2026-02-03T17:17:24","slug":"bosch-pompe-a-chaleur-sanitaire-air-eau-avec-echangeur-et-spirale-cs5001-dw-250l","status":"publish","type":"product","link":"https:\/\/promochaudiere.be\/nl\/product\/bosch-pompe-a-chaleur-sanitaire-air-eau-avec-echangeur-et-spirale-cs5001-dw-250l\/","title":{"rendered":"Bosch pompe \u00e0 chaleur sanitaire air\/eau avec \u00e9changeur et spirale CS5001 DW 250L 7738340430"},"content":{"rendered":"<p>La pompe \u00e0 chaleur sanitaire air\/eau Bosch est un appareil innovant con\u00e7u pour produire de l&rsquo;eau chaude sanitaire de mani\u00e8re \u00e9conome en \u00e9nergie. Dot\u00e9e d&rsquo;un \u00e9changeur thermique et d&rsquo;une spirale int\u00e9gr\u00e9e, cette pompe \u00e0 chaleur utilise l&rsquo;air ambiant comme source d&rsquo;\u00e9nergie pour chauffer l&rsquo;eau, ce qui permet de r\u00e9duire consid\u00e9rablement la consommation d&rsquo;\u00e9lectricit\u00e9 par rapport aux syst\u00e8mes de chauffage classiques. Avec une capacit\u00e9 de 250 litres, elle offre un volume suffisant pour r\u00e9pondre aux besoins d&rsquo;une famille de taille moyenne, tout en garantissant un confort optimal gr\u00e2ce \u00e0 une production d&rsquo;eau chaude rapide et constante.<\/p>","protected":false},"excerpt":{"rendered":"<p><strong>Caract\u00e9ristiques\u00a0:<\/strong><\/p>\n<ul>\n<li>Volume\u00a0: 250 L<\/li>\n<li>Hauteur\u00a0: 2010 mm<\/li>\n<li>Longueur\u00a0: 630 mm<\/li>\n<li>Profondeur\u00a0: 630 mm<\/li>\n<li>Classe \u00e9nerg\u00e9tique\u00a0: A<\/li>\n<\/ul>","protected":false},"featured_media":17378,"comment_status":"open","ping_status":"closed","template":"","meta":[],"product_brand":[],"product_cat":[10969],"product_tag":[],"class_list":{"0":"post-15995","1":"product","2":"type-product","3":"status-publish","4":"has-post-thumbnail","6":"product_cat-bosch-junkers","7":"pa_marque-bosch","9":"first","10":"instock","11":"sale","12":"taxable","13":"shipping-taxable","14":"purchasable","15":"product-type-simple"},"aioseo_notices":[],"_links":{"self":[{"href":"https:\/\/promochaudiere.be\/nl\/wp-json\/wp\/v2\/product\/15995","targetHints":{"allow":["GET"]}}],"collection":[{"href":"https:\/\/promochaudiere.be\/nl\/wp-json\/wp\/v2\/product"}],"about":[{"href":"https:\/\/promochaudiere.be\/nl\/wp-json\/wp\/v2\/types\/product"}],"replies":[{"embeddable":true,"href":"https:\/\/promochaudiere.be\/nl\/wp-json\/wp\/v2\/comments?post=15995"}],"version-history":[{"count":2,"href":"https:\/\/promochaudiere.be\/nl\/wp-json\/wp\/v2\/product\/15995\/revisions"}],"predecessor-version":[{"id":44373,"href":"https:\/\/promochaudiere.be\/nl\/wp-json\/wp\/v2\/product\/15995\/revisions\/44373"}],"wp:featuredmedia":[{"embeddable":true,"href":"https:\/\/promochaudiere.be\/nl\/wp-json\/wp\/v2\/media\/17378"}],"wp:attachment":[{"href":"https:\/\/promochaudiere.be\/nl\/wp-json\/wp\/v2\/media?parent=15995"}],"wp:term":[{"taxonomy":"product_brand","embeddable":true,"href":"https:\/\/promochaudiere.be\/nl\/wp-json\/wp\/v2\/product_brand?post=15995"},{"taxonomy":"product_cat","embeddable":true,"href":"https:\/\/promochaudiere.be\/nl\/wp-json\/wp\/v2\/product_cat?post=15995"},{"taxonomy":"product_tag","embeddable":true,"href":"https:\/\/promochaudiere.be\/nl\/wp-json\/wp\/v2\/product_tag?post=15995"}],"curies":[{"name":"wp","href":"https:\/\/api.w.org\/{rel}","templated":true}]}}