{"id":15998,"date":"2025-01-17T10:03:00","date_gmt":"2025-01-17T10:03:00","guid":{"rendered":"https:\/\/promochaudiere.be\/produit\/bosch-chaudiere-murale-a-condensation-ecs-7700-50c-7736902435\/"},"modified":"2026-02-03T19:40:23","modified_gmt":"2026-02-03T18:40:23","slug":"bosch-chaudiere-murale-a-condensation-ecs-7700-50c-7736902435","status":"publish","type":"product","link":"https:\/\/promochaudiere.be\/nl\/product\/bosch-chaudiere-murale-a-condensation-ecs-7700-50c-7736902435\/","title":{"rendered":"Bosch chaudi\u00e8re murale \u00e0 condensation + ECS 7700 50C 7736902435"},"content":{"rendered":"<p>La chaudi\u00e8re murale \u00e0 condensation Bosch 7700 50C avec production d&rsquo;eau chaude sanitaire (ECS) est un appareil haut de gamme, con\u00e7u pour offrir une performance \u00e9nerg\u00e9tique optimale et un confort thermique \u00e0 la fois pour le chauffage et la production d&rsquo;eau chaude. Gr\u00e2ce \u00e0 sa technologie de condensation, elle r\u00e9cup\u00e8re la chaleur des gaz de combustion pour maximiser l&rsquo;efficacit\u00e9 \u00e9nerg\u00e9tique, r\u00e9duisant ainsi la consommation de gaz et les \u00e9missions de CO2. Compacte et silencieuse, la Bosch 7700 50C s&rsquo;int\u00e8gre facilement dans tous types d&rsquo;habitations, tout en offrant une grande fiabilit\u00e9 et une facilit\u00e9 d&rsquo;utilisation. Son syst\u00e8me ECS permet d&rsquo;assurer un approvisionnement en eau chaude constant et \u00e0 temp\u00e9rature id\u00e9ale, r\u00e9pondant aux besoins de toute la famille.<\/p>","protected":false},"excerpt":{"rendered":"<p><strong>Caract\u00e9ristiques :<\/strong><\/p>\n<ul>\n<li>Largeur : 440 mm<\/li>\n<li>Hauteur : 780 mm<\/li>\n<li>Profondeur : 365 mm<\/li>\n<li>Classe \u00e9nerg\u00e9tique chauffage : A<\/li>\n<li>Classe \u00e9nerg\u00e9tique sanitaire : A<\/li>\n<li>Profil de soutirage : XL<\/li>\n<\/ul>","protected":false},"featured_media":16036,"comment_status":"open","ping_status":"closed","template":"","meta":[],"product_brand":[],"product_cat":[9477],"product_tag":[],"class_list":{"0":"post-15998","1":"product","2":"type-product","3":"status-publish","4":"has-post-thumbnail","6":"product_cat-chaudiere-murale-gaz-a-condensation-avec-eau-chaude-sanitaire-fr","7":"pa_marque-bosch","9":"first","10":"instock","11":"sale","12":"taxable","13":"shipping-taxable","14":"purchasable","15":"product-type-simple"},"aioseo_notices":[],"_links":{"self":[{"href":"https:\/\/promochaudiere.be\/nl\/wp-json\/wp\/v2\/product\/15998","targetHints":{"allow":["GET"]}}],"collection":[{"href":"https:\/\/promochaudiere.be\/nl\/wp-json\/wp\/v2\/product"}],"about":[{"href":"https:\/\/promochaudiere.be\/nl\/wp-json\/wp\/v2\/types\/product"}],"replies":[{"embeddable":true,"href":"https:\/\/promochaudiere.be\/nl\/wp-json\/wp\/v2\/comments?post=15998"}],"version-history":[{"count":2,"href":"https:\/\/promochaudiere.be\/nl\/wp-json\/wp\/v2\/product\/15998\/revisions"}],"predecessor-version":[{"id":44370,"href":"https:\/\/promochaudiere.be\/nl\/wp-json\/wp\/v2\/product\/15998\/revisions\/44370"}],"wp:featuredmedia":[{"embeddable":true,"href":"https:\/\/promochaudiere.be\/nl\/wp-json\/wp\/v2\/media\/16036"}],"wp:attachment":[{"href":"https:\/\/promochaudiere.be\/nl\/wp-json\/wp\/v2\/media?parent=15998"}],"wp:term":[{"taxonomy":"product_brand","embeddable":true,"href":"https:\/\/promochaudiere.be\/nl\/wp-json\/wp\/v2\/product_brand?post=15998"},{"taxonomy":"product_cat","embeddable":true,"href":"https:\/\/promochaudiere.be\/nl\/wp-json\/wp\/v2\/product_cat?post=15998"},{"taxonomy":"product_tag","embeddable":true,"href":"https:\/\/promochaudiere.be\/nl\/wp-json\/wp\/v2\/product_tag?post=15998"}],"curies":[{"name":"wp","href":"https:\/\/api.w.org\/{rel}","templated":true}]}}