{"id":16001,"date":"2025-01-17T10:03:01","date_gmt":"2025-01-17T10:03:01","guid":{"rendered":"https:\/\/promochaudiere.be\/produit\/remeha-chaudiere-murale-a-condensation-au-gaz-quinta-ace-avec-t-controle-1circulateur-65-classe-erp-a-7699464\/"},"modified":"2026-02-03T19:40:24","modified_gmt":"2026-02-03T18:40:24","slug":"remeha-chaudiere-murale-a-condensation-au-gaz-quinta-ace-avec-t-controle-65-classe-erp-a","status":"publish","type":"product","link":"https:\/\/promochaudiere.be\/nl\/product\/remeha-chaudiere-murale-a-condensation-au-gaz-quinta-ace-avec-t-controle-65-classe-erp-a\/","title":{"rendered":"Remeha chaudi\u00e8re murale \u00e0 condensation au gaz Quinta Ace avec T-controle 65 classe ERP A 7699464"},"content":{"rendered":"<p>La chaudi\u00e8re murale \u00e0 condensation gaz Remeha Quinta Ace 65 est une solution de chauffage hautement performante et \u00e9cologique, certifi\u00e9e classe ERP A. Gr\u00e2ce \u00e0 la technologie de condensation, elle maximise l\u2019efficacit\u00e9 \u00e9nerg\u00e9tique en r\u00e9cup\u00e9rant la chaleur des gaz de combustion, ce qui permet une r\u00e9duction significative de la consommation d\u2019\u00e9nergie et des \u00e9missions de CO2. D\u2019une puissance de 90 kW, cette chaudi\u00e8re est id\u00e9ale pour r\u00e9pondre aux besoins de chauffage de b\u00e2timents de taille moyenne. Son syst\u00e8me T-Contr\u00f4le offre un confort optimal, permettant un contr\u00f4le pr\u00e9cis de la temp\u00e9rature et une gestion intelligente de l\u2019\u00e9nergie. L&rsquo;interface simple et intuitive facilite l\u2019utilisation au quotidien, tandis que sa conception compacte et murale permet une installation facile m\u00eame dans des espaces restreints.<\/p>","protected":false},"excerpt":{"rendered":"<p>Remeha chaudi\u00e8re murale \u00e0 condensation au gaz Quinta Ace avec T-controle 65 classe ERP A<\/p>","protected":false},"featured_media":16046,"comment_status":"open","ping_status":"closed","template":"","meta":[],"product_brand":[],"product_cat":[9523],"product_tag":[],"class_list":{"0":"post-16001","1":"product","2":"type-product","3":"status-publish","4":"has-post-thumbnail","6":"product_cat-chaudiere-murale-gaz-a-condensation-sans-eau-chaude-sanitaire-fr-remeha","7":"pa_marque-remeha","9":"first","10":"instock","11":"sale","12":"taxable","13":"shipping-taxable","14":"purchasable","15":"product-type-simple"},"aioseo_notices":[],"_links":{"self":[{"href":"https:\/\/promochaudiere.be\/nl\/wp-json\/wp\/v2\/product\/16001","targetHints":{"allow":["GET"]}}],"collection":[{"href":"https:\/\/promochaudiere.be\/nl\/wp-json\/wp\/v2\/product"}],"about":[{"href":"https:\/\/promochaudiere.be\/nl\/wp-json\/wp\/v2\/types\/product"}],"replies":[{"embeddable":true,"href":"https:\/\/promochaudiere.be\/nl\/wp-json\/wp\/v2\/comments?post=16001"}],"version-history":[{"count":1,"href":"https:\/\/promochaudiere.be\/nl\/wp-json\/wp\/v2\/product\/16001\/revisions"}],"predecessor-version":[{"id":44368,"href":"https:\/\/promochaudiere.be\/nl\/wp-json\/wp\/v2\/product\/16001\/revisions\/44368"}],"wp:featuredmedia":[{"embeddable":true,"href":"https:\/\/promochaudiere.be\/nl\/wp-json\/wp\/v2\/media\/16046"}],"wp:attachment":[{"href":"https:\/\/promochaudiere.be\/nl\/wp-json\/wp\/v2\/media?parent=16001"}],"wp:term":[{"taxonomy":"product_brand","embeddable":true,"href":"https:\/\/promochaudiere.be\/nl\/wp-json\/wp\/v2\/product_brand?post=16001"},{"taxonomy":"product_cat","embeddable":true,"href":"https:\/\/promochaudiere.be\/nl\/wp-json\/wp\/v2\/product_cat?post=16001"},{"taxonomy":"product_tag","embeddable":true,"href":"https:\/\/promochaudiere.be\/nl\/wp-json\/wp\/v2\/product_tag?post=16001"}],"curies":[{"name":"wp","href":"https:\/\/api.w.org\/{rel}","templated":true}]}}