{"id":16003,"date":"2025-01-17T10:03:02","date_gmt":"2025-01-17T10:03:02","guid":{"rendered":"https:\/\/promochaudiere.be\/produit\/vaillant-chaudiere-murale-a-condensation-au-gaz-ecotec-big-vc806-16-80kw-de-type-chaudiere-seule-0010010760\/"},"modified":"2026-02-03T18:17:25","modified_gmt":"2026-02-03T17:17:25","slug":"vaillant-chaudiere-murale-a-condensation-au-gaz-ecotec-big-vc806-16-80kw","status":"publish","type":"product","link":"https:\/\/promochaudiere.be\/nl\/product\/vaillant-chaudiere-murale-a-condensation-au-gaz-ecotec-big-vc806-16-80kw\/","title":{"rendered":"Vaillant chaudi\u00e8re murale \u00e0 condensation au gaz Ecotec big VC806 16-80KW 0010010760"},"content":{"rendered":"<p>La chaudi\u00e8re murale \u00e0 condensation gaz Vaillant Ecotec Big VC806, avec une plage de puissance modulable de 16 \u00e0 80 kW, est une solution de chauffage performante et \u00e9conomique pour les grandes habitations ou les petits b\u00e2timents commerciaux. Gr\u00e2ce \u00e0 sa technologie de condensation, elle r\u00e9cup\u00e8re la chaleur des gaz de combustion, ce qui permet de maximiser le rendement \u00e9nerg\u00e9tique et de r\u00e9duire les co\u00fbts de chauffage en utilisant moins d&rsquo;\u00e9nergie. L\u2019Ecotec Big VC806 se distingue par sa grande fiabilit\u00e9 et sa flexibilit\u00e9, adapt\u00e9e \u00e0 une large gamme de besoins de chauffage. Son syst\u00e8me de r\u00e9gulation intelligente ajuste automatiquement la puissance pour r\u00e9pondre pr\u00e9cis\u00e9ment aux besoins thermiques, garantissant ainsi un confort optimal tout en r\u00e9duisant la consommation d&rsquo;\u00e9nergie. Con\u00e7ue pour \u00eatre compacte et facile \u00e0 installer, cette chaudi\u00e8re offre une solution efficace et respectueuse de l&rsquo;environnement, tout en int\u00e9grant des fonctionnalit\u00e9s avanc\u00e9es pour un contr\u00f4le simplifi\u00e9 et une gestion optimale du syst\u00e8me de chauffage.<\/p>","protected":false},"excerpt":{"rendered":"<p><strong>Caract\u00e9ristiques\u00a0:<\/strong><\/p>\n<ul>\n<li>Largeur : 480 mm<\/li>\n<li>Hauteur : 960 mm<\/li>\n<li>Profondeur\u00a0: 603 mm<\/li>\n<li>Raccordement \u00e9lectrique\u00a0: 230 V<\/li>\n<li>Fr\u00e9quence \u00e9lectrique\u00a0: 50 Hz<\/li>\n<li>Puissance \u00e9lectrique absorb\u00e9e max\u00a0: 122 W<\/li>\n<li>Puissance \u00e9lectrique absorb\u00e9e min\u00a0: 25 W<\/li>\n<\/ul>","protected":false},"featured_media":16040,"comment_status":"open","ping_status":"closed","template":"","meta":[],"product_brand":[],"product_cat":[8855],"product_tag":[],"class_list":{"0":"post-16003","1":"product","2":"type-product","3":"status-publish","4":"has-post-thumbnail","6":"product_cat-chaudiere-murale-gaz-a-condensation-sans-eau-chaude-sanitaire","7":"pa_marque-vaillant","9":"first","10":"instock","11":"sale","12":"taxable","13":"shipping-taxable","14":"purchasable","15":"product-type-simple"},"aioseo_notices":[],"_links":{"self":[{"href":"https:\/\/promochaudiere.be\/nl\/wp-json\/wp\/v2\/product\/16003","targetHints":{"allow":["GET"]}}],"collection":[{"href":"https:\/\/promochaudiere.be\/nl\/wp-json\/wp\/v2\/product"}],"about":[{"href":"https:\/\/promochaudiere.be\/nl\/wp-json\/wp\/v2\/types\/product"}],"replies":[{"embeddable":true,"href":"https:\/\/promochaudiere.be\/nl\/wp-json\/wp\/v2\/comments?post=16003"}],"version-history":[{"count":2,"href":"https:\/\/promochaudiere.be\/nl\/wp-json\/wp\/v2\/product\/16003\/revisions"}],"predecessor-version":[{"id":52710,"href":"https:\/\/promochaudiere.be\/nl\/wp-json\/wp\/v2\/product\/16003\/revisions\/52710"}],"wp:featuredmedia":[{"embeddable":true,"href":"https:\/\/promochaudiere.be\/nl\/wp-json\/wp\/v2\/media\/16040"}],"wp:attachment":[{"href":"https:\/\/promochaudiere.be\/nl\/wp-json\/wp\/v2\/media?parent=16003"}],"wp:term":[{"taxonomy":"product_brand","embeddable":true,"href":"https:\/\/promochaudiere.be\/nl\/wp-json\/wp\/v2\/product_brand?post=16003"},{"taxonomy":"product_cat","embeddable":true,"href":"https:\/\/promochaudiere.be\/nl\/wp-json\/wp\/v2\/product_cat?post=16003"},{"taxonomy":"product_tag","embeddable":true,"href":"https:\/\/promochaudiere.be\/nl\/wp-json\/wp\/v2\/product_tag?post=16003"}],"curies":[{"name":"wp","href":"https:\/\/api.w.org\/{rel}","templated":true}]}}