{"id":16006,"date":"2025-01-17T10:03:03","date_gmt":"2025-01-17T10:03:03","guid":{"rendered":"https:\/\/promochaudiere.be\/produit\/vaillant-chaudiere-murale-a-condensation-au-gaz-ecotec-big-vc1006-20-100kw-de-type-chaudiere-seule-0010010773\/"},"modified":"2026-02-03T19:40:24","modified_gmt":"2026-02-03T18:40:24","slug":"vaillant-chaudiere-murale-a-condensation-au-gaz-ecotec-big-vc1006-20-100kw","status":"publish","type":"product","link":"https:\/\/promochaudiere.be\/nl\/product\/vaillant-chaudiere-murale-a-condensation-au-gaz-ecotec-big-vc1006-20-100kw\/","title":{"rendered":"Vaillant chaudi\u00e8re murale \u00e0 condensation au gaz Ecotec big VC1006 20-100KW 0010010773"},"content":{"rendered":"<p>La chaudi\u00e8re murale \u00e0 condensation gaz Ecotec Big VC1006 de Vaillant, d\u2019une puissance modulable de 20 \u00e0 100 kW, est une solution de chauffage robuste et efficace, adapt\u00e9e aux besoins de chauffage des grandes habitations et des petits b\u00e2timents commerciaux. Gr\u00e2ce \u00e0 la technologie de condensation, elle optimise le rendement \u00e9nerg\u00e9tique en r\u00e9cup\u00e9rant la chaleur latente des gaz de combustion, ce qui permet de r\u00e9duire la consommation de gaz et d&rsquo;abaisser les co\u00fbts de chauffage. Cette chaudi\u00e8re est con\u00e7ue pour offrir une performance de haut niveau, m\u00eame dans des conditions d&rsquo;utilisation exigeantes. Son syst\u00e8me de modulation intelligente permet de r\u00e9guler la production de chaleur en fonction des besoins r\u00e9els, ce qui garantit un confort optimal tout en maximisant les \u00e9conomies d&rsquo;\u00e9nergie. L\u2019interface conviviale facilite le contr\u00f4le des param\u00e8tres et la gestion de l\u2019appareil.<\/p>","protected":false},"excerpt":{"rendered":"<p><strong>Caract\u00e9ristiques\u00a0:<\/strong><\/p>\n<ul>\n<li>Hauteur : 960 mm<\/li>\n<li>Largeur : 480 mm<\/li>\n<li>Profondeur : 603 mm<\/li>\n<li>Alimentation \u00e9lectrique\u00a0: 230\/50 V\/Hz<\/li>\n<li>Puissance \u00e9lectrique absorb\u00e9e min\/max : 18\/60 W<\/li>\n<li>Classe de protection\u00a0: IP X4 D<\/li>\n<\/ul>","protected":false},"featured_media":16026,"comment_status":"open","ping_status":"closed","template":"","meta":[],"product_brand":[],"product_cat":[8855],"product_tag":[],"class_list":{"0":"post-16006","1":"product","2":"type-product","3":"status-publish","4":"has-post-thumbnail","6":"product_cat-chaudiere-murale-gaz-a-condensation-sans-eau-chaude-sanitaire","7":"pa_marque-vaillant","9":"first","10":"instock","11":"sale","12":"taxable","13":"shipping-taxable","14":"purchasable","15":"product-type-simple"},"aioseo_notices":[],"_links":{"self":[{"href":"https:\/\/promochaudiere.be\/nl\/wp-json\/wp\/v2\/product\/16006","targetHints":{"allow":["GET"]}}],"collection":[{"href":"https:\/\/promochaudiere.be\/nl\/wp-json\/wp\/v2\/product"}],"about":[{"href":"https:\/\/promochaudiere.be\/nl\/wp-json\/wp\/v2\/types\/product"}],"replies":[{"embeddable":true,"href":"https:\/\/promochaudiere.be\/nl\/wp-json\/wp\/v2\/comments?post=16006"}],"version-history":[{"count":2,"href":"https:\/\/promochaudiere.be\/nl\/wp-json\/wp\/v2\/product\/16006\/revisions"}],"predecessor-version":[{"id":52709,"href":"https:\/\/promochaudiere.be\/nl\/wp-json\/wp\/v2\/product\/16006\/revisions\/52709"}],"wp:featuredmedia":[{"embeddable":true,"href":"https:\/\/promochaudiere.be\/nl\/wp-json\/wp\/v2\/media\/16026"}],"wp:attachment":[{"href":"https:\/\/promochaudiere.be\/nl\/wp-json\/wp\/v2\/media?parent=16006"}],"wp:term":[{"taxonomy":"product_brand","embeddable":true,"href":"https:\/\/promochaudiere.be\/nl\/wp-json\/wp\/v2\/product_brand?post=16006"},{"taxonomy":"product_cat","embeddable":true,"href":"https:\/\/promochaudiere.be\/nl\/wp-json\/wp\/v2\/product_cat?post=16006"},{"taxonomy":"product_tag","embeddable":true,"href":"https:\/\/promochaudiere.be\/nl\/wp-json\/wp\/v2\/product_tag?post=16006"}],"curies":[{"name":"wp","href":"https:\/\/api.w.org\/{rel}","templated":true}]}}