{"id":16009,"date":"2025-01-17T10:03:04","date_gmt":"2025-01-17T10:03:04","guid":{"rendered":"https:\/\/promochaudiere.be\/produit\/remeha-chaudiere-mural-a-condensation-gaz-quinta-ace-135-7808381\/"},"modified":"2026-02-03T18:17:25","modified_gmt":"2026-02-03T17:17:25","slug":"remeha-chaudiere-murale-a-condensation-gaz-quinta-ace-135","status":"publish","type":"product","link":"https:\/\/promochaudiere.be\/nl\/product\/remeha-chaudiere-murale-a-condensation-gaz-quinta-ace-135\/","title":{"rendered":"Remeha chaudi\u00e8re murale \u00e0 condensation gaz Quinta ace 135 7808381"},"content":{"rendered":"<p>La chaudi\u00e8re murale \u00e0 condensation gaz Remeha Quinta Ace 135 est une solution de chauffage performante et \u00e9conomique, id\u00e9ale pour les foyers et petits b\u00e2timents. Gr\u00e2ce \u00e0 sa technologie de condensation, elle r\u00e9cup\u00e8re la chaleur latente des gaz de combustion, ce qui permet d&rsquo;optimiser le rendement \u00e9nerg\u00e9tique et de r\u00e9duire les \u00e9missions de CO2. Dot\u00e9e d\u2019une puissance de 135 kW, elle garantit une chauffe rapide et efficace pour de grands espaces, tout en \u00e9tant compacte et facile \u00e0 installer gr\u00e2ce \u00e0 son design murale. Sa gestion intelligente et son interface intuitive permettent un contr\u00f4le pr\u00e9cis et une programmation optimale, assurant ainsi confort et \u00e9conomies d\u2019\u00e9nergie au quotidien. Tr\u00e8s fiable et durable, la Quinta Ace 135 est une solution de chauffage innovante, alliant performance et respect de l\u2019environnement.<\/p>","protected":false},"excerpt":{"rendered":"<p>Remeha chaudi\u00e8re murale \u00e0 condensation gaz Quinta ace 135<\/p>","protected":false},"featured_media":16016,"comment_status":"open","ping_status":"closed","template":"","meta":[],"product_brand":[],"product_cat":[9523],"product_tag":[],"class_list":{"0":"post-16009","1":"product","2":"type-product","3":"status-publish","4":"has-post-thumbnail","6":"product_cat-chaudiere-murale-gaz-a-condensation-sans-eau-chaude-sanitaire-fr-remeha","7":"pa_marque-remeha","9":"first","10":"instock","11":"sale","12":"taxable","13":"shipping-taxable","14":"purchasable","15":"product-type-simple"},"aioseo_notices":[],"_links":{"self":[{"href":"https:\/\/promochaudiere.be\/nl\/wp-json\/wp\/v2\/product\/16009","targetHints":{"allow":["GET"]}}],"collection":[{"href":"https:\/\/promochaudiere.be\/nl\/wp-json\/wp\/v2\/product"}],"about":[{"href":"https:\/\/promochaudiere.be\/nl\/wp-json\/wp\/v2\/types\/product"}],"replies":[{"embeddable":true,"href":"https:\/\/promochaudiere.be\/nl\/wp-json\/wp\/v2\/comments?post=16009"}],"version-history":[{"count":2,"href":"https:\/\/promochaudiere.be\/nl\/wp-json\/wp\/v2\/product\/16009\/revisions"}],"predecessor-version":[{"id":44363,"href":"https:\/\/promochaudiere.be\/nl\/wp-json\/wp\/v2\/product\/16009\/revisions\/44363"}],"wp:featuredmedia":[{"embeddable":true,"href":"https:\/\/promochaudiere.be\/nl\/wp-json\/wp\/v2\/media\/16016"}],"wp:attachment":[{"href":"https:\/\/promochaudiere.be\/nl\/wp-json\/wp\/v2\/media?parent=16009"}],"wp:term":[{"taxonomy":"product_brand","embeddable":true,"href":"https:\/\/promochaudiere.be\/nl\/wp-json\/wp\/v2\/product_brand?post=16009"},{"taxonomy":"product_cat","embeddable":true,"href":"https:\/\/promochaudiere.be\/nl\/wp-json\/wp\/v2\/product_cat?post=16009"},{"taxonomy":"product_tag","embeddable":true,"href":"https:\/\/promochaudiere.be\/nl\/wp-json\/wp\/v2\/product_tag?post=16009"}],"curies":[{"name":"wp","href":"https:\/\/api.w.org\/{rel}","templated":true}]}}