{"id":1607,"date":"2022-04-14T11:13:57","date_gmt":"2022-04-14T11:13:57","guid":{"rendered":"https:\/\/promochaudiere.be\/produit\/bwt-pack-aqua-perla-20c\/"},"modified":"2026-02-03T18:17:18","modified_gmt":"2026-02-03T17:17:18","slug":"bwt-pack-aqua-perla-20c","status":"publish","type":"product","link":"https:\/\/promochaudiere.be\/product\/bwt-pack-aqua-perla-20c\/","title":{"rendered":"BWT pack Aqua perla 20C"},"content":{"rendered":"<p>Pour un confort, un bien-\u00eatre et une bonne sant\u00e9, la marque BWT vous pr\u00e9sente ce pack qui r\u00e9pond parfaitement \u00e0 vos exigences. Il permet d&rsquo;am\u00e9liorer la qualit\u00e9 de votre eau par l&rsquo;enl\u00e8vement de calcaire.<\/p>","protected":false},"excerpt":{"rendered":"<p><strong>Caract\u00e9ristiques\u00a0:<\/strong><\/p>\n<ul>\n<li>Hauteur\u00a0: 1110 mm<\/li>\n<li>Largeur\u00a0: 385 mm<\/li>\n<li>Profondeur\u00a0: 500 mm<\/li>\n<li>Volume de r\u00e9sine\u00a0: 20 L<\/li>\n<li>R\u00e9serve de sel\u00a0: 60 Kg<\/li>\n<li>Consommation sel par r\u00e9g\u00e9n\u00e9ration\u00a0: 2,5 Kg<\/li>\n<li>Raccordement \u00e9lectrique\u00a0: 230 V\/50\u201360 Hz<\/li>\n<li>Puissance \u00e9lectrique\u00a0: 10\/50 W<\/li>\n<\/ul>","protected":false},"featured_media":1703,"comment_status":"open","ping_status":"closed","template":"","meta":[],"product_brand":[],"product_cat":[334],"product_tag":[],"class_list":{"0":"post-1607","1":"product","2":"type-product","3":"status-publish","4":"has-post-thumbnail","6":"product_cat-adoucisseur-traitement-de-leau","7":"pa_marque-bwt","9":"first","10":"instock","11":"sale","12":"taxable","13":"shipping-taxable","14":"purchasable","15":"product-type-simple"},"aioseo_notices":[],"_links":{"self":[{"href":"https:\/\/promochaudiere.be\/nl\/wp-json\/wp\/v2\/product\/1607","targetHints":{"allow":["GET"]}}],"collection":[{"href":"https:\/\/promochaudiere.be\/nl\/wp-json\/wp\/v2\/product"}],"about":[{"href":"https:\/\/promochaudiere.be\/nl\/wp-json\/wp\/v2\/types\/product"}],"replies":[{"embeddable":true,"href":"https:\/\/promochaudiere.be\/nl\/wp-json\/wp\/v2\/comments?post=1607"}],"version-history":[{"count":1,"href":"https:\/\/promochaudiere.be\/nl\/wp-json\/wp\/v2\/product\/1607\/revisions"}],"predecessor-version":[{"id":51567,"href":"https:\/\/promochaudiere.be\/nl\/wp-json\/wp\/v2\/product\/1607\/revisions\/51567"}],"wp:featuredmedia":[{"embeddable":true,"href":"https:\/\/promochaudiere.be\/nl\/wp-json\/wp\/v2\/media\/1703"}],"wp:attachment":[{"href":"https:\/\/promochaudiere.be\/nl\/wp-json\/wp\/v2\/media?parent=1607"}],"wp:term":[{"taxonomy":"product_brand","embeddable":true,"href":"https:\/\/promochaudiere.be\/nl\/wp-json\/wp\/v2\/product_brand?post=1607"},{"taxonomy":"product_cat","embeddable":true,"href":"https:\/\/promochaudiere.be\/nl\/wp-json\/wp\/v2\/product_cat?post=1607"},{"taxonomy":"product_tag","embeddable":true,"href":"https:\/\/promochaudiere.be\/nl\/wp-json\/wp\/v2\/product_tag?post=1607"}],"curies":[{"name":"wp","href":"https:\/\/api.w.org\/{rel}","templated":true}]}}