{"id":1612,"date":"2022-04-14T11:13:58","date_gmt":"2022-04-14T11:13:58","guid":{"rendered":"https:\/\/promochaudiere.be\/produit\/wilo-pompe-himulti-3-c-1-24-p\/"},"modified":"2026-02-03T19:40:11","modified_gmt":"2026-02-03T18:40:11","slug":"wilo-pompe-himulti-3-c-1-24-p","status":"publish","type":"product","link":"https:\/\/promochaudiere.be\/nl\/product\/wilo-pompe-himulti-3-c-1-24-p\/","title":{"rendered":"Wilo pompe HiMulti 3 C 1-24 P"},"content":{"rendered":"<p>Cette pompe de la marque Wilo convient pour le pompage et la surpression d&rsquo;eau potable ou d&rsquo;eau l\u00e9g\u00e8rement pollu\u00e9e pour l&rsquo;habitat, l&rsquo;agriculture et d&rsquo;autres domaines.<\/p>","protected":false},"excerpt":{"rendered":"<p><strong>Caract\u00e9ristiques\u00a0:<\/strong><\/p>\n<ul>\n<li>Alimentation r\u00e9seau\u00a0: 1~230 V, 50 Hz<\/li>\n<li>Puissance nominale du moteur P<sub>2<\/sub>: 0,4 kW<\/li>\n<li>Courant nominal I<sub>N<\/sub>: 3 A<\/li>\n<li>Vitesse nominale n\u00a0: 2900 1\/min<\/li>\n<li>Classe d&rsquo;isolation\u00a0: F<\/li>\n<li>Classe de protection\u00a0: X4<\/li>\n<\/ul>","protected":false},"featured_media":1713,"comment_status":"open","ping_status":"closed","template":"","meta":[],"product_brand":[],"product_cat":[706],"product_tag":[],"class_list":{"0":"post-1612","1":"product","2":"type-product","3":"status-publish","4":"has-post-thumbnail","6":"product_cat-pompe-hydrophore","7":"pa_marque-wilo","9":"first","10":"instock","11":"sale","12":"taxable","13":"shipping-taxable","14":"purchasable","15":"product-type-simple"},"aioseo_notices":[],"_links":{"self":[{"href":"https:\/\/promochaudiere.be\/nl\/wp-json\/wp\/v2\/product\/1612","targetHints":{"allow":["GET"]}}],"collection":[{"href":"https:\/\/promochaudiere.be\/nl\/wp-json\/wp\/v2\/product"}],"about":[{"href":"https:\/\/promochaudiere.be\/nl\/wp-json\/wp\/v2\/types\/product"}],"replies":[{"embeddable":true,"href":"https:\/\/promochaudiere.be\/nl\/wp-json\/wp\/v2\/comments?post=1612"}],"version-history":[{"count":1,"href":"https:\/\/promochaudiere.be\/nl\/wp-json\/wp\/v2\/product\/1612\/revisions"}],"predecessor-version":[{"id":1714,"href":"https:\/\/promochaudiere.be\/nl\/wp-json\/wp\/v2\/product\/1612\/revisions\/1714"}],"wp:featuredmedia":[{"embeddable":true,"href":"https:\/\/promochaudiere.be\/nl\/wp-json\/wp\/v2\/media\/1713"}],"wp:attachment":[{"href":"https:\/\/promochaudiere.be\/nl\/wp-json\/wp\/v2\/media?parent=1612"}],"wp:term":[{"taxonomy":"product_brand","embeddable":true,"href":"https:\/\/promochaudiere.be\/nl\/wp-json\/wp\/v2\/product_brand?post=1612"},{"taxonomy":"product_cat","embeddable":true,"href":"https:\/\/promochaudiere.be\/nl\/wp-json\/wp\/v2\/product_cat?post=1612"},{"taxonomy":"product_tag","embeddable":true,"href":"https:\/\/promochaudiere.be\/nl\/wp-json\/wp\/v2\/product_tag?post=1612"}],"curies":[{"name":"wp","href":"https:\/\/api.w.org\/{rel}","templated":true}]}}