{"id":1621,"date":"2022-04-14T11:14:00","date_gmt":"2022-04-14T11:14:00","guid":{"rendered":"https:\/\/promochaudiere.be\/produit\/dab-kit-pompe-immergee-pour-leau-de-pluie-et-de-sol-esybox-diver-wifi\/"},"modified":"2026-02-03T18:17:16","modified_gmt":"2026-02-03T17:17:16","slug":"dab-kit-pompe-immergee-pour-leau-de-pluie-et-de-sol-esybox-diver-wifi","status":"publish","type":"product","link":"https:\/\/promochaudiere.be\/nl\/product\/dab-kit-pompe-immergee-pour-leau-de-pluie-et-de-sol-esybox-diver-wifi\/","title":{"rendered":"DAB kit pompe immerg\u00e9e pour l\u2019eau de pluie et de sol Esybox Diver + Wifi"},"content":{"rendered":"<p>Ce kit pompe de la marque DAB convient parfaitement pour le pompage d\u2019eau propre. Il dispose d&rsquo;une unit\u00e9 de commande et de protection \u00e9lectronique r\u00e9gulant la pression.<\/p>","protected":false},"excerpt":{"rendered":"<p>DAB kit pompe immerg\u00e9e pour l\u2019eau de pluie et de sol Esybox Diver + Wifi<\/p>","protected":false},"featured_media":1730,"comment_status":"open","ping_status":"closed","template":"","meta":[],"product_brand":[],"product_cat":[298],"product_tag":[],"class_list":{"0":"post-1621","1":"product","2":"type-product","3":"status-publish","4":"has-post-thumbnail","6":"product_cat-pompe","7":"pa_marque-dab","9":"first","10":"instock","11":"sale","12":"taxable","13":"shipping-taxable","14":"purchasable","15":"product-type-simple"},"aioseo_notices":[],"_links":{"self":[{"href":"https:\/\/promochaudiere.be\/nl\/wp-json\/wp\/v2\/product\/1621","targetHints":{"allow":["GET"]}}],"collection":[{"href":"https:\/\/promochaudiere.be\/nl\/wp-json\/wp\/v2\/product"}],"about":[{"href":"https:\/\/promochaudiere.be\/nl\/wp-json\/wp\/v2\/types\/product"}],"replies":[{"embeddable":true,"href":"https:\/\/promochaudiere.be\/nl\/wp-json\/wp\/v2\/comments?post=1621"}],"version-history":[{"count":2,"href":"https:\/\/promochaudiere.be\/nl\/wp-json\/wp\/v2\/product\/1621\/revisions"}],"predecessor-version":[{"id":51558,"href":"https:\/\/promochaudiere.be\/nl\/wp-json\/wp\/v2\/product\/1621\/revisions\/51558"}],"wp:featuredmedia":[{"embeddable":true,"href":"https:\/\/promochaudiere.be\/nl\/wp-json\/wp\/v2\/media\/1730"}],"wp:attachment":[{"href":"https:\/\/promochaudiere.be\/nl\/wp-json\/wp\/v2\/media?parent=1621"}],"wp:term":[{"taxonomy":"product_brand","embeddable":true,"href":"https:\/\/promochaudiere.be\/nl\/wp-json\/wp\/v2\/product_brand?post=1621"},{"taxonomy":"product_cat","embeddable":true,"href":"https:\/\/promochaudiere.be\/nl\/wp-json\/wp\/v2\/product_cat?post=1621"},{"taxonomy":"product_tag","embeddable":true,"href":"https:\/\/promochaudiere.be\/nl\/wp-json\/wp\/v2\/product_tag?post=1621"}],"curies":[{"name":"wp","href":"https:\/\/api.w.org\/{rel}","templated":true}]}}