{"id":1622,"date":"2022-04-14T11:14:00","date_gmt":"2022-04-14T11:14:00","guid":{"rendered":"https:\/\/promochaudiere.be\/produit\/wilo-pompe-immergee-sub-comfort-twi5-se304-pack\/"},"modified":"2026-02-03T19:40:16","modified_gmt":"2026-02-03T18:40:16","slug":"wilo-pompe-immergee-sub-comfort-twi5-se304-pack","status":"publish","type":"product","link":"https:\/\/promochaudiere.be\/nl\/product\/wilo-pompe-immergee-sub-comfort-twi5-se304-pack\/","title":{"rendered":"Wilo pompe immerg\u00e9e Sub comfort TWI5 SE304 pack"},"content":{"rendered":"<p>Cette pompe immerg\u00e9e de la marque Wilo convient parfaitement pour le pompage de l&rsquo;eau \u00e0 partir de puits, citernes et r\u00e9servoirs. Elle est utilis\u00e9e pour la r\u00e9cup\u00e9ration l\u2019eau de pluie.<\/p>","protected":false},"excerpt":{"rendered":"<p><strong>Caract\u00e9ristiques\u00a0:<\/strong><\/p>\n<ul>\n<li>Alimentation r\u00e9seau\u00a0: 1~230 V, 50 Hz<\/li>\n<li>Temp\u00e9rature du fluide\u00a0: +5 \u00b0C \u00e0 +35 \u00b0C<\/li>\n<li>Pression de service max.\u00a0: 10 bar<\/li>\n<li>Classe de protection\u00a0: IP68<\/li>\n<\/ul>","protected":false},"featured_media":1732,"comment_status":"open","ping_status":"closed","template":"","meta":[],"product_brand":[],"product_cat":[298],"product_tag":[],"class_list":{"0":"post-1622","1":"product","2":"type-product","3":"status-publish","4":"has-post-thumbnail","6":"product_cat-pompe","7":"pa_marque-wilo","9":"first","10":"instock","11":"sale","12":"taxable","13":"shipping-taxable","14":"purchasable","15":"product-type-simple"},"aioseo_notices":[],"_links":{"self":[{"href":"https:\/\/promochaudiere.be\/nl\/wp-json\/wp\/v2\/product\/1622","targetHints":{"allow":["GET"]}}],"collection":[{"href":"https:\/\/promochaudiere.be\/nl\/wp-json\/wp\/v2\/product"}],"about":[{"href":"https:\/\/promochaudiere.be\/nl\/wp-json\/wp\/v2\/types\/product"}],"replies":[{"embeddable":true,"href":"https:\/\/promochaudiere.be\/nl\/wp-json\/wp\/v2\/comments?post=1622"}],"version-history":[{"count":0,"href":"https:\/\/promochaudiere.be\/nl\/wp-json\/wp\/v2\/product\/1622\/revisions"}],"wp:featuredmedia":[{"embeddable":true,"href":"https:\/\/promochaudiere.be\/nl\/wp-json\/wp\/v2\/media\/1732"}],"wp:attachment":[{"href":"https:\/\/promochaudiere.be\/nl\/wp-json\/wp\/v2\/media?parent=1622"}],"wp:term":[{"taxonomy":"product_brand","embeddable":true,"href":"https:\/\/promochaudiere.be\/nl\/wp-json\/wp\/v2\/product_brand?post=1622"},{"taxonomy":"product_cat","embeddable":true,"href":"https:\/\/promochaudiere.be\/nl\/wp-json\/wp\/v2\/product_cat?post=1622"},{"taxonomy":"product_tag","embeddable":true,"href":"https:\/\/promochaudiere.be\/nl\/wp-json\/wp\/v2\/product_tag?post=1622"}],"curies":[{"name":"wp","href":"https:\/\/api.w.org\/{rel}","templated":true}]}}