{"id":1623,"date":"2022-04-14T11:14:00","date_gmt":"2022-04-14T11:14:00","guid":{"rendered":"https:\/\/promochaudiere.be\/produit\/grundfos-pompe-immergee-sba-3-45aw-pressostat-incorporee-cable-15m-kit-aspiration-flottant\/"},"modified":"2026-02-03T18:17:11","modified_gmt":"2026-02-03T17:17:11","slug":"grundfos-pompe-immergee-sba-3-45aw-pressostat-incorporee-cable-15m-kit-aspiration-flottant","status":"publish","type":"product","link":"https:\/\/promochaudiere.be\/nl\/product\/grundfos-pompe-immergee-sba-3-45aw-pressostat-incorporee-cable-15m-kit-aspiration-flottant\/","title":{"rendered":"Grundfos pompe immerg\u00e9e SBA 3-45AW + pressostat incorpor\u00e9e + c\u00e2ble 15m + kit aspiration flottant"},"content":{"rendered":"<p>Cette pompe immerg\u00e9e de la marque Grunfdos convient parfaitement pour le pompage de l&rsquo;eau claire pour les r\u00e9servoirs interm\u00e9diaires, les applications d&rsquo;eau de pluie et les puits peu profonds.<\/p>","protected":false},"excerpt":{"rendered":"<p><strong>Caract\u00e9ristiques\u00a0:<\/strong><\/p>\n<ul>\n<li>Puissance absorb\u00e9e P1\u00a0: 1.05 kW<\/li>\n<li>Puissance nominale &#8211; P2\u00a0: 0.62 kW<\/li>\n<li>Fr\u00e9quence d&rsquo;alimentation\u00a0: 50 Hz<\/li>\n<li>Tension nominale\u00a0: 1 x 220-240 V<\/li>\n<li>Intensit\u00e9 nominale\u00a0: 4.8 A<\/li>\n<li>Intensit\u00e9 d\u00e9marrage\u00a0: 12 A<\/li>\n<li>Indice de protection\u00a0: IP68<\/li>\n<li>Classe d\u2019isolation\u00a0: F<\/li>\n<li>Longueur du c\u00e2ble\u00a0: 15 m<\/li>\n<\/ul>","protected":false},"featured_media":1734,"comment_status":"open","ping_status":"closed","template":"","meta":[],"product_brand":[],"product_cat":[298],"product_tag":[],"class_list":{"0":"post-1623","1":"product","2":"type-product","3":"status-publish","4":"has-post-thumbnail","6":"product_cat-pompe","7":"pa_marque-grundfos","9":"first","10":"instock","11":"sale","12":"taxable","13":"shipping-taxable","14":"purchasable","15":"product-type-simple"},"aioseo_notices":[],"_links":{"self":[{"href":"https:\/\/promochaudiere.be\/nl\/wp-json\/wp\/v2\/product\/1623","targetHints":{"allow":["GET"]}}],"collection":[{"href":"https:\/\/promochaudiere.be\/nl\/wp-json\/wp\/v2\/product"}],"about":[{"href":"https:\/\/promochaudiere.be\/nl\/wp-json\/wp\/v2\/types\/product"}],"replies":[{"embeddable":true,"href":"https:\/\/promochaudiere.be\/nl\/wp-json\/wp\/v2\/comments?post=1623"}],"version-history":[{"count":2,"href":"https:\/\/promochaudiere.be\/nl\/wp-json\/wp\/v2\/product\/1623\/revisions"}],"predecessor-version":[{"id":51559,"href":"https:\/\/promochaudiere.be\/nl\/wp-json\/wp\/v2\/product\/1623\/revisions\/51559"}],"wp:featuredmedia":[{"embeddable":true,"href":"https:\/\/promochaudiere.be\/nl\/wp-json\/wp\/v2\/media\/1734"}],"wp:attachment":[{"href":"https:\/\/promochaudiere.be\/nl\/wp-json\/wp\/v2\/media?parent=1623"}],"wp:term":[{"taxonomy":"product_brand","embeddable":true,"href":"https:\/\/promochaudiere.be\/nl\/wp-json\/wp\/v2\/product_brand?post=1623"},{"taxonomy":"product_cat","embeddable":true,"href":"https:\/\/promochaudiere.be\/nl\/wp-json\/wp\/v2\/product_cat?post=1623"},{"taxonomy":"product_tag","embeddable":true,"href":"https:\/\/promochaudiere.be\/nl\/wp-json\/wp\/v2\/product_tag?post=1623"}],"curies":[{"name":"wp","href":"https:\/\/api.w.org\/{rel}","templated":true}]}}