{"id":1635,"date":"2022-04-14T11:14:04","date_gmt":"2022-04-14T11:14:04","guid":{"rendered":"https:\/\/promochaudiere.be\/produit\/vaillant-bouilleur-electrique-sur-evier-vek5-5l-230-v\/"},"modified":"2026-02-03T19:40:05","modified_gmt":"2026-02-03T18:40:05","slug":"vaillant-bouilleur-electrique-sur-evier-vek5-5l-230-v","status":"publish","type":"product","link":"https:\/\/promochaudiere.be\/nl\/product\/vaillant-bouilleur-electrique-sur-evier-vek5-5l-230-v\/","title":{"rendered":"Vaillant bouilleur \u00e9lectrique sur \u00e9vier VEK5 5L 230 V"},"content":{"rendered":"<p>Ce bouilleur \u00e9lectrique de la marque Vaillant est la solution id\u00e9ale pour disposer rapidement une quantit\u00e9 d\u2019eau bouillante allant jusqu\u2019\u00e0 5 litres selon la temp\u00e9rature que vous souhaitez de 30 \u00e0 100\u00b0C.<\/p>\n<p>Sa conception est con\u00e7ue \u00e0 partir de mat\u00e9riau de tr\u00e8s bonne qualit\u00e9 qui assurera une durabilit\u00e9 optimale.<\/p>","protected":false},"excerpt":{"rendered":"<p><strong>Caract\u00e9ristiques\u00a0:<\/strong><\/p>\n<ul>\n<li>Capacit\u00e9\u00a0: 5 L<\/li>\n<li>Puissance\u00a0: 2,4 KW<\/li>\n<li>Installation\u00a0: Vertical<\/li>\n<li>Classe \u00e9nerg\u00e9tique\u00a0: A<\/li>\n<li>Alimentation \u00e9lectrique\u00a0: 230 V<\/li>\n<li>Hauteur\u00a0: 345 mm<\/li>\n<li>Largeur\u00a0: 265 mm<\/li>\n<li>Profondeur\u00a0: 165 mm<\/li>\n<\/ul>","protected":false},"featured_media":1757,"comment_status":"open","ping_status":"closed","template":"","meta":[],"product_brand":[],"product_cat":[10961],"product_tag":[],"class_list":{"0":"post-1635","1":"product","2":"type-product","3":"status-publish","4":"has-post-thumbnail","6":"product_cat-vaillant-fr","7":"pa_marque-vaillant","9":"first","10":"instock","11":"sale","12":"taxable","13":"shipping-taxable","14":"purchasable","15":"product-type-simple"},"aioseo_notices":[],"_links":{"self":[{"href":"https:\/\/promochaudiere.be\/nl\/wp-json\/wp\/v2\/product\/1635","targetHints":{"allow":["GET"]}}],"collection":[{"href":"https:\/\/promochaudiere.be\/nl\/wp-json\/wp\/v2\/product"}],"about":[{"href":"https:\/\/promochaudiere.be\/nl\/wp-json\/wp\/v2\/types\/product"}],"replies":[{"embeddable":true,"href":"https:\/\/promochaudiere.be\/nl\/wp-json\/wp\/v2\/comments?post=1635"}],"version-history":[{"count":0,"href":"https:\/\/promochaudiere.be\/nl\/wp-json\/wp\/v2\/product\/1635\/revisions"}],"wp:featuredmedia":[{"embeddable":true,"href":"https:\/\/promochaudiere.be\/nl\/wp-json\/wp\/v2\/media\/1757"}],"wp:attachment":[{"href":"https:\/\/promochaudiere.be\/nl\/wp-json\/wp\/v2\/media?parent=1635"}],"wp:term":[{"taxonomy":"product_brand","embeddable":true,"href":"https:\/\/promochaudiere.be\/nl\/wp-json\/wp\/v2\/product_brand?post=1635"},{"taxonomy":"product_cat","embeddable":true,"href":"https:\/\/promochaudiere.be\/nl\/wp-json\/wp\/v2\/product_cat?post=1635"},{"taxonomy":"product_tag","embeddable":true,"href":"https:\/\/promochaudiere.be\/nl\/wp-json\/wp\/v2\/product_tag?post=1635"}],"curies":[{"name":"wp","href":"https:\/\/api.w.org\/{rel}","templated":true}]}}