{"id":1638,"date":"2022-04-14T11:14:04","date_gmt":"2022-04-14T11:14:04","guid":{"rendered":"https:\/\/promochaudiere.be\/produit\/watts-kit-de-montage-groupe-de-securite-pour-ariston-daalderop-10-15l\/"},"modified":"2026-02-03T18:15:04","modified_gmt":"2026-02-03T17:15:04","slug":"watts-kit-de-montage-groupe-de-securite-pour-ariston-daalderop-10-15l","status":"publish","type":"product","link":"https:\/\/promochaudiere.be\/nl\/product\/watts-kit-de-montage-groupe-de-securite-pour-ariston-daalderop-10-15l\/","title":{"rendered":"Watts kit de montage\/groupe de s\u00e9curit\u00e9 pour Ariston\/Daalderop 10-15L"},"content":{"rendered":"<p>Ce kit de la marque Watts contient tous les accessoires pour connecter une petite chaudi\u00e8re au r\u00e9seau d\u2019eau. Il dispose d\u2019un groupe de s\u00e9curit\u00e9 GSE 3000, un coud\u00e9 en cuivre, les tuyaux plastiques souples et 3 flexibles de 500 mm.<\/p>","protected":false},"excerpt":{"rendered":"<p>Watts kit de montage\/groupe de s\u00e9curit\u00e9 pour Ariston\/Daalderop 10-15L<\/p>","protected":false},"featured_media":1827,"comment_status":"open","ping_status":"closed","template":"","meta":[],"product_brand":[],"product_cat":[5675],"product_tag":[],"class_list":{"0":"post-1638","1":"product","2":"type-product","3":"status-publish","4":"has-post-thumbnail","6":"product_cat-accessoire-boiler","7":"pa_marque-watts","9":"first","10":"instock","11":"sale","12":"taxable","13":"shipping-taxable","14":"purchasable","15":"product-type-simple"},"aioseo_notices":[],"_links":{"self":[{"href":"https:\/\/promochaudiere.be\/nl\/wp-json\/wp\/v2\/product\/1638","targetHints":{"allow":["GET"]}}],"collection":[{"href":"https:\/\/promochaudiere.be\/nl\/wp-json\/wp\/v2\/product"}],"about":[{"href":"https:\/\/promochaudiere.be\/nl\/wp-json\/wp\/v2\/types\/product"}],"replies":[{"embeddable":true,"href":"https:\/\/promochaudiere.be\/nl\/wp-json\/wp\/v2\/comments?post=1638"}],"version-history":[{"count":1,"href":"https:\/\/promochaudiere.be\/nl\/wp-json\/wp\/v2\/product\/1638\/revisions"}],"predecessor-version":[{"id":1828,"href":"https:\/\/promochaudiere.be\/nl\/wp-json\/wp\/v2\/product\/1638\/revisions\/1828"}],"wp:featuredmedia":[{"embeddable":true,"href":"https:\/\/promochaudiere.be\/nl\/wp-json\/wp\/v2\/media\/1827"}],"wp:attachment":[{"href":"https:\/\/promochaudiere.be\/nl\/wp-json\/wp\/v2\/media?parent=1638"}],"wp:term":[{"taxonomy":"product_brand","embeddable":true,"href":"https:\/\/promochaudiere.be\/nl\/wp-json\/wp\/v2\/product_brand?post=1638"},{"taxonomy":"product_cat","embeddable":true,"href":"https:\/\/promochaudiere.be\/nl\/wp-json\/wp\/v2\/product_cat?post=1638"},{"taxonomy":"product_tag","embeddable":true,"href":"https:\/\/promochaudiere.be\/nl\/wp-json\/wp\/v2\/product_tag?post=1638"}],"curies":[{"name":"wp","href":"https:\/\/api.w.org\/{rel}","templated":true}]}}