{"id":1640,"date":"2022-04-14T11:14:05","date_gmt":"2022-04-14T11:14:05","guid":{"rendered":"https:\/\/promochaudiere.be\/produit\/bulex-boiler-electrique-rbk-10-sur-evier-16-kw\/"},"modified":"2026-02-03T18:16:30","modified_gmt":"2026-02-03T17:16:30","slug":"bulex-boiler-electrique-rbk-10-sur-evier-16-kw","status":"publish","type":"product","link":"https:\/\/promochaudiere.be\/nl\/product\/bulex-boiler-electrique-rbk-10-sur-evier-16-kw\/","title":{"rendered":"Bulex boiler \u00e9lectrique RBK 10 sur \u00e9vier 1,6 KW"},"content":{"rendered":"<p>Retrouvez chez nous les meilleurs boilers \u00e9lectriques avec des prix raisonnables. La marque Bulex vous propose la solution id\u00e9ale en termes d&rsquo;eau chaude. Gr\u00e2ce \u00e0 sa forme compacte, ce boiler s\u2019adaptera parfaitement dans votre cuisine.<\/p>\n<p>Sa conception est con\u00e7ue \u00e0 partir de mat\u00e9riau de tr\u00e8s bonne qualit\u00e9 qui assurera une durabilit\u00e9 optimale.<\/p>","protected":false},"excerpt":{"rendered":"<p><strong>Caract\u00e9ristiques\u00a0:<\/strong><\/p>\n<ul>\n<li>Capacit\u00e9\u00a0: 10 L<\/li>\n<li>Puissance\u00a0: 1,6 KW<\/li>\n<li>Classe \u00e9nerg\u00e9tique\u00a0: A<\/li>\n<li>Installation\u00a0: Vertical<\/li>\n<li>Hauteur\u00a0: 456 mm<\/li>\n<li>Diam\u00e8tre\u00a0: 255 mm<\/li>\n<li>Alimentation \u00e9lectrique\u00a0: 230 V<\/li>\n<\/ul>","protected":false},"featured_media":1762,"comment_status":"open","ping_status":"closed","template":"","meta":[],"product_brand":[],"product_cat":[540],"product_tag":[],"class_list":{"0":"post-1640","1":"product","2":"type-product","3":"status-publish","4":"has-post-thumbnail","6":"product_cat-boiler-bulex","7":"pa_marque-bulex","9":"first","10":"instock","11":"sale","12":"taxable","13":"shipping-taxable","14":"purchasable","15":"product-type-simple"},"aioseo_notices":[],"_links":{"self":[{"href":"https:\/\/promochaudiere.be\/nl\/wp-json\/wp\/v2\/product\/1640","targetHints":{"allow":["GET"]}}],"collection":[{"href":"https:\/\/promochaudiere.be\/nl\/wp-json\/wp\/v2\/product"}],"about":[{"href":"https:\/\/promochaudiere.be\/nl\/wp-json\/wp\/v2\/types\/product"}],"replies":[{"embeddable":true,"href":"https:\/\/promochaudiere.be\/nl\/wp-json\/wp\/v2\/comments?post=1640"}],"version-history":[{"count":2,"href":"https:\/\/promochaudiere.be\/nl\/wp-json\/wp\/v2\/product\/1640\/revisions"}],"predecessor-version":[{"id":51540,"href":"https:\/\/promochaudiere.be\/nl\/wp-json\/wp\/v2\/product\/1640\/revisions\/51540"}],"wp:featuredmedia":[{"embeddable":true,"href":"https:\/\/promochaudiere.be\/nl\/wp-json\/wp\/v2\/media\/1762"}],"wp:attachment":[{"href":"https:\/\/promochaudiere.be\/nl\/wp-json\/wp\/v2\/media?parent=1640"}],"wp:term":[{"taxonomy":"product_brand","embeddable":true,"href":"https:\/\/promochaudiere.be\/nl\/wp-json\/wp\/v2\/product_brand?post=1640"},{"taxonomy":"product_cat","embeddable":true,"href":"https:\/\/promochaudiere.be\/nl\/wp-json\/wp\/v2\/product_cat?post=1640"},{"taxonomy":"product_tag","embeddable":true,"href":"https:\/\/promochaudiere.be\/nl\/wp-json\/wp\/v2\/product_tag?post=1640"}],"curies":[{"name":"wp","href":"https:\/\/api.w.org\/{rel}","templated":true}]}}