{"id":1650,"date":"2022-04-14T11:14:07","date_gmt":"2022-04-14T11:14:07","guid":{"rendered":"https:\/\/promochaudiere.be\/produit\/ariston-boiler-electrique-initio-50l-vertical-12-kw\/"},"modified":"2026-02-03T18:16:23","modified_gmt":"2026-02-03T17:16:23","slug":"ariston-boiler-electrique-initio-50l-vertical-12-kw","status":"publish","type":"product","link":"https:\/\/promochaudiere.be\/nl\/product\/ariston-boiler-electrique-initio-50l-vertical-12-kw\/","title":{"rendered":"Ariston boiler \u00e9lectrique Initio 50L vertical 1,2 KW"},"content":{"rendered":"<p>Retrouvez chez nous les meilleurs boilers \u00e9lectriques avec des prix raisonnables. La marque Ariston vous propose la solution id\u00e9ale en termes d&rsquo;eau chaude.<\/p>\n<p>Ce boiler convient parfaitement pour une installation murale. Sa forme compacte trouvera facilement sa place dans votre pi\u00e8ce. Gr\u00e2ce \u00e0 sa puissance \u00e9lev\u00e9e, ce mod\u00e8le vous offrira un confort optimal.<\/p>","protected":false},"excerpt":{"rendered":"<p><strong>Caract\u00e9ristiques\u00a0:<\/strong><\/p>\n<ul>\n<li>Capacit\u00e9\u00a0: 50 L<\/li>\n<li>Puissance\u00a0: 1,2 KW<\/li>\n<li>Classe \u00e9nerg\u00e9tique\u00a0: C<\/li>\n<li>Installation\u00a0: Vertical<\/li>\n<li>Hauteur\u00a0: 560 mm<\/li>\n<li>Largeur\u00a0: 470 mm<\/li>\n<li>Alimentation \u00e9lectrique\u00a0: 230 V<\/li>\n<\/ul>","protected":false},"featured_media":1780,"comment_status":"open","ping_status":"closed","template":"","meta":[],"product_brand":[],"product_cat":[538],"product_tag":[],"class_list":{"0":"post-1650","1":"product","2":"type-product","3":"status-publish","4":"has-post-thumbnail","6":"product_cat-boiler-ariston","7":"pa_marque-ariston","9":"first","10":"instock","11":"sale","12":"taxable","13":"shipping-taxable","14":"purchasable","15":"product-type-simple"},"aioseo_notices":[],"_links":{"self":[{"href":"https:\/\/promochaudiere.be\/nl\/wp-json\/wp\/v2\/product\/1650","targetHints":{"allow":["GET"]}}],"collection":[{"href":"https:\/\/promochaudiere.be\/nl\/wp-json\/wp\/v2\/product"}],"about":[{"href":"https:\/\/promochaudiere.be\/nl\/wp-json\/wp\/v2\/types\/product"}],"replies":[{"embeddable":true,"href":"https:\/\/promochaudiere.be\/nl\/wp-json\/wp\/v2\/comments?post=1650"}],"version-history":[{"count":1,"href":"https:\/\/promochaudiere.be\/nl\/wp-json\/wp\/v2\/product\/1650\/revisions"}],"predecessor-version":[{"id":51531,"href":"https:\/\/promochaudiere.be\/nl\/wp-json\/wp\/v2\/product\/1650\/revisions\/51531"}],"wp:featuredmedia":[{"embeddable":true,"href":"https:\/\/promochaudiere.be\/nl\/wp-json\/wp\/v2\/media\/1780"}],"wp:attachment":[{"href":"https:\/\/promochaudiere.be\/nl\/wp-json\/wp\/v2\/media?parent=1650"}],"wp:term":[{"taxonomy":"product_brand","embeddable":true,"href":"https:\/\/promochaudiere.be\/nl\/wp-json\/wp\/v2\/product_brand?post=1650"},{"taxonomy":"product_cat","embeddable":true,"href":"https:\/\/promochaudiere.be\/nl\/wp-json\/wp\/v2\/product_cat?post=1650"},{"taxonomy":"product_tag","embeddable":true,"href":"https:\/\/promochaudiere.be\/nl\/wp-json\/wp\/v2\/product_tag?post=1650"}],"curies":[{"name":"wp","href":"https:\/\/api.w.org\/{rel}","templated":true}]}}