{"id":1653,"date":"2022-04-14T11:14:07","date_gmt":"2022-04-14T11:14:07","guid":{"rendered":"https:\/\/promochaudiere.be\/produit\/comap-robinet-thermostatique-flexdesign-m30-blanc\/"},"modified":"2026-02-03T18:15:03","modified_gmt":"2026-02-03T17:15:03","slug":"comap-robinet-thermostatique-flexdesign-m30-blanc","status":"publish","type":"product","link":"https:\/\/promochaudiere.be\/nl\/product\/comap-robinet-thermostatique-flexdesign-m30-blanc\/","title":{"rendered":"Comap robinet thermostatique Flexdesign M30 blanc"},"content":{"rendered":"<p>Maximiser la fonctionnalit\u00e9 et la durabilit\u00e9 de votre radiateur avec un accessoire de haute qualit\u00e9 qui assure un grand confort dans votre pi\u00e8ce.<\/p>\n<p>Il se pr\u00e9sente par une construction bien soign\u00e9e. En effet, il est fabriqu\u00e9 en mati\u00e8re d\u2019une qualit\u00e9 sup\u00e9rieure pour une utilisation durable et en toute s\u00e9curit\u00e9.<\/p>","protected":false},"excerpt":{"rendered":"<p>Comap robinet thermostatique Flexdesign M30 blanc<\/p>","protected":false},"featured_media":1785,"comment_status":"open","ping_status":"closed","template":"","meta":[],"product_brand":[],"product_cat":[574],"product_tag":[],"class_list":{"0":"post-1653","1":"product","2":"type-product","3":"status-publish","4":"has-post-thumbnail","6":"product_cat-accessoires-radiateurs","7":"pa_marque-comap","9":"first","10":"instock","11":"sale","12":"taxable","13":"shipping-taxable","14":"purchasable","15":"product-type-simple"},"aioseo_notices":[],"_links":{"self":[{"href":"https:\/\/promochaudiere.be\/nl\/wp-json\/wp\/v2\/product\/1653","targetHints":{"allow":["GET"]}}],"collection":[{"href":"https:\/\/promochaudiere.be\/nl\/wp-json\/wp\/v2\/product"}],"about":[{"href":"https:\/\/promochaudiere.be\/nl\/wp-json\/wp\/v2\/types\/product"}],"replies":[{"embeddable":true,"href":"https:\/\/promochaudiere.be\/nl\/wp-json\/wp\/v2\/comments?post=1653"}],"version-history":[{"count":2,"href":"https:\/\/promochaudiere.be\/nl\/wp-json\/wp\/v2\/product\/1653\/revisions"}],"predecessor-version":[{"id":51534,"href":"https:\/\/promochaudiere.be\/nl\/wp-json\/wp\/v2\/product\/1653\/revisions\/51534"}],"wp:featuredmedia":[{"embeddable":true,"href":"https:\/\/promochaudiere.be\/nl\/wp-json\/wp\/v2\/media\/1785"}],"wp:attachment":[{"href":"https:\/\/promochaudiere.be\/nl\/wp-json\/wp\/v2\/media?parent=1653"}],"wp:term":[{"taxonomy":"product_brand","embeddable":true,"href":"https:\/\/promochaudiere.be\/nl\/wp-json\/wp\/v2\/product_brand?post=1653"},{"taxonomy":"product_cat","embeddable":true,"href":"https:\/\/promochaudiere.be\/nl\/wp-json\/wp\/v2\/product_cat?post=1653"},{"taxonomy":"product_tag","embeddable":true,"href":"https:\/\/promochaudiere.be\/nl\/wp-json\/wp\/v2\/product_tag?post=1653"}],"curies":[{"name":"wp","href":"https:\/\/api.w.org\/{rel}","templated":true}]}}