{"id":1858,"date":"2022-04-14T15:34:57","date_gmt":"2022-04-14T15:34:57","guid":{"rendered":"https:\/\/promochaudiere.be\/produit\/vaillant-module-de-commande-vr-70\/"},"modified":"2026-02-03T19:40:06","modified_gmt":"2026-02-03T18:40:06","slug":"vaillant-module-de-commande-vr-70","status":"publish","type":"product","link":"https:\/\/promochaudiere.be\/nl\/product\/vaillant-module-de-commande-vr-70\/","title":{"rendered":"Vaillant module de commande VR 70"},"content":{"rendered":"<p>Ce module de commande convient parfaitement pour tous les g\u00e9n\u00e9rateurs Vaillant \u00e0 connexions eBUS. Il est compatible sp\u00e9cialement avec le r\u00e9gulateur climatique \u00e0 sonde ext\u00e9rieure MULTIMATIC VRC 700, MULTIMATIC VRC 700f, SENSOCOMFORT VRC 720 ou sensoCOMFORT VRC 720f ainsi que le module de commande principal VR 71.<\/p>","protected":false},"excerpt":{"rendered":"<p>Vaillant module de commande VR 70<\/p>","protected":false},"featured_media":1865,"comment_status":"open","ping_status":"closed","template":"","meta":[],"product_brand":[],"product_cat":[532],"product_tag":[],"class_list":{"0":"post-1858","1":"product","2":"type-product","3":"status-publish","4":"has-post-thumbnail","6":"product_cat-thermostat-vaillant-fr","7":"pa_marque-vaillant","9":"first","10":"instock","11":"sale","12":"taxable","13":"shipping-taxable","14":"purchasable","15":"product-type-simple"},"aioseo_notices":[],"_links":{"self":[{"href":"https:\/\/promochaudiere.be\/nl\/wp-json\/wp\/v2\/product\/1858","targetHints":{"allow":["GET"]}}],"collection":[{"href":"https:\/\/promochaudiere.be\/nl\/wp-json\/wp\/v2\/product"}],"about":[{"href":"https:\/\/promochaudiere.be\/nl\/wp-json\/wp\/v2\/types\/product"}],"replies":[{"embeddable":true,"href":"https:\/\/promochaudiere.be\/nl\/wp-json\/wp\/v2\/comments?post=1858"}],"version-history":[{"count":1,"href":"https:\/\/promochaudiere.be\/nl\/wp-json\/wp\/v2\/product\/1858\/revisions"}],"predecessor-version":[{"id":1866,"href":"https:\/\/promochaudiere.be\/nl\/wp-json\/wp\/v2\/product\/1858\/revisions\/1866"}],"wp:featuredmedia":[{"embeddable":true,"href":"https:\/\/promochaudiere.be\/nl\/wp-json\/wp\/v2\/media\/1865"}],"wp:attachment":[{"href":"https:\/\/promochaudiere.be\/nl\/wp-json\/wp\/v2\/media?parent=1858"}],"wp:term":[{"taxonomy":"product_brand","embeddable":true,"href":"https:\/\/promochaudiere.be\/nl\/wp-json\/wp\/v2\/product_brand?post=1858"},{"taxonomy":"product_cat","embeddable":true,"href":"https:\/\/promochaudiere.be\/nl\/wp-json\/wp\/v2\/product_cat?post=1858"},{"taxonomy":"product_tag","embeddable":true,"href":"https:\/\/promochaudiere.be\/nl\/wp-json\/wp\/v2\/product_tag?post=1858"}],"curies":[{"name":"wp","href":"https:\/\/api.w.org\/{rel}","templated":true}]}}