{"id":1859,"date":"2022-04-14T15:34:58","date_gmt":"2022-04-14T15:34:58","guid":{"rendered":"https:\/\/promochaudiere.be\/produit\/vaillant-boiler-thermodynamique-arostor-vwl-b-270-5\/"},"modified":"2023-12-26T15:37:01","modified_gmt":"2023-12-26T15:37:01","slug":"vaillant-boiler-thermodynamique-arostor-vwl-b-270-5","status":"publish","type":"product","link":"https:\/\/promochaudiere.be\/nl\/product\/vaillant-boiler-thermodynamique-arostor-vwl-b-270-5\/","title":{"rendered":"Vaillant thermodynamische boiler Arostor VWL B 270\/5"},"content":{"rendered":"<p>Le boiler thermodynamique de la marque Vaillant est con\u00e7u sp\u00e9cialement pour vous fournir de l&rsquo;eau potable. Gr\u00e2ce \u00e0 sa forme compacte, il trouvera facilement sa place dans votre pi\u00e8ce.<\/p>\n<p>Ce boiler est compatible uniquement pour les usages domestiques. Il assure une s\u00e9curit\u00e9 antigel et anti-l\u00e9gionnelle et une isolation performante en mousse de polyur\u00e9thane (PU) de 50 mm.<\/p>\n<p>Sa fabrication est con\u00e7ue \u00e0 partir d\u2019une mati\u00e8re de qualit\u00e9 remarquable qui propose une r\u00e9sistante optimale \u00e0 l&rsquo;\u00e9preuve de l&rsquo;utilisation quotidienne.<\/p>","protected":false},"excerpt":{"rendered":"<p><strong>Caract\u00e9ristiques :<\/strong><\/p>\n<ul>\n<li>Hauteur : 1783 mm<\/li>\n<li>Diam\u00e8tre : 634 mm<\/li>\n<li>Alimentation \u00e9lectrique\u00a0: 230 V \/ 50Hz<\/li>\n<li>Classe \u00e9nerg\u00e9tique sanitaire\u00a0: A+<\/li>\n<li>Profil de puisage sanitaire\u00a0: L<\/li>\n<\/ul>","protected":false},"featured_media":1868,"comment_status":"open","ping_status":"closed","template":"","meta":[],"product_brand":[],"product_cat":[814],"product_tag":[],"class_list":{"0":"post-1859","1":"product","2":"type-product","3":"status-publish","4":"has-post-thumbnail","6":"product_cat-boiler-thermodynamique","7":"pa_marque-vaillant","9":"first","10":"instock","11":"sale","12":"taxable","13":"shipping-taxable","14":"purchasable","15":"product-type-simple"},"aioseo_notices":[],"_links":{"self":[{"href":"https:\/\/promochaudiere.be\/nl\/wp-json\/wp\/v2\/product\/1859","targetHints":{"allow":["GET"]}}],"collection":[{"href":"https:\/\/promochaudiere.be\/nl\/wp-json\/wp\/v2\/product"}],"about":[{"href":"https:\/\/promochaudiere.be\/nl\/wp-json\/wp\/v2\/types\/product"}],"replies":[{"embeddable":true,"href":"https:\/\/promochaudiere.be\/nl\/wp-json\/wp\/v2\/comments?post=1859"}],"version-history":[{"count":0,"href":"https:\/\/promochaudiere.be\/nl\/wp-json\/wp\/v2\/product\/1859\/revisions"}],"wp:featuredmedia":[{"embeddable":true,"href":"https:\/\/promochaudiere.be\/nl\/wp-json\/wp\/v2\/media\/1868"}],"wp:attachment":[{"href":"https:\/\/promochaudiere.be\/nl\/wp-json\/wp\/v2\/media?parent=1859"}],"wp:term":[{"taxonomy":"product_brand","embeddable":true,"href":"https:\/\/promochaudiere.be\/nl\/wp-json\/wp\/v2\/product_brand?post=1859"},{"taxonomy":"product_cat","embeddable":true,"href":"https:\/\/promochaudiere.be\/nl\/wp-json\/wp\/v2\/product_cat?post=1859"},{"taxonomy":"product_tag","embeddable":true,"href":"https:\/\/promochaudiere.be\/nl\/wp-json\/wp\/v2\/product_tag?post=1859"}],"curies":[{"name":"wp","href":"https:\/\/api.w.org\/{rel}","templated":true}]}}