{"id":18990,"date":"2025-01-31T16:25:31","date_gmt":"2025-01-31T16:25:31","guid":{"rendered":"https:\/\/promochaudiere.be\/?post_type=product&#038;p=18990"},"modified":"2026-02-03T19:28:11","modified_gmt":"2026-02-03T18:28:11","slug":"bosch-condensatiewandketel-op-gas-inbouwketel-gc5300i-24-48-7716701569","status":"publish","type":"product","link":"https:\/\/promochaudiere.be\/nl\/product\/bosch-condensatiewandketel-op-gas-inbouwketel-gc5300i-24-48-7716701569\/","title":{"rendered":"Bosch condensatiewandketel op gas + inbouwketel GC5300I 24\/48 7716701569"},"content":{"rendered":"<p>Deze Bosch condensatieketel voor wandmontage met ge\u00efntegreerde tank biedt een effici\u00ebnte en zuinige warmwaterproductie. Dankzij de condensatietechnologie optimaliseert hij de energie-effici\u00ebntie en verlaagt hij het gasverbruik. Het compacte ontwerp zorgt voor een eenvoudige installatie in krappe ruimtes. De intelligente regelaar zorgt voor optimaal thermisch comfort. Een ideale keuze voor effici\u00ebnte en duurzame verwarming.<\/p>","protected":false},"excerpt":{"rendered":"<p>Bosch condensatiewandketel op gas + inbouwketel GC5300I 24\/48 7716701569<\/p>","protected":false},"featured_media":20905,"comment_status":"open","ping_status":"closed","template":"","meta":[],"product_brand":[],"product_cat":[9479],"product_tag":[],"class_list":{"0":"post-18990","1":"product","2":"type-product","3":"status-publish","4":"has-post-thumbnail","6":"product_cat-wandgasketel-met-condensatie-en-sanitair-warm-water-nl","7":"pa_marque-bosch","9":"first","10":"instock","11":"sale","12":"taxable","13":"shipping-taxable","14":"purchasable","15":"product-type-simple"},"aioseo_notices":[],"_links":{"self":[{"href":"https:\/\/promochaudiere.be\/nl\/wp-json\/wp\/v2\/product\/18990","targetHints":{"allow":["GET"]}}],"collection":[{"href":"https:\/\/promochaudiere.be\/nl\/wp-json\/wp\/v2\/product"}],"about":[{"href":"https:\/\/promochaudiere.be\/nl\/wp-json\/wp\/v2\/types\/product"}],"replies":[{"embeddable":true,"href":"https:\/\/promochaudiere.be\/nl\/wp-json\/wp\/v2\/comments?post=18990"}],"version-history":[{"count":1,"href":"https:\/\/promochaudiere.be\/nl\/wp-json\/wp\/v2\/product\/18990\/revisions"}],"predecessor-version":[{"id":43299,"href":"https:\/\/promochaudiere.be\/nl\/wp-json\/wp\/v2\/product\/18990\/revisions\/43299"}],"wp:featuredmedia":[{"embeddable":true,"href":"https:\/\/promochaudiere.be\/nl\/wp-json\/wp\/v2\/media\/20905"}],"wp:attachment":[{"href":"https:\/\/promochaudiere.be\/nl\/wp-json\/wp\/v2\/media?parent=18990"}],"wp:term":[{"taxonomy":"product_brand","embeddable":true,"href":"https:\/\/promochaudiere.be\/nl\/wp-json\/wp\/v2\/product_brand?post=18990"},{"taxonomy":"product_cat","embeddable":true,"href":"https:\/\/promochaudiere.be\/nl\/wp-json\/wp\/v2\/product_cat?post=18990"},{"taxonomy":"product_tag","embeddable":true,"href":"https:\/\/promochaudiere.be\/nl\/wp-json\/wp\/v2\/product_tag?post=18990"}],"curies":[{"name":"wp","href":"https:\/\/api.w.org\/{rel}","templated":true}]}}