{"id":191,"date":"2022-04-14T14:10:49","date_gmt":"2022-04-14T14:10:49","guid":{"rendered":"https:\/\/promochaudiere.be\/?post_type=product&#038;p=191"},"modified":"2026-02-03T19:40:16","modified_gmt":"2026-02-03T18:40:16","slug":"vaillant-chaudiere-murale-a-condensation-gaz-ecotec-pro-vcw246-5-3-combi-231-kw","status":"publish","type":"product","link":"https:\/\/promochaudiere.be\/nl\/product\/vaillant-chaudiere-murale-a-condensation-gaz-ecotec-pro-vcw246-5-3-combi-231-kw\/","title":{"rendered":"Vaillant wandketel condenserende gas Ecotec Pro VCW246\/5-3 combi 23,1 KW 0010021848"},"content":{"rendered":"<p>Pour ceux qui d\u00e9sirent une chaudi\u00e8re de qualit\u00e9 et avec un bon prix, d\u00e9couvrez alors cette chaudi\u00e8re murale \u00e0 condensation gaz de la marque Vaillant\u00a0! Elle est la solution id\u00e9ale pour tous les types d\u2019habitations.<\/p>\n<p>Cette chaudi\u00e8re dispose d\u2019un affichage d\u2019\u00e9tat de service et de diagnostic et d&rsquo;un r\u00e9glage \u00e9lectronique de la charge partielle chauffage.<\/p>","protected":false},"excerpt":{"rendered":"<p><strong>Caract\u00e9ristiques\u00a0:<\/strong><\/p>\n<ul>\n<li>Classe \u00e9nerg\u00e9tique chauffage\u00a0: A<\/li>\n<li>Classe \u00e9nerg\u00e9tique sanitaire\u00a0: A<\/li>\n<li>Profil de puisage sanitaire\u00a0: XL<\/li>\n<li>Puissance\u00a0: 23,1 KW<\/li>\n<li>Hauteur\u00a0: 720 mm<\/li>\n<li>Largeur\u00a0: 440 mm<\/li>\n<li>Profondeur\u00a0: 338 mm<\/li>\n<li>Alimentation \u00e9lectrique\u00a0: 230\/50 V\/Hz<\/li>\n<li>Puissance \u00e9lectrique absorb\u00e9e min\/max : 40\/75 W<\/li>\n<li>Classe de protection\u00a0: IP X4 D<\/li>\n<\/ul>","protected":false},"featured_media":1922,"comment_status":"open","ping_status":"closed","template":"","meta":[],"product_brand":[],"product_cat":[8853],"product_tag":[],"class_list":{"0":"post-191","1":"product","2":"type-product","3":"status-publish","4":"has-post-thumbnail","6":"product_cat-chaudiere-murale-gaz-a-condensation-avec-eau-chaude-sanitaire","7":"pa_marque-vaillant","9":"first","10":"instock","11":"sale","12":"taxable","13":"shipping-taxable","14":"purchasable","15":"product-type-simple"},"aioseo_notices":[],"_links":{"self":[{"href":"https:\/\/promochaudiere.be\/nl\/wp-json\/wp\/v2\/product\/191","targetHints":{"allow":["GET"]}}],"collection":[{"href":"https:\/\/promochaudiere.be\/nl\/wp-json\/wp\/v2\/product"}],"about":[{"href":"https:\/\/promochaudiere.be\/nl\/wp-json\/wp\/v2\/types\/product"}],"replies":[{"embeddable":true,"href":"https:\/\/promochaudiere.be\/nl\/wp-json\/wp\/v2\/comments?post=191"}],"version-history":[{"count":1,"href":"https:\/\/promochaudiere.be\/nl\/wp-json\/wp\/v2\/product\/191\/revisions"}],"predecessor-version":[{"id":193,"href":"https:\/\/promochaudiere.be\/nl\/wp-json\/wp\/v2\/product\/191\/revisions\/193"}],"wp:featuredmedia":[{"embeddable":true,"href":"https:\/\/promochaudiere.be\/nl\/wp-json\/wp\/v2\/media\/1922"}],"wp:attachment":[{"href":"https:\/\/promochaudiere.be\/nl\/wp-json\/wp\/v2\/media?parent=191"}],"wp:term":[{"taxonomy":"product_brand","embeddable":true,"href":"https:\/\/promochaudiere.be\/nl\/wp-json\/wp\/v2\/product_brand?post=191"},{"taxonomy":"product_cat","embeddable":true,"href":"https:\/\/promochaudiere.be\/nl\/wp-json\/wp\/v2\/product_cat?post=191"},{"taxonomy":"product_tag","embeddable":true,"href":"https:\/\/promochaudiere.be\/nl\/wp-json\/wp\/v2\/product_tag?post=191"}],"curies":[{"name":"wp","href":"https:\/\/api.w.org\/{rel}","templated":true}]}}