{"id":19298,"date":"2025-01-31T16:29:20","date_gmt":"2025-01-31T16:29:20","guid":{"rendered":"https:\/\/promochaudiere.be\/?post_type=product&#038;p=19298"},"modified":"2026-02-03T19:28:26","modified_gmt":"2026-02-03T18:28:26","slug":"bosch-ventilator-87186443950","status":"publish","type":"product","link":"https:\/\/promochaudiere.be\/nl\/product\/bosch-ventilator-87186443950\/","title":{"rendered":"BOSCH-VENTILATOR 87186443950"},"content":{"rendered":"<p>De Bosch ventilator zorgt voor een optimale ventilatie voor een soepele en effici\u00ebnte werking van uw CV-ketel. Het garandeert een effici\u00ebnte circulatie van lucht en rook, waardoor de energie-effici\u00ebntie van het systeem wordt verbeterd. Ontworpen met materialen van hoge kwaliteit, biedt het een grote weerstand en een lange levensduur. Eenvoudig te installeren en perfect te integreren met Bosch-apparatuur.<\/p>","protected":false},"excerpt":{"rendered":"<p>BOSCH-VENTILATOR 87186443950<\/p>","protected":false},"featured_media":21677,"comment_status":"open","ping_status":"closed","template":"","meta":[],"product_brand":[],"product_cat":[9487,8842],"product_tag":[],"class_list":{"0":"post-19298","1":"product","2":"type-product","3":"status-publish","4":"has-post-thumbnail","6":"product_cat-reserveonderdelen-bosch","7":"product_cat-test-nl","8":"pa_marque-bosch","10":"first","11":"instock","12":"sale","13":"taxable","14":"shipping-taxable","15":"purchasable","16":"product-type-simple"},"aioseo_notices":[],"_links":{"self":[{"href":"https:\/\/promochaudiere.be\/nl\/wp-json\/wp\/v2\/product\/19298","targetHints":{"allow":["GET"]}}],"collection":[{"href":"https:\/\/promochaudiere.be\/nl\/wp-json\/wp\/v2\/product"}],"about":[{"href":"https:\/\/promochaudiere.be\/nl\/wp-json\/wp\/v2\/types\/product"}],"replies":[{"embeddable":true,"href":"https:\/\/promochaudiere.be\/nl\/wp-json\/wp\/v2\/comments?post=19298"}],"version-history":[{"count":1,"href":"https:\/\/promochaudiere.be\/nl\/wp-json\/wp\/v2\/product\/19298\/revisions"}],"predecessor-version":[{"id":43060,"href":"https:\/\/promochaudiere.be\/nl\/wp-json\/wp\/v2\/product\/19298\/revisions\/43060"}],"wp:featuredmedia":[{"embeddable":true,"href":"https:\/\/promochaudiere.be\/nl\/wp-json\/wp\/v2\/media\/21677"}],"wp:attachment":[{"href":"https:\/\/promochaudiere.be\/nl\/wp-json\/wp\/v2\/media?parent=19298"}],"wp:term":[{"taxonomy":"product_brand","embeddable":true,"href":"https:\/\/promochaudiere.be\/nl\/wp-json\/wp\/v2\/product_brand?post=19298"},{"taxonomy":"product_cat","embeddable":true,"href":"https:\/\/promochaudiere.be\/nl\/wp-json\/wp\/v2\/product_cat?post=19298"},{"taxonomy":"product_tag","embeddable":true,"href":"https:\/\/promochaudiere.be\/nl\/wp-json\/wp\/v2\/product_tag?post=19298"}],"curies":[{"name":"wp","href":"https:\/\/api.w.org\/{rel}","templated":true}]}}