{"id":19307,"date":"2025-01-31T16:29:24","date_gmt":"2025-01-31T16:29:24","guid":{"rendered":"https:\/\/promochaudiere.be\/?post_type=product&#038;p=19307"},"modified":"2026-02-03T19:28:14","modified_gmt":"2026-02-03T18:28:14","slug":"grundfos-cv-circulator-magna3-25-60-l180-6-4-97924245","status":"publish","type":"product","link":"https:\/\/promochaudiere.be\/nl\/product\/grundfos-cv-circulator-magna3-25-60-l180-6-4-97924245\/","title":{"rendered":"Grundfos cv-circulator magna3 25-60 L180 6\/4 97924245"},"content":{"rendered":"<p>Optimaliseer uw verwarming met de Grundfos Magna3 25-60 circulatiepomp. Het garandeert een effici\u00ebnte watercirculatie door het debiet automatisch aan te passen voor optimale prestaties. De energiezuinige motor verlaagt de energiekosten en zorgt tegelijkertijd voor een gelijkmatige warmteverdeling. Eenvoudig te installeren en te onderhouden, ideaal voor residenti\u00eble en commerci\u00eble systemen. Essenti\u00eble apparatuur om het thermisch comfort en de energie-effici\u00ebntie te verbeteren.<\/p>","protected":false},"excerpt":{"rendered":"<p>Grundfos cv-circulator magna3 25-60 L180 6\/4 97924245<\/p>","protected":false},"featured_media":20977,"comment_status":"open","ping_status":"closed","template":"","meta":[],"product_brand":[],"product_cat":[991],"product_tag":[],"class_list":{"0":"post-19307","1":"product","2":"type-product","3":"status-publish","4":"has-post-thumbnail","6":"product_cat-circulatiepomp","7":"pa_marque-grundfos","9":"first","10":"instock","11":"sale","12":"taxable","13":"shipping-taxable","14":"purchasable","15":"product-type-simple"},"aioseo_notices":[],"_links":{"self":[{"href":"https:\/\/promochaudiere.be\/nl\/wp-json\/wp\/v2\/product\/19307","targetHints":{"allow":["GET"]}}],"collection":[{"href":"https:\/\/promochaudiere.be\/nl\/wp-json\/wp\/v2\/product"}],"about":[{"href":"https:\/\/promochaudiere.be\/nl\/wp-json\/wp\/v2\/types\/product"}],"replies":[{"embeddable":true,"href":"https:\/\/promochaudiere.be\/nl\/wp-json\/wp\/v2\/comments?post=19307"}],"version-history":[{"count":1,"href":"https:\/\/promochaudiere.be\/nl\/wp-json\/wp\/v2\/product\/19307\/revisions"}],"predecessor-version":[{"id":43051,"href":"https:\/\/promochaudiere.be\/nl\/wp-json\/wp\/v2\/product\/19307\/revisions\/43051"}],"wp:featuredmedia":[{"embeddable":true,"href":"https:\/\/promochaudiere.be\/nl\/wp-json\/wp\/v2\/media\/20977"}],"wp:attachment":[{"href":"https:\/\/promochaudiere.be\/nl\/wp-json\/wp\/v2\/media?parent=19307"}],"wp:term":[{"taxonomy":"product_brand","embeddable":true,"href":"https:\/\/promochaudiere.be\/nl\/wp-json\/wp\/v2\/product_brand?post=19307"},{"taxonomy":"product_cat","embeddable":true,"href":"https:\/\/promochaudiere.be\/nl\/wp-json\/wp\/v2\/product_cat?post=19307"},{"taxonomy":"product_tag","embeddable":true,"href":"https:\/\/promochaudiere.be\/nl\/wp-json\/wp\/v2\/product_tag?post=19307"}],"curies":[{"name":"wp","href":"https:\/\/api.w.org\/{rel}","templated":true}]}}