{"id":1932,"date":"2022-04-21T14:40:42","date_gmt":"2022-04-21T14:40:42","guid":{"rendered":"https:\/\/promochaudiere.be\/produit\/bosch-control-ct200-regulateur-climatique-blanc\/"},"modified":"2026-02-03T19:40:07","modified_gmt":"2026-02-03T18:40:07","slug":"bosch-control-ct200-regulateur-climatique-blanc","status":"publish","type":"product","link":"https:\/\/promochaudiere.be\/nl\/product\/bosch-control-ct200-regulateur-climatique-blanc\/","title":{"rendered":"Bosch control CT200 regulateur climatique &#8211; blanc"},"content":{"rendered":"<p>La nouvelle technologie \u00e0 votre disposition maintenant, gr\u00e2ce \u00e0 son syst\u00e8me <strong>EasyControl CT 200<\/strong> ce r\u00e9gulateur climatique vous permet de g\u00e9rer votre chauffage \u00e0 distance via Internet. Il dispose d\u2019une fonction auto-apprentissage pour avoir toujours une temp\u00e9rature id\u00e9ale \u00e0 votre habitation.<br \/>\n<strong>EasyControl CT 200<\/strong> vous aide \u00e0 r\u00e9duire la consommation jusqu&rsquo;\u00e0<strong> 25 %<\/strong>, augmenter l&rsquo;efficacit\u00e9 \u00e9nerg\u00e9tique et les incitations fiscales jusqu&rsquo;\u00e0 <strong>65 %<\/strong>.<br \/>\nEn effet, ce r\u00e9gulateur est con\u00e7u sp\u00e9cialement pour r\u00e9pondre \u00e0 vos besoins de confort. Alors profitez d\u2019une temp\u00e9rature optimale !<\/p>","protected":false},"excerpt":{"rendered":"<p>Bosch control CT200 regulateur climatique &#8211; blanc<\/p>","protected":false},"featured_media":1954,"comment_status":"open","ping_status":"closed","template":"","meta":[],"product_brand":[],"product_cat":[578],"product_tag":[],"class_list":{"0":"post-1932","1":"product","2":"type-product","3":"status-publish","4":"has-post-thumbnail","6":"product_cat-thermostat-bosch-fr","7":"pa_marque-bosch","9":"first","10":"instock","11":"sale","12":"taxable","13":"shipping-taxable","14":"purchasable","15":"product-type-simple"},"aioseo_notices":[],"_links":{"self":[{"href":"https:\/\/promochaudiere.be\/nl\/wp-json\/wp\/v2\/product\/1932","targetHints":{"allow":["GET"]}}],"collection":[{"href":"https:\/\/promochaudiere.be\/nl\/wp-json\/wp\/v2\/product"}],"about":[{"href":"https:\/\/promochaudiere.be\/nl\/wp-json\/wp\/v2\/types\/product"}],"replies":[{"embeddable":true,"href":"https:\/\/promochaudiere.be\/nl\/wp-json\/wp\/v2\/comments?post=1932"}],"version-history":[{"count":1,"href":"https:\/\/promochaudiere.be\/nl\/wp-json\/wp\/v2\/product\/1932\/revisions"}],"predecessor-version":[{"id":51514,"href":"https:\/\/promochaudiere.be\/nl\/wp-json\/wp\/v2\/product\/1932\/revisions\/51514"}],"wp:featuredmedia":[{"embeddable":true,"href":"https:\/\/promochaudiere.be\/nl\/wp-json\/wp\/v2\/media\/1954"}],"wp:attachment":[{"href":"https:\/\/promochaudiere.be\/nl\/wp-json\/wp\/v2\/media?parent=1932"}],"wp:term":[{"taxonomy":"product_brand","embeddable":true,"href":"https:\/\/promochaudiere.be\/nl\/wp-json\/wp\/v2\/product_brand?post=1932"},{"taxonomy":"product_cat","embeddable":true,"href":"https:\/\/promochaudiere.be\/nl\/wp-json\/wp\/v2\/product_cat?post=1932"},{"taxonomy":"product_tag","embeddable":true,"href":"https:\/\/promochaudiere.be\/nl\/wp-json\/wp\/v2\/product_tag?post=1932"}],"curies":[{"name":"wp","href":"https:\/\/api.w.org\/{rel}","templated":true}]}}