{"id":1934,"date":"2022-04-21T14:40:42","date_gmt":"2022-04-21T14:40:42","guid":{"rendered":"https:\/\/promochaudiere.be\/produit\/vaillant-sensonet-vr-921-suspendu-au-mur\/"},"modified":"2026-02-03T19:40:07","modified_gmt":"2026-02-03T18:40:07","slug":"vaillant-sensonet-vr-921-suspendu-au-mur","status":"publish","type":"product","link":"https:\/\/promochaudiere.be\/nl\/product\/vaillant-sensonet-vr-921-suspendu-au-mur\/","title":{"rendered":"Vaillant sensonet VR 921 suspendu au mur"},"content":{"rendered":"<p>Un contr\u00f4le facile et une \u00e9conomie d\u2019\u00e9nergie efficace, cet appareil vous permet de g\u00e9rer votre chauffage \u00e0 distance.<br \/>\nC\u2019est la base d&rsquo;une gestion intelligente de l&rsquo;\u00e9nergie qui non seulement vous fait \u00e9conomiser de l&rsquo;argent, mais contribue \u00e9galement \u00e0 la protection du climat.<\/p>\n<p>Vous pouvez contr\u00f4ler aussi votre chauffage via l&rsquo;application gratuite sensoapp que vous installez sur votre smartphone ou tablette.<\/p>","protected":false},"excerpt":{"rendered":"<p>Vaillant sensonet VR 921 suspendu au mur<\/p>","protected":false},"featured_media":1953,"comment_status":"open","ping_status":"closed","template":"","meta":[],"product_brand":[],"product_cat":[532],"product_tag":[],"class_list":{"0":"post-1934","1":"product","2":"type-product","3":"status-publish","4":"has-post-thumbnail","6":"product_cat-thermostat-vaillant-fr","7":"pa_marque-vaillant","9":"first","10":"instock","11":"sale","12":"taxable","13":"shipping-taxable","14":"purchasable","15":"product-type-simple"},"aioseo_notices":[],"_links":{"self":[{"href":"https:\/\/promochaudiere.be\/nl\/wp-json\/wp\/v2\/product\/1934","targetHints":{"allow":["GET"]}}],"collection":[{"href":"https:\/\/promochaudiere.be\/nl\/wp-json\/wp\/v2\/product"}],"about":[{"href":"https:\/\/promochaudiere.be\/nl\/wp-json\/wp\/v2\/types\/product"}],"replies":[{"embeddable":true,"href":"https:\/\/promochaudiere.be\/nl\/wp-json\/wp\/v2\/comments?post=1934"}],"version-history":[{"count":0,"href":"https:\/\/promochaudiere.be\/nl\/wp-json\/wp\/v2\/product\/1934\/revisions"}],"wp:featuredmedia":[{"embeddable":true,"href":"https:\/\/promochaudiere.be\/nl\/wp-json\/wp\/v2\/media\/1953"}],"wp:attachment":[{"href":"https:\/\/promochaudiere.be\/nl\/wp-json\/wp\/v2\/media?parent=1934"}],"wp:term":[{"taxonomy":"product_brand","embeddable":true,"href":"https:\/\/promochaudiere.be\/nl\/wp-json\/wp\/v2\/product_brand?post=1934"},{"taxonomy":"product_cat","embeddable":true,"href":"https:\/\/promochaudiere.be\/nl\/wp-json\/wp\/v2\/product_cat?post=1934"},{"taxonomy":"product_tag","embeddable":true,"href":"https:\/\/promochaudiere.be\/nl\/wp-json\/wp\/v2\/product_tag?post=1934"}],"curies":[{"name":"wp","href":"https:\/\/api.w.org\/{rel}","templated":true}]}}