{"id":1937,"date":"2022-04-21T14:40:43","date_gmt":"2022-04-21T14:40:43","guid":{"rendered":"https:\/\/promochaudiere.be\/produit\/bulex-thermostat-dambiance-modulant-ebus-miset-radio-srt380f\/"},"modified":"2026-02-03T19:40:06","modified_gmt":"2026-02-03T18:40:06","slug":"bulex-thermostat-dambiance-modulant-ebus-miset-radio-srt380f","status":"publish","type":"product","link":"https:\/\/promochaudiere.be\/product\/bulex-thermostat-dambiance-modulant-ebus-miset-radio-srt380f\/","title":{"rendered":"Bulex thermostat d&rsquo;ambiance modulant EBUS MISET RADIO SRT380F"},"content":{"rendered":"<p>Un confort optimal en 2 min ! Ce thermostat vous assure un contr\u00f4le facile gr\u00e2ce \u00e0 l&rsquo;application MiControl. Il vous permet d\u2019am\u00e9liorer et r\u00e9duit vos d\u00e9penses \u00e9nerg\u00e9tiques.<br \/>\nCette nouvelle commande se caract\u00e9rise par sa capacit\u00e9 de modifier la temp\u00e9rature ambiante en fonction de la temp\u00e9rature ext\u00e9rieure cela assure une temp\u00e9rature optimale \u00e0 votre habitation et un fonctionnement de chauffage tr\u00e8s efficace.<\/p>","protected":false},"excerpt":{"rendered":"<p>Bulex thermostat d&rsquo;ambiance modulant EBUS MISET RADIO SRT380F<\/p>","protected":false},"featured_media":1958,"comment_status":"open","ping_status":"closed","template":"","meta":[],"product_brand":[],"product_cat":[658],"product_tag":[],"class_list":{"0":"post-1937","1":"product","2":"type-product","3":"status-publish","4":"has-post-thumbnail","6":"product_cat-thermostat-bulex-fr","7":"pa_marque-bulex","9":"first","10":"instock","11":"sale","12":"taxable","13":"shipping-taxable","14":"purchasable","15":"product-type-simple"},"aioseo_notices":[],"_links":{"self":[{"href":"https:\/\/promochaudiere.be\/nl\/wp-json\/wp\/v2\/product\/1937","targetHints":{"allow":["GET"]}}],"collection":[{"href":"https:\/\/promochaudiere.be\/nl\/wp-json\/wp\/v2\/product"}],"about":[{"href":"https:\/\/promochaudiere.be\/nl\/wp-json\/wp\/v2\/types\/product"}],"replies":[{"embeddable":true,"href":"https:\/\/promochaudiere.be\/nl\/wp-json\/wp\/v2\/comments?post=1937"}],"version-history":[{"count":1,"href":"https:\/\/promochaudiere.be\/nl\/wp-json\/wp\/v2\/product\/1937\/revisions"}],"predecessor-version":[{"id":51511,"href":"https:\/\/promochaudiere.be\/nl\/wp-json\/wp\/v2\/product\/1937\/revisions\/51511"}],"wp:featuredmedia":[{"embeddable":true,"href":"https:\/\/promochaudiere.be\/nl\/wp-json\/wp\/v2\/media\/1958"}],"wp:attachment":[{"href":"https:\/\/promochaudiere.be\/nl\/wp-json\/wp\/v2\/media?parent=1937"}],"wp:term":[{"taxonomy":"product_brand","embeddable":true,"href":"https:\/\/promochaudiere.be\/nl\/wp-json\/wp\/v2\/product_brand?post=1937"},{"taxonomy":"product_cat","embeddable":true,"href":"https:\/\/promochaudiere.be\/nl\/wp-json\/wp\/v2\/product_cat?post=1937"},{"taxonomy":"product_tag","embeddable":true,"href":"https:\/\/promochaudiere.be\/nl\/wp-json\/wp\/v2\/product_tag?post=1937"}],"curies":[{"name":"wp","href":"https:\/\/api.w.org\/{rel}","templated":true}]}}