{"id":19383,"date":"2025-01-31T16:30:28","date_gmt":"2025-01-31T16:30:28","guid":{"rendered":"https:\/\/promochaudiere.be\/?post_type=product&#038;p=19383"},"modified":"2026-02-03T19:28:41","modified_gmt":"2026-02-03T18:28:41","slug":"comap-combinatie-enkelbuis-thermostaat-vloerbosch-1-2-m22-rk8096045","status":"publish","type":"product","link":"https:\/\/promochaudiere.be\/nl\/product\/comap-combinatie-enkelbuis-thermostaat-vloerbosch-1-2-m22-rk8096045\/","title":{"rendered":"Comap COMBINATIE ENKELBUIS THERMOSTAAT VLOER+BOSCH 1\/2-M22 RK8096045"},"content":{"rendered":"<p>Met deze Comap-kit kunt u een thermostaat integreren in een circuit met \u00e9\u00e9n buis en een aardaansluiting. Dankzij de ge\u00efntegreerde elleboog vergemakkelijkt hij de installatie en optimaliseert hij de temperatuurregeling voor effici\u00ebnte en zuinige verwarming.<\/p>","protected":false},"excerpt":{"rendered":"<p>Comap COMBINATIE ENKELBUIS THERMOSTAAT VLOER+BOSCH 1\/2-M22 RK8096045<\/p>","protected":false},"featured_media":21735,"comment_status":"open","ping_status":"closed","template":"","meta":[],"product_brand":[],"product_cat":[976,8842],"product_tag":[],"class_list":{"0":"post-19383","1":"product","2":"type-product","3":"status-publish","4":"has-post-thumbnail","6":"product_cat-accessoires-radiatoren","7":"product_cat-test-nl","8":"pa_marque-comap","10":"first","11":"instock","12":"sale","13":"taxable","14":"shipping-taxable","15":"purchasable","16":"product-type-simple"},"aioseo_notices":[],"_links":{"self":[{"href":"https:\/\/promochaudiere.be\/nl\/wp-json\/wp\/v2\/product\/19383","targetHints":{"allow":["GET"]}}],"collection":[{"href":"https:\/\/promochaudiere.be\/nl\/wp-json\/wp\/v2\/product"}],"about":[{"href":"https:\/\/promochaudiere.be\/nl\/wp-json\/wp\/v2\/types\/product"}],"replies":[{"embeddable":true,"href":"https:\/\/promochaudiere.be\/nl\/wp-json\/wp\/v2\/comments?post=19383"}],"version-history":[{"count":1,"href":"https:\/\/promochaudiere.be\/nl\/wp-json\/wp\/v2\/product\/19383\/revisions"}],"predecessor-version":[{"id":43006,"href":"https:\/\/promochaudiere.be\/nl\/wp-json\/wp\/v2\/product\/19383\/revisions\/43006"}],"wp:featuredmedia":[{"embeddable":true,"href":"https:\/\/promochaudiere.be\/nl\/wp-json\/wp\/v2\/media\/21735"}],"wp:attachment":[{"href":"https:\/\/promochaudiere.be\/nl\/wp-json\/wp\/v2\/media?parent=19383"}],"wp:term":[{"taxonomy":"product_brand","embeddable":true,"href":"https:\/\/promochaudiere.be\/nl\/wp-json\/wp\/v2\/product_brand?post=19383"},{"taxonomy":"product_cat","embeddable":true,"href":"https:\/\/promochaudiere.be\/nl\/wp-json\/wp\/v2\/product_cat?post=19383"},{"taxonomy":"product_tag","embeddable":true,"href":"https:\/\/promochaudiere.be\/nl\/wp-json\/wp\/v2\/product_tag?post=19383"}],"curies":[{"name":"wp","href":"https:\/\/api.w.org\/{rel}","templated":true}]}}