{"id":1939,"date":"2022-04-21T14:40:44","date_gmt":"2022-04-21T14:40:44","guid":{"rendered":"https:\/\/promochaudiere.be\/produit\/bulex-module-red-3\/"},"modified":"2025-12-09T17:08:54","modified_gmt":"2025-12-09T17:08:54","slug":"bulex-module-red-3","status":"publish","type":"product","link":"https:\/\/promochaudiere.be\/nl\/product\/bulex-module-red-3\/","title":{"rendered":"Bulex module red 3"},"content":{"rendered":"<p>Cr\u00e9ez une bonne ambiance \u00e0 votre maison, ce r\u00e9gulateur climatique vous permet de contr\u00f4ler et configurer la consommation d&rsquo;\u00e9nergie du chauffage et de l&rsquo;eau chaude pour \u00e9conomiser encore plus d&rsquo;\u00e9nergie.<br \/>\nIl dispose d\u2019une carte \u00e9lectronique qui permet la gestion de 2 zones de chauffage en association avec <strong>MiPro<\/strong> ou une zone avec ballon tampon avec <strong>MiPro<\/strong> Sens.<\/p>\n<p>Cet appareil se pr\u00e9sente une haute conception et une robustesse in\u00e9gal\u00e9e lui garantissant une longue dur\u00e9e de vie.<\/p>","protected":false},"excerpt":{"rendered":"<p>Bulex module red 3<\/p>","protected":false},"featured_media":1952,"comment_status":"open","ping_status":"closed","template":"","meta":[],"product_brand":[],"product_cat":[658],"product_tag":[],"class_list":{"0":"post-1939","1":"product","2":"type-product","3":"status-publish","4":"has-post-thumbnail","6":"product_cat-thermostat-bulex-fr","7":"pa_marque-bulex","9":"first","10":"instock","11":"sale","12":"taxable","13":"shipping-taxable","14":"purchasable","15":"product-type-simple"},"aioseo_notices":[],"_links":{"self":[{"href":"https:\/\/promochaudiere.be\/nl\/wp-json\/wp\/v2\/product\/1939","targetHints":{"allow":["GET"]}}],"collection":[{"href":"https:\/\/promochaudiere.be\/nl\/wp-json\/wp\/v2\/product"}],"about":[{"href":"https:\/\/promochaudiere.be\/nl\/wp-json\/wp\/v2\/types\/product"}],"replies":[{"embeddable":true,"href":"https:\/\/promochaudiere.be\/nl\/wp-json\/wp\/v2\/comments?post=1939"}],"version-history":[{"count":1,"href":"https:\/\/promochaudiere.be\/nl\/wp-json\/wp\/v2\/product\/1939\/revisions"}],"predecessor-version":[{"id":51507,"href":"https:\/\/promochaudiere.be\/nl\/wp-json\/wp\/v2\/product\/1939\/revisions\/51507"}],"wp:featuredmedia":[{"embeddable":true,"href":"https:\/\/promochaudiere.be\/nl\/wp-json\/wp\/v2\/media\/1952"}],"wp:attachment":[{"href":"https:\/\/promochaudiere.be\/nl\/wp-json\/wp\/v2\/media?parent=1939"}],"wp:term":[{"taxonomy":"product_brand","embeddable":true,"href":"https:\/\/promochaudiere.be\/nl\/wp-json\/wp\/v2\/product_brand?post=1939"},{"taxonomy":"product_cat","embeddable":true,"href":"https:\/\/promochaudiere.be\/nl\/wp-json\/wp\/v2\/product_cat?post=1939"},{"taxonomy":"product_tag","embeddable":true,"href":"https:\/\/promochaudiere.be\/nl\/wp-json\/wp\/v2\/product_tag?post=1939"}],"curies":[{"name":"wp","href":"https:\/\/api.w.org\/{rel}","templated":true}]}}