{"id":19603,"date":"2025-01-31T16:33:15","date_gmt":"2025-01-31T16:33:15","guid":{"rendered":"https:\/\/promochaudiere.be\/?post_type=product&#038;p=19603"},"modified":"2026-02-03T19:28:20","modified_gmt":"2026-02-03T18:28:20","slug":"bulex-hoog-rendement-pomp-voor-thermomaster-0010030657","status":"publish","type":"product","link":"https:\/\/promochaudiere.be\/nl\/product\/bulex-hoog-rendement-pomp-voor-thermomaster-0010030657\/","title":{"rendered":"Bulex HOOG RENDEMENT POMP VOOR THERMOMASTER 0010030657"},"content":{"rendered":"<p>Deze Bulex-pomp is geschikt voor Thermomaster-ketels en garandeert een effici\u00ebnte circulatie van warm water. De hoogeffici\u00ebnte motor vermindert het energieverbruik en verbetert de thermische effici\u00ebntie. Het is eenvoudig te integreren in bestaande systemen en zorgt voor een betrouwbare en stille werking. Een uitstekende keuze om de verwarmingsprestaties te verbeteren. Ideaal voor huishoudelijke en professionele installaties.<\/p>","protected":false},"excerpt":{"rendered":"<p>Bulex HOOG RENDEMENT POMP VOOR THERMOMASTER 0010030657<\/p>","protected":false},"featured_media":21939,"comment_status":"open","ping_status":"closed","template":"","meta":[],"product_brand":[],"product_cat":[9509,8842],"product_tag":[],"class_list":{"0":"post-19603","1":"product","2":"type-product","3":"status-publish","4":"has-post-thumbnail","6":"product_cat-bulex-reserveonderdelen","7":"product_cat-test-nl","8":"pa_marque-bulex","10":"first","11":"instock","12":"sale","13":"taxable","14":"shipping-taxable","15":"purchasable","16":"product-type-simple"},"aioseo_notices":[],"_links":{"self":[{"href":"https:\/\/promochaudiere.be\/nl\/wp-json\/wp\/v2\/product\/19603","targetHints":{"allow":["GET"]}}],"collection":[{"href":"https:\/\/promochaudiere.be\/nl\/wp-json\/wp\/v2\/product"}],"about":[{"href":"https:\/\/promochaudiere.be\/nl\/wp-json\/wp\/v2\/types\/product"}],"replies":[{"embeddable":true,"href":"https:\/\/promochaudiere.be\/nl\/wp-json\/wp\/v2\/comments?post=19603"}],"version-history":[{"count":1,"href":"https:\/\/promochaudiere.be\/nl\/wp-json\/wp\/v2\/product\/19603\/revisions"}],"predecessor-version":[{"id":42902,"href":"https:\/\/promochaudiere.be\/nl\/wp-json\/wp\/v2\/product\/19603\/revisions\/42902"}],"wp:featuredmedia":[{"embeddable":true,"href":"https:\/\/promochaudiere.be\/nl\/wp-json\/wp\/v2\/media\/21939"}],"wp:attachment":[{"href":"https:\/\/promochaudiere.be\/nl\/wp-json\/wp\/v2\/media?parent=19603"}],"wp:term":[{"taxonomy":"product_brand","embeddable":true,"href":"https:\/\/promochaudiere.be\/nl\/wp-json\/wp\/v2\/product_brand?post=19603"},{"taxonomy":"product_cat","embeddable":true,"href":"https:\/\/promochaudiere.be\/nl\/wp-json\/wp\/v2\/product_cat?post=19603"},{"taxonomy":"product_tag","embeddable":true,"href":"https:\/\/promochaudiere.be\/nl\/wp-json\/wp\/v2\/product_tag?post=19603"}],"curies":[{"name":"wp","href":"https:\/\/api.w.org\/{rel}","templated":true}]}}