{"id":19672,"date":"2025-01-31T16:34:07","date_gmt":"2025-01-31T16:34:07","guid":{"rendered":"https:\/\/promochaudiere.be\/?post_type=product&#038;p=19672"},"modified":"2026-02-03T19:28:39","modified_gmt":"2026-02-03T18:28:39","slug":"comap-combinatie-thermostatische-enkele-buis-wandbosch-1-2-m22-rk8096046","status":"publish","type":"product","link":"https:\/\/promochaudiere.be\/nl\/product\/comap-combinatie-thermostatische-enkele-buis-wandbosch-1-2-m22-rk8096046\/","title":{"rendered":"Comap COMBINATIE THERMOSTATISCHE ENKELE BUIS WAND+BOSCH 1\/2&Prime;-M22 RK8096046"},"content":{"rendered":"<p>Deze Comap-kit is ontworpen voor circuits met \u00e9\u00e9n buis en zorgt voor een nauwkeurige temperatuurregeling dankzij de ge\u00efntegreerde thermostaat. De wandmontage en elleboog vergemakkelijken de installatie in centrale verwarmingssystemen.<\/p>","protected":false},"excerpt":{"rendered":"<p>Comap COMBINATIE THERMOSTATISCHE ENKELE BUIS WAND+BOSCH 1\/2&Prime;-M22 RK8096046<\/p>","protected":false},"featured_media":22001,"comment_status":"open","ping_status":"closed","template":"","meta":[],"product_brand":[],"product_cat":[976,8842],"product_tag":[],"class_list":{"0":"post-19672","1":"product","2":"type-product","3":"status-publish","4":"has-post-thumbnail","6":"product_cat-accessoires-radiatoren","7":"product_cat-test-nl","8":"pa_marque-comap","10":"first","11":"instock","12":"sale","13":"taxable","14":"shipping-taxable","15":"purchasable","16":"product-type-simple"},"aioseo_notices":[],"_links":{"self":[{"href":"https:\/\/promochaudiere.be\/nl\/wp-json\/wp\/v2\/product\/19672","targetHints":{"allow":["GET"]}}],"collection":[{"href":"https:\/\/promochaudiere.be\/nl\/wp-json\/wp\/v2\/product"}],"about":[{"href":"https:\/\/promochaudiere.be\/nl\/wp-json\/wp\/v2\/types\/product"}],"replies":[{"embeddable":true,"href":"https:\/\/promochaudiere.be\/nl\/wp-json\/wp\/v2\/comments?post=19672"}],"version-history":[{"count":1,"href":"https:\/\/promochaudiere.be\/nl\/wp-json\/wp\/v2\/product\/19672\/revisions"}],"predecessor-version":[{"id":42857,"href":"https:\/\/promochaudiere.be\/nl\/wp-json\/wp\/v2\/product\/19672\/revisions\/42857"}],"wp:featuredmedia":[{"embeddable":true,"href":"https:\/\/promochaudiere.be\/nl\/wp-json\/wp\/v2\/media\/22001"}],"wp:attachment":[{"href":"https:\/\/promochaudiere.be\/nl\/wp-json\/wp\/v2\/media?parent=19672"}],"wp:term":[{"taxonomy":"product_brand","embeddable":true,"href":"https:\/\/promochaudiere.be\/nl\/wp-json\/wp\/v2\/product_brand?post=19672"},{"taxonomy":"product_cat","embeddable":true,"href":"https:\/\/promochaudiere.be\/nl\/wp-json\/wp\/v2\/product_cat?post=19672"},{"taxonomy":"product_tag","embeddable":true,"href":"https:\/\/promochaudiere.be\/nl\/wp-json\/wp\/v2\/product_tag?post=19672"}],"curies":[{"name":"wp","href":"https:\/\/api.w.org\/{rel}","templated":true}]}}