{"id":19927,"date":"2025-02-03T14:52:31","date_gmt":"2025-02-03T14:52:31","guid":{"rendered":"https:\/\/promochaudiere.be\/?post_type=product&#038;p=19927"},"modified":"2026-02-03T19:28:20","modified_gmt":"2026-02-03T18:28:20","slug":"noha-saval-4-4-30m-2112157-vaste-haspel","status":"publish","type":"product","link":"https:\/\/promochaudiere.be\/nl\/product\/noha-saval-4-4-30m-2112157-vaste-haspel\/","title":{"rendered":"NOHA SAVAL 4\/4&Prime;-30M 2112157 VASTE HASPEL"},"content":{"rendered":"<p>Met deze vaste brandslanghaspel heeft u snel en effici\u00ebnt toegang tot een brandslang. Het is ontworpen voor installatie in industri\u00eble en commerci\u00eble gebouwen. De stevige ondersteuning garandeert een stabiele en veilige bevestiging. De 30 meter lange slang biedt een groot dekkingsgebied in noodgevallen. Gemakkelijk te hanteren, zorgt ervoor dat de slang soepel afrolt. Een essentieel hulpmiddel voor brandbeveiliging.<\/p>","protected":false},"excerpt":{"rendered":"<p>NOHA SAVAL 4\/4&Prime;-30M 2112157 VASTE HASPEL<\/p>","protected":false},"featured_media":21117,"comment_status":"open","ping_status":"closed","template":"","meta":[],"product_brand":[],"product_cat":[7307],"product_tag":[],"class_list":{"0":"post-19927","1":"product","2":"type-product","3":"status-publish","4":"has-post-thumbnail","6":"product_cat-brandbeveiliging","8":"first","9":"instock","10":"sale","11":"taxable","12":"shipping-taxable","13":"purchasable","14":"product-type-simple"},"aioseo_notices":[],"_links":{"self":[{"href":"https:\/\/promochaudiere.be\/nl\/wp-json\/wp\/v2\/product\/19927","targetHints":{"allow":["GET"]}}],"collection":[{"href":"https:\/\/promochaudiere.be\/nl\/wp-json\/wp\/v2\/product"}],"about":[{"href":"https:\/\/promochaudiere.be\/nl\/wp-json\/wp\/v2\/types\/product"}],"replies":[{"embeddable":true,"href":"https:\/\/promochaudiere.be\/nl\/wp-json\/wp\/v2\/comments?post=19927"}],"version-history":[{"count":1,"href":"https:\/\/promochaudiere.be\/nl\/wp-json\/wp\/v2\/product\/19927\/revisions"}],"predecessor-version":[{"id":52147,"href":"https:\/\/promochaudiere.be\/nl\/wp-json\/wp\/v2\/product\/19927\/revisions\/52147"}],"wp:featuredmedia":[{"embeddable":true,"href":"https:\/\/promochaudiere.be\/nl\/wp-json\/wp\/v2\/media\/21117"}],"wp:attachment":[{"href":"https:\/\/promochaudiere.be\/nl\/wp-json\/wp\/v2\/media?parent=19927"}],"wp:term":[{"taxonomy":"product_brand","embeddable":true,"href":"https:\/\/promochaudiere.be\/nl\/wp-json\/wp\/v2\/product_brand?post=19927"},{"taxonomy":"product_cat","embeddable":true,"href":"https:\/\/promochaudiere.be\/nl\/wp-json\/wp\/v2\/product_cat?post=19927"},{"taxonomy":"product_tag","embeddable":true,"href":"https:\/\/promochaudiere.be\/nl\/wp-json\/wp\/v2\/product_tag?post=19927"}],"curies":[{"name":"wp","href":"https:\/\/api.w.org\/{rel}","templated":true}]}}